{"id":9621,"date":"2026-02-12T10:57:46","date_gmt":"2026-02-12T10:57:46","guid":{"rendered":"https:\/\/nienumberfast.com\/ansok-om-visum\/"},"modified":"2026-02-12T10:57:46","modified_gmt":"2026-02-12T10:57:46","slug":"ansok-om-visum","status":"publish","type":"page","link":"https:\/\/nienumberfast.com\/sv\/ansok-om-visum\/","title":{"rendered":"Ans\u00f6k om visum"},"content":{"rendered":"\t\t<div data-elementor-type=\"wp-page\" data-elementor-id=\"9621\" class=\"elementor elementor-9621 elementor-9369\" data-elementor-post-type=\"page\">\n\t\t\t\t\t\t<section class=\"elementor-section elementor-top-section elementor-element elementor-element-592c3ae8 elementor-section-content-middle elementor-section-boxed elementor-section-height-default elementor-section-height-default\" data-id=\"592c3ae8\" data-element_type=\"section\" data-e-type=\"section\" data-settings=\"{&quot;_ob_glider_is_slider&quot;:&quot;no&quot;}\">\n\t\t\t\t\t\t<div class=\"elementor-container elementor-column-gap-no\">\n\t\t\t\t\t<div class=\"elementor-column elementor-col-100 elementor-top-column elementor-element elementor-element-400b623d\" data-id=\"400b623d\" data-element_type=\"column\" data-e-type=\"column\" data-settings=\"{&quot;_ob_column_hoveranimator&quot;:&quot;no&quot;,&quot;_ob_column_has_pseudo&quot;:&quot;no&quot;}\">\n\t\t\t<div class=\"elementor-widget-wrap elementor-element-populated\">\n\t\t\t\t\t\t<div class=\"elementor-element elementor-element-7d641ff9 ob-harakiri-inherit ob-has-background-overlay elementor-widget elementor-widget-heading\" data-id=\"7d641ff9\" data-element_type=\"widget\" data-e-type=\"widget\" data-settings=\"{&quot;_ob_use_harakiri&quot;:&quot;yes&quot;,&quot;_ob_harakiri_writing_mode&quot;:&quot;inherit&quot;,&quot;_ob_harakiri_text_clip&quot;:&quot;none&quot;,&quot;_ob_widget_stalker_use&quot;:&quot;no&quot;,&quot;_ob_poopart_use&quot;:&quot;yes&quot;,&quot;_ob_shadough_use&quot;:&quot;no&quot;,&quot;_ob_allow_hoveranimator&quot;:&quot;no&quot;}\" data-widget_type=\"heading.default\">\n\t\t\t\t<div class=\"elementor-widget-container\">\n\t\t\t\t\t<h4 class=\"elementor-heading-title elementor-size-default\"><b>Ans\u00f6k om visum<\/b><\/h4>\t\t\t\t<\/div>\n\t\t\t\t<\/div>\n\t\t\t\t<section class=\"elementor-section elementor-inner-section elementor-element elementor-element-4f1d2fe6 elementor-section-content-middle elementor-section-boxed elementor-section-height-default elementor-section-height-default\" data-id=\"4f1d2fe6\" data-element_type=\"section\" data-e-type=\"section\" data-settings=\"{&quot;_ob_glider_is_slider&quot;:&quot;no&quot;}\">\n\t\t\t\t\t\t<div class=\"elementor-container elementor-column-gap-no\">\n\t\t\t\t\t<div class=\"elementor-column elementor-col-33 elementor-inner-column elementor-element elementor-element-57a89c9d\" data-id=\"57a89c9d\" data-element_type=\"column\" data-e-type=\"column\" data-settings=\"{&quot;_ob_column_hoveranimator&quot;:&quot;no&quot;,&quot;_ob_column_has_pseudo&quot;:&quot;no&quot;}\">\n\t\t\t<div class=\"elementor-widget-wrap elementor-element-populated\">\n\t\t\t\t\t\t<div class=\"elementor-element elementor-element-995fd21 ob-has-background-overlay elementor-widget elementor-widget-image-box\" data-id=\"995fd21\" data-element_type=\"widget\" data-e-type=\"widget\" data-settings=\"{&quot;_ob_widget_stalker_use&quot;:&quot;no&quot;,&quot;_ob_poopart_use&quot;:&quot;yes&quot;,&quot;_ob_shadough_use&quot;:&quot;no&quot;,&quot;_ob_allow_hoveranimator&quot;:&quot;no&quot;}\" data-widget_type=\"image-box.default\">\n\t\t\t\t<div class=\"elementor-widget-container\">\n\t\t\t\t\t<div class=\"elementor-image-box-wrapper\"><div class=\"elementor-image-box-content\"><h3 class=\"elementor-image-box-title\"><b>VISA no lucrativa<\/b><\/h3><p class=\"elementor-image-box-description\"><p data-start=\"436\" data-end=\"538\">Planerar du att bo i Spanien utan att arbeta, till exempel under pensionen, ett sabbats\u00e5r eller en l\u00e4ngre vistelse?<\/p><ul data-start=\"540\" data-end=\"689\"><li data-start=\"540\" data-end=\"591\"><p data-start=\"542\" data-end=\"591\">Komplett f\u00f6rberedelse och inl\u00e4mning av ans\u00f6kan<\/p><\/li><li data-start=\"592\" data-end=\"641\">\n<p data-start=\"594\" data-end=\"641\">Alla dokument hanteras och levereras digitalt<\/p><\/li><li data-start=\"642\" data-end=\"689\">\n<p data-start=\"644\" data-end=\"689\">Officiella \u00f6vers\u00e4ttningar ing\u00e5r (v\u00e4rde 100 \u20ac)<\/p><\/li><\/ul><p data-start=\"691\" data-end=\"880\">Detta visum \u00e4r idealiskt om du har tillr\u00e4ckliga ekonomiska medel och vill ha en smidig, stressfri ans\u00f6kan. Vi guidar dig genom varje steg och ser till att din ans\u00f6kan uppfyller alla spanska krav. <\/p><\/p><\/div><\/div>\t\t\t\t<\/div>\n\t\t\t\t<\/div>\n\t\t\t\t<div class=\"elementor-element elementor-element-cf42699 elementor-align-center ob-has-background-overlay elementor-widget elementor-widget-button\" data-id=\"cf42699\" data-element_type=\"widget\" data-e-type=\"widget\" data-settings=\"{&quot;_ob_butterbutton_use_it&quot;:&quot;no&quot;,&quot;_ob_widget_stalker_use&quot;:&quot;no&quot;,&quot;_ob_poopart_use&quot;:&quot;yes&quot;,&quot;_ob_shadough_use&quot;:&quot;no&quot;,&quot;_ob_allow_hoveranimator&quot;:&quot;no&quot;}\" data-widget_type=\"button.default\">\n\t\t\t\t<div class=\"elementor-widget-container\">\n\t\t\t\t\t\t\t\t\t<div class=\"elementor-button-wrapper\">\n\t\t\t\t\t<a class=\"elementor-button elementor-button-link elementor-size-sm\" href=\"mailto:info@nienumberfast.com\">\n\t\t\t\t\t\t<span class=\"elementor-button-content-wrapper\">\n\t\t\t\t\t\t\t\t\t<span class=\"elementor-button-text\">Submit contact form<\/span>\n\t\t\t\t\t<\/span>\n\t\t\t\t\t<\/a>\n\t\t\t\t<\/div>\n\t\t\t\t\t\t\t\t<\/div>\n\t\t\t\t<\/div>\n\t\t\t\t\t<\/div>\n\t\t<\/div>\n\t\t\t\t<div class=\"elementor-column elementor-col-33 elementor-inner-column elementor-element elementor-element-27173087\" data-id=\"27173087\" data-element_type=\"column\" data-e-type=\"column\" data-settings=\"{&quot;_ob_column_hoveranimator&quot;:&quot;no&quot;,&quot;_ob_column_has_pseudo&quot;:&quot;no&quot;}\">\n\t\t\t<div class=\"elementor-widget-wrap elementor-element-populated\">\n\t\t\t\t\t\t<div class=\"elementor-element elementor-element-6ddc497b ob-has-background-overlay elementor-widget elementor-widget-image-box\" data-id=\"6ddc497b\" data-element_type=\"widget\" data-e-type=\"widget\" data-settings=\"{&quot;_ob_widget_stalker_use&quot;:&quot;no&quot;,&quot;_ob_poopart_use&quot;:&quot;yes&quot;,&quot;_ob_shadough_use&quot;:&quot;no&quot;,&quot;_ob_allow_hoveranimator&quot;:&quot;no&quot;}\" data-widget_type=\"image-box.default\">\n\t\t\t\t<div class=\"elementor-widget-container\">\n\t\t\t\t\t<div class=\"elementor-image-box-wrapper\"><div class=\"elementor-image-box-content\"><h3 class=\"elementor-image-box-title\"><b>Digital Nomad VISA<\/b><\/h3><p class=\"elementor-image-box-description\"><br><p data-start=\"936\" data-end=\"1004\">Arbeta p\u00e5 distans medan du bor i Spanien och njut av den spanska livsstilen.<\/p><ul data-start=\"1006\" data-end=\"1151\"><li data-start=\"1006\" data-end=\"1053\"><p data-start=\"1008\" data-end=\"1053\">Fullst\u00e4ndig ans\u00f6kan och inl\u00e4mning<\/p><\/li><li data-start=\"1054\" data-end=\"1103\"><p data-start=\"1056\" data-end=\"1103\">Flexibel inl\u00e4mning: UGE eller spanska konsulatet<\/p><\/li><li data-start=\"1104\" data-end=\"1151\"><p data-start=\"1106\" data-end=\"1151\">Officiella \u00f6vers\u00e4ttningar ing\u00e5r (v\u00e4rde 200 \u20ac)<\/p><\/li><\/ul><span style=\"font-size: 16px\">Utformad f\u00f6r distansarbetare, frilansare och entrepren\u00f6rer. Vi ser till att din ans\u00f6kan \u00e4r korrekt, fullst\u00e4ndig och skickas in s\u00e5 snabbt som m\u00f6jligt f\u00f6r att undvika f\u00f6rseningar. <\/span><\/p><\/div><\/div>\t\t\t\t<\/div>\n\t\t\t\t<\/div>\n\t\t\t\t<div class=\"elementor-element elementor-element-a26d202 elementor-align-center ob-has-background-overlay elementor-widget elementor-widget-button\" data-id=\"a26d202\" data-element_type=\"widget\" data-e-type=\"widget\" data-settings=\"{&quot;_ob_butterbutton_use_it&quot;:&quot;no&quot;,&quot;_ob_widget_stalker_use&quot;:&quot;no&quot;,&quot;_ob_poopart_use&quot;:&quot;yes&quot;,&quot;_ob_shadough_use&quot;:&quot;no&quot;,&quot;_ob_allow_hoveranimator&quot;:&quot;no&quot;}\" data-widget_type=\"button.default\">\n\t\t\t\t<div class=\"elementor-widget-container\">\n\t\t\t\t\t\t\t\t\t<div class=\"elementor-button-wrapper\">\n\t\t\t\t\t<a class=\"elementor-button elementor-button-link elementor-size-sm\" href=\"mailto:info@nienumberfast.com\">\n\t\t\t\t\t\t<span class=\"elementor-button-content-wrapper\">\n\t\t\t\t\t\t\t\t\t<span class=\"elementor-button-text\">Submit contact form<\/span>\n\t\t\t\t\t<\/span>\n\t\t\t\t\t<\/a>\n\t\t\t\t<\/div>\n\t\t\t\t\t\t\t\t<\/div>\n\t\t\t\t<\/div>\n\t\t\t\t\t<\/div>\n\t\t<\/div>\n\t\t\t\t<div class=\"elementor-column elementor-col-33 elementor-inner-column elementor-element elementor-element-d3b1edd\" data-id=\"d3b1edd\" data-element_type=\"column\" data-e-type=\"column\" data-settings=\"{&quot;_ob_column_hoveranimator&quot;:&quot;no&quot;,&quot;_ob_column_has_pseudo&quot;:&quot;no&quot;}\">\n\t\t\t<div class=\"elementor-widget-wrap elementor-element-populated\">\n\t\t\t\t\t\t<div class=\"elementor-element elementor-element-70b4ea6 ob-has-background-overlay elementor-widget elementor-widget-image-box\" data-id=\"70b4ea6\" data-element_type=\"widget\" data-e-type=\"widget\" data-settings=\"{&quot;_ob_widget_stalker_use&quot;:&quot;no&quot;,&quot;_ob_poopart_use&quot;:&quot;yes&quot;,&quot;_ob_shadough_use&quot;:&quot;no&quot;,&quot;_ob_allow_hoveranimator&quot;:&quot;no&quot;}\" data-widget_type=\"image-box.default\">\n\t\t\t\t<div class=\"elementor-widget-container\">\n\t\t\t\t\t<div class=\"elementor-image-box-wrapper\"><div class=\"elementor-image-box-content\"><h3 class=\"elementor-image-box-title\"><b>Student VISA<\/b><\/h3><p class=\"elementor-image-box-description\"><p data-start=\"1372\" data-end=\"1428\">Studera, forska eller f\u00f6lj ett utbildningsprogram i Spanien.<\/p><ul data-start=\"1430\" data-end=\"1564\"><li data-start=\"1430\" data-end=\"1477\"><p data-start=\"1432\" data-end=\"1477\">Fullst\u00e4ndig ans\u00f6kan och inl\u00e4mning<\/p><\/li><li data-start=\"1478\" data-end=\"1517\"><p data-start=\"1480\" data-end=\"1517\">Ans\u00f6kan vid ditt lokala konsulat<\/p><\/li><li data-start=\"1518\" data-end=\"1564\"><p data-start=\"1520\" data-end=\"1564\">Officiella \u00f6vers\u00e4ttningar ing\u00e5r (v\u00e4rde 75 \u20ac)<\/p><\/li><\/ul><span style=\"font-size: 16px\">Vi st\u00f6der studenter genom hela processen, fr\u00e5n dokumentf\u00f6rberedelse till inl\u00e4mning, s\u00e5 att du kan fokusera p\u00e5 dina studier medan vi tar hand om pappersarbetet.<\/span><\/p><\/div><\/div>\t\t\t\t<\/div>\n\t\t\t\t<\/div>\n\t\t\t\t<div class=\"elementor-element elementor-element-7bf597a elementor-align-center ob-has-background-overlay elementor-widget elementor-widget-button\" data-id=\"7bf597a\" data-element_type=\"widget\" data-e-type=\"widget\" data-settings=\"{&quot;_ob_butterbutton_use_it&quot;:&quot;no&quot;,&quot;_ob_widget_stalker_use&quot;:&quot;no&quot;,&quot;_ob_poopart_use&quot;:&quot;yes&quot;,&quot;_ob_shadough_use&quot;:&quot;no&quot;,&quot;_ob_allow_hoveranimator&quot;:&quot;no&quot;}\" data-widget_type=\"button.default\">\n\t\t\t\t<div class=\"elementor-widget-container\">\n\t\t\t\t\t\t\t\t\t<div class=\"elementor-button-wrapper\">\n\t\t\t\t\t<a class=\"elementor-button elementor-button-link elementor-size-sm\" href=\"mailto:info@nienumberfast.com\">\n\t\t\t\t\t\t<span class=\"elementor-button-content-wrapper\">\n\t\t\t\t\t\t\t\t\t<span class=\"elementor-button-text\">Submit contact form<\/span>\n\t\t\t\t\t<\/span>\n\t\t\t\t\t<\/a>\n\t\t\t\t<\/div>\n\t\t\t\t\t\t\t\t<\/div>\n\t\t\t\t<\/div>\n\t\t\t\t\t<\/div>\n\t\t<\/div>\n\t\t\t\t\t<\/div>\n\t\t<\/section>\n\t\t\t\t\t<\/div>\n\t\t<\/div>\n\t\t\t\t\t<\/div>\n\t\t<\/section>\n\t\t\t\t<\/div>\n\t\t","protected":false},"excerpt":{"rendered":"<p>Ans\u00f6k om visum VISA no lucrativa Planerar du att bo i Spanien utan att arbeta, till exempel under pensionen, ett sabbats\u00e5r eller en l\u00e4ngre vistelse? Komplett f\u00f6rberedelse och inl\u00e4mning av ans\u00f6kan Alla dokument hanteras och levereras digitalt Officiella \u00f6vers\u00e4ttningar ing\u00e5r (v\u00e4rde 100 \u20ac) Detta visum \u00e4r idealiskt om du har tillr\u00e4ckliga ekonomiska medel och vill &hellip;<\/p>\n<p class=\"read-more\"> <a class=\"\" href=\"https:\/\/nienumberfast.com\/sv\/ansok-om-visum\/\"> <span class=\"screen-reader-text\">Ans\u00f6k om visum<\/span> Read More \u00bb<\/a><\/p>\n","protected":false},"author":28,"featured_media":0,"parent":0,"menu_order":0,"comment_status":"closed","ping_status":"closed","template":"","meta":{"site-sidebar-layout":"no-sidebar","site-content-layout":"page-builder","ast-global-header-display":"","ast-main-header-display":"","ast-hfb-above-header-display":"","ast-hfb-below-header-display":"","ast-hfb-mobile-header-display":"","site-post-title":"disabled","ast-breadcrumbs-content":"","ast-featured-img":"disabled","footer-sml-layout":"","theme-transparent-header-meta":"","adv-header-id-meta":"","stick-header-meta":"","header-above-stick-meta":"","header-main-stick-meta":"","header-below-stick-meta":"","footnotes":""},"class_list":["post-9621","page","type-page","status-publish","hentry"],"yoast_head":"<!-- This site is optimized with the Yoast SEO Premium plugin v20.5 (Yoast SEO v27.0) - https:\/\/yoast.com\/product\/yoast-seo-premium-wordpress\/ -->\n<title>Ans\u00f6k om visum - NIE Number Fast<\/title>\n<meta name=\"robots\" content=\"index, follow, max-snippet:-1, max-image-preview:large, max-video-preview:-1\" \/>\n<link rel=\"canonical\" href=\"https:\/\/nienumberfast.com\/sv\/ansok-om-visum\/\" \/>\n<meta property=\"og:locale\" content=\"sv_SE\" \/>\n<meta property=\"og:type\" content=\"article\" \/>\n<meta property=\"og:title\" content=\"Ans\u00f6k om visum\" \/>\n<meta property=\"og:description\" content=\"Ans\u00f6k om visum VISA no lucrativa Planerar du att bo i Spanien utan att arbeta, till exempel under pensionen, ett sabbats\u00e5r eller en l\u00e4ngre vistelse? Komplett f\u00f6rberedelse och inl\u00e4mning av ans\u00f6kan Alla dokument hanteras och levereras digitalt Officiella \u00f6vers\u00e4ttningar ing\u00e5r (v\u00e4rde 100 \u20ac) Detta visum \u00e4r idealiskt om du har tillr\u00e4ckliga ekonomiska medel och vill &hellip; Ans\u00f6k om visum Read More \u00bb\" \/>\n<meta property=\"og:url\" content=\"https:\/\/nienumberfast.com\/sv\/ansok-om-visum\/\" \/>\n<meta property=\"og:site_name\" content=\"NIE Number Fast\" \/>\n<meta name=\"twitter:card\" content=\"summary_large_image\" \/>\n<meta name=\"twitter:label1\" content=\"Ber\u00e4knad l\u00e4stid\" \/>\n\t<meta name=\"twitter:data1\" content=\"1 minut\" \/>\n<script type=\"application\/ld+json\" class=\"yoast-schema-graph\">{\"@context\":\"https:\/\/schema.org\",\"@graph\":[{\"@type\":\"WebPage\",\"@id\":\"https:\/\/nienumberfast.com\/sv\/ansok-om-visum\/\",\"url\":\"https:\/\/nienumberfast.com\/sv\/ansok-om-visum\/\",\"name\":\"Ans\u00f6k om visum - NIE Number Fast\",\"isPartOf\":{\"@id\":\"https:\/\/nienumberfast.com\/#website\"},\"datePublished\":\"2026-02-12T10:57:46+00:00\",\"breadcrumb\":{\"@id\":\"https:\/\/nienumberfast.com\/sv\/ansok-om-visum\/#breadcrumb\"},\"inLanguage\":\"sv-SE\",\"potentialAction\":[{\"@type\":\"ReadAction\",\"target\":[\"https:\/\/nienumberfast.com\/sv\/ansok-om-visum\/\"]}]},{\"@type\":\"BreadcrumbList\",\"@id\":\"https:\/\/nienumberfast.com\/sv\/ansok-om-visum\/#breadcrumb\",\"itemListElement\":[{\"@type\":\"ListItem\",\"position\":1,\"name\":\"Home\",\"item\":\"https:\/\/nienumberfast.com\/sv\/nie-nummer-snabb-nie-nummer-online-ansokan\/\"},{\"@type\":\"ListItem\",\"position\":2,\"name\":\"Ans\u00f6k om visum\"}]},{\"@type\":\"WebSite\",\"@id\":\"https:\/\/nienumberfast.com\/#website\",\"url\":\"https:\/\/nienumberfast.com\/\",\"name\":\"NIE Number Fast\",\"description\":\"Online NIE Number Application Service\",\"publisher\":{\"@id\":\"https:\/\/nienumberfast.com\/#organization\"},\"potentialAction\":[{\"@type\":\"SearchAction\",\"target\":{\"@type\":\"EntryPoint\",\"urlTemplate\":\"https:\/\/nienumberfast.com\/?s={search_term_string}\"},\"query-input\":{\"@type\":\"PropertyValueSpecification\",\"valueRequired\":true,\"valueName\":\"search_term_string\"}}],\"inLanguage\":\"sv-SE\"},{\"@type\":\"Organization\",\"@id\":\"https:\/\/nienumberfast.com\/#organization\",\"name\":\"NIE Number Fast\",\"url\":\"https:\/\/nienumberfast.com\/\",\"logo\":{\"@type\":\"ImageObject\",\"inLanguage\":\"sv-SE\",\"@id\":\"https:\/\/nienumberfast.com\/#\/schema\/logo\/image\/\",\"url\":\"https:\/\/nienumberfast.com\/wp-content\/uploads\/2020\/12\/cropped-NIE-Number-Fast-favicon-3.png\",\"contentUrl\":\"https:\/\/nienumberfast.com\/wp-content\/uploads\/2020\/12\/cropped-NIE-Number-Fast-favicon-3.png\",\"width\":335,\"height\":238,\"caption\":\"NIE Number Fast\"},\"image\":{\"@id\":\"https:\/\/nienumberfast.com\/#\/schema\/logo\/image\/\"}}]}<\/script>\n<!-- \/ Yoast SEO Premium plugin. -->","yoast_head_json":{"title":"Ans\u00f6k om visum - NIE Number Fast","robots":{"index":"index","follow":"follow","max-snippet":"max-snippet:-1","max-image-preview":"max-image-preview:large","max-video-preview":"max-video-preview:-1"},"canonical":"https:\/\/nienumberfast.com\/sv\/ansok-om-visum\/","og_locale":"sv_SE","og_type":"article","og_title":"Ans\u00f6k om visum","og_description":"Ans\u00f6k om visum VISA no lucrativa Planerar du att bo i Spanien utan att arbeta, till exempel under pensionen, ett sabbats\u00e5r eller en l\u00e4ngre vistelse? Komplett f\u00f6rberedelse och inl\u00e4mning av ans\u00f6kan Alla dokument hanteras och levereras digitalt Officiella \u00f6vers\u00e4ttningar ing\u00e5r (v\u00e4rde 100 \u20ac) Detta visum \u00e4r idealiskt om du har tillr\u00e4ckliga ekonomiska medel och vill &hellip; Ans\u00f6k om visum Read More \u00bb","og_url":"https:\/\/nienumberfast.com\/sv\/ansok-om-visum\/","og_site_name":"NIE Number Fast","twitter_card":"summary_large_image","twitter_misc":{"Ber\u00e4knad l\u00e4stid":"1 minut"},"schema":{"@context":"https:\/\/schema.org","@graph":[{"@type":"WebPage","@id":"https:\/\/nienumberfast.com\/sv\/ansok-om-visum\/","url":"https:\/\/nienumberfast.com\/sv\/ansok-om-visum\/","name":"Ans\u00f6k om visum - NIE Number Fast","isPartOf":{"@id":"https:\/\/nienumberfast.com\/#website"},"datePublished":"2026-02-12T10:57:46+00:00","breadcrumb":{"@id":"https:\/\/nienumberfast.com\/sv\/ansok-om-visum\/#breadcrumb"},"inLanguage":"sv-SE","potentialAction":[{"@type":"ReadAction","target":["https:\/\/nienumberfast.com\/sv\/ansok-om-visum\/"]}]},{"@type":"BreadcrumbList","@id":"https:\/\/nienumberfast.com\/sv\/ansok-om-visum\/#breadcrumb","itemListElement":[{"@type":"ListItem","position":1,"name":"Home","item":"https:\/\/nienumberfast.com\/sv\/nie-nummer-snabb-nie-nummer-online-ansokan\/"},{"@type":"ListItem","position":2,"name":"Ans\u00f6k om visum"}]},{"@type":"WebSite","@id":"https:\/\/nienumberfast.com\/#website","url":"https:\/\/nienumberfast.com\/","name":"NIE Number Fast","description":"Online NIE Number Application Service","publisher":{"@id":"https:\/\/nienumberfast.com\/#organization"},"potentialAction":[{"@type":"SearchAction","target":{"@type":"EntryPoint","urlTemplate":"https:\/\/nienumberfast.com\/?s={search_term_string}"},"query-input":{"@type":"PropertyValueSpecification","valueRequired":true,"valueName":"search_term_string"}}],"inLanguage":"sv-SE"},{"@type":"Organization","@id":"https:\/\/nienumberfast.com\/#organization","name":"NIE Number Fast","url":"https:\/\/nienumberfast.com\/","logo":{"@type":"ImageObject","inLanguage":"sv-SE","@id":"https:\/\/nienumberfast.com\/#\/schema\/logo\/image\/","url":"https:\/\/nienumberfast.com\/wp-content\/uploads\/2020\/12\/cropped-NIE-Number-Fast-favicon-3.png","contentUrl":"https:\/\/nienumberfast.com\/wp-content\/uploads\/2020\/12\/cropped-NIE-Number-Fast-favicon-3.png","width":335,"height":238,"caption":"NIE Number Fast"},"image":{"@id":"https:\/\/nienumberfast.com\/#\/schema\/logo\/image\/"}}]}},"_links":{"self":[{"href":"https:\/\/nienumberfast.com\/sv\/wp-json\/wp\/v2\/pages\/9621","targetHints":{"allow":["GET"]}}],"collection":[{"href":"https:\/\/nienumberfast.com\/sv\/wp-json\/wp\/v2\/pages"}],"about":[{"href":"https:\/\/nienumberfast.com\/sv\/wp-json\/wp\/v2\/types\/page"}],"author":[{"embeddable":true,"href":"https:\/\/nienumberfast.com\/sv\/wp-json\/wp\/v2\/users\/28"}],"replies":[{"embeddable":true,"href":"https:\/\/nienumberfast.com\/sv\/wp-json\/wp\/v2\/comments?post=9621"}],"version-history":[{"count":1,"href":"https:\/\/nienumberfast.com\/sv\/wp-json\/wp\/v2\/pages\/9621\/revisions"}],"predecessor-version":[{"id":9622,"href":"https:\/\/nienumberfast.com\/sv\/wp-json\/wp\/v2\/pages\/9621\/revisions\/9622"}],"wp:attachment":[{"href":"https:\/\/nienumberfast.com\/sv\/wp-json\/wp\/v2\/media?parent=9621"}],"curies":[{"name":"wp","href":"https:\/\/api.w.org\/{rel}","templated":true}]}}