{"id":8827,"date":"2026-01-27T18:15:48","date_gmt":"2026-01-27T18:15:48","guid":{"rendered":"https:\/\/nienumberfast.com\/100-nej-bra-pengar-tillbaka-garanti\/"},"modified":"2026-01-27T18:15:48","modified_gmt":"2026-01-27T18:15:48","slug":"100-nej-bra-pengar-tillbaka-garanti","status":"publish","type":"page","link":"https:\/\/nienumberfast.com\/sv\/100-nej-bra-pengar-tillbaka-garanti\/","title":{"rendered":"100 % Nej Bra Pengar Tillbaka Garanti"},"content":{"rendered":"\t\t<div data-elementor-type=\"wp-page\" data-elementor-id=\"8827\" class=\"elementor elementor-8827 elementor-1099\" data-elementor-post-type=\"page\">\n\t\t\t\t\t\t<section class=\"elementor-section elementor-top-section elementor-element elementor-element-61230415 elementor-section-boxed elementor-section-height-default elementor-section-height-default\" data-id=\"61230415\" data-element_type=\"section\" data-e-type=\"section\" data-settings=\"{&quot;_ob_glider_is_slider&quot;:&quot;no&quot;}\">\n\t\t\t\t\t\t\t<div class=\"elementor-background-overlay\"><\/div>\n\t\t\t\t\t\t\t<div class=\"elementor-container elementor-column-gap-default\">\n\t\t\t\t\t<div class=\"elementor-column elementor-col-100 elementor-top-column elementor-element elementor-element-81794b2\" data-id=\"81794b2\" data-element_type=\"column\" data-e-type=\"column\" data-settings=\"{&quot;_ob_column_hoveranimator&quot;:&quot;no&quot;,&quot;_ob_column_has_pseudo&quot;:&quot;no&quot;}\">\n\t\t\t<div class=\"elementor-widget-wrap elementor-element-populated\">\n\t\t\t\t\t\t<div class=\"elementor-element elementor-element-72079bc9 ob-harakiri-inherit ob-has-background-overlay elementor-widget elementor-widget-text-editor\" data-id=\"72079bc9\" data-element_type=\"widget\" data-e-type=\"widget\" data-settings=\"{&quot;_ob_use_harakiri&quot;:&quot;yes&quot;,&quot;_ob_harakiri_writing_mode&quot;:&quot;inherit&quot;,&quot;_ob_postman_use&quot;:&quot;no&quot;,&quot;_ob_widget_stalker_use&quot;:&quot;no&quot;,&quot;_ob_poopart_use&quot;:&quot;yes&quot;,&quot;_ob_shadough_use&quot;:&quot;no&quot;,&quot;_ob_allow_hoveranimator&quot;:&quot;no&quot;}\" data-widget_type=\"text-editor.default\">\n\t\t\t\t<div class=\"elementor-widget-container\">\n\t\t\t\t\t\t\t\t\t<h1>Pengarna-tillbaka-garanti<\/h1>\n<p>Ett spanskt NIE-nummer \u00e4r en fr\u00e5ga om f\u00f6rtroende och vi vill att du ska vara 100 % n\u00f6jd. D\u00e4rf\u00f6r erbjuder vi dig denna pengarna-tillbaka-garanti under f\u00f6ljande villkor: <\/p>\n<p><strong>Villkor:<\/strong><br \/>Du tillhandah\u00e5ller oss de n\u00f6dv\u00e4ndiga dokumenten i \u00f6nskad form och i fullst\u00e4ndig form. Ingen \u00e5terbetalning: Om din ans\u00f6kan redan \u00e4r under behandling och du vill avbryta ans\u00f6kan av personliga sk\u00e4l. Om din ans\u00f6kan l\u00e4mnades in till oss f\u00f6r mer \u00e4n fyra veckor sedan.  <\/p>\n<p style=\"font-size: 18px; font-style: normal; font-weight: 400;\">Om myndigheterna avsl\u00e5r din ans\u00f6kan om NIE-nummer eller st\u00e4ller nya krav, \u00e4r detta force majeure f\u00f6r NIE Number Fast SL. <span style=\"font-size: 18px;\">Vi f\u00f6rs\u00f6ker d\u00e5 tillsammans med dig hitta en l\u00e4mplig l\u00f6sning.<\/span><\/p>\n\t\t\t\t\t\t\t\t<\/div>\n\t\t\t\t<\/div>\n\t\t\t\t<div class=\"elementor-element elementor-element-cb559a7 elementor-align-left ob-has-background-overlay elementor-widget elementor-widget-global elementor-global-5526 elementor-widget-button\" data-id=\"cb559a7\" data-element_type=\"widget\" data-e-type=\"widget\" data-settings=\"{&quot;_ob_butterbutton_use_it&quot;:&quot;no&quot;,&quot;_ob_widget_stalker_use&quot;:&quot;no&quot;,&quot;_ob_poopart_use&quot;:&quot;yes&quot;,&quot;_ob_shadough_use&quot;:&quot;no&quot;,&quot;_ob_allow_hoveranimator&quot;:&quot;no&quot;}\" data-widget_type=\"button.default\">\n\t\t\t\t<div class=\"elementor-widget-container\">\n\t\t\t\t\t\t\t\t\t<div class=\"elementor-button-wrapper\">\n\t\t\t\t\t<a class=\"elementor-button elementor-button-link elementor-size-md\" href=\"https:\/\/nienumberfast.com\/nl#price\">\n\t\t\t\t\t\t<span class=\"elementor-button-content-wrapper\">\n\t\t\t\t\t\t<span class=\"elementor-button-icon\">\n\t\t\t\t<i aria-hidden=\"true\" class=\"fas fa-chevron-right\"><\/i>\t\t\t<\/span>\n\t\t\t\t\t\t\t\t\t<span class=\"elementor-button-text\">NIE-nummer aanvragen<\/span>\n\t\t\t\t\t<\/span>\n\t\t\t\t\t<\/a>\n\t\t\t\t<\/div>\n\t\t\t\t\t\t\t\t<\/div>\n\t\t\t\t<\/div>\n\t\t\t\t<div class=\"elementor-element elementor-element-31f1d6e ob-harakiri-inherit ob-has-background-overlay elementor-widget elementor-widget-global elementor-global-5529 elementor-widget-text-editor\" data-id=\"31f1d6e\" data-element_type=\"widget\" data-e-type=\"widget\" data-settings=\"{&quot;_ob_use_harakiri&quot;:&quot;yes&quot;,&quot;_ob_harakiri_writing_mode&quot;:&quot;inherit&quot;,&quot;_ob_postman_use&quot;:&quot;no&quot;,&quot;_ob_widget_stalker_use&quot;:&quot;no&quot;,&quot;_ob_poopart_use&quot;:&quot;yes&quot;,&quot;_ob_shadough_use&quot;:&quot;no&quot;,&quot;_ob_allow_hoveranimator&quot;:&quot;no&quot;}\" data-widget_type=\"text-editor.default\">\n\t\t\t\t<div class=\"elementor-widget-container\">\n\t\t\t\t\t\t\t\t\t<p>* Klaar in 3 minuten<\/p><p>\u00a0<\/p>\t\t\t\t\t\t\t\t<\/div>\n\t\t\t\t<\/div>\n\t\t\t\t<div class=\"elementor-element elementor-element-a6983bb ob-has-background-overlay elementor-widget elementor-widget-shortcode\" data-id=\"a6983bb\" data-element_type=\"widget\" data-e-type=\"widget\" data-settings=\"{&quot;_ob_widget_stalker_use&quot;:&quot;no&quot;,&quot;_ob_poopart_use&quot;:&quot;yes&quot;,&quot;_ob_shadough_use&quot;:&quot;no&quot;,&quot;_ob_allow_hoveranimator&quot;:&quot;no&quot;}\" data-widget_type=\"shortcode.default\">\n\t\t\t\t<div class=\"elementor-widget-container\">\n\t\t\t\t\t\t\t<div class=\"elementor-shortcode\"><div data-src=\"https:\/\/cdn.trustindex.io\/loader.js?57a62cb28ecc4197f85f7977fd\"><\/div><\/div>\n\t\t\t\t\t\t<\/div>\n\t\t\t\t<\/div>\n\t\t\t\t\t<\/div>\n\t\t<\/div>\n\t\t\t\t\t<\/div>\n\t\t<\/section>\n\t\t\t\t<\/div>\n\t\t","protected":false},"excerpt":{"rendered":"<p>Pengarna-tillbaka-garanti Ett spanskt NIE-nummer \u00e4r en fr\u00e5ga om f\u00f6rtroende och vi vill att du ska vara 100 % n\u00f6jd. D\u00e4rf\u00f6r erbjuder vi dig denna pengarna-tillbaka-garanti under f\u00f6ljande villkor: Villkor:Du tillhandah\u00e5ller oss de n\u00f6dv\u00e4ndiga dokumenten i \u00f6nskad form och i fullst\u00e4ndig form. Ingen \u00e5terbetalning: Om din ans\u00f6kan redan \u00e4r under behandling och du vill avbryta ans\u00f6kan &hellip;<\/p>\n<p class=\"read-more\"> <a class=\"\" href=\"https:\/\/nienumberfast.com\/sv\/100-nej-bra-pengar-tillbaka-garanti\/\"> <span class=\"screen-reader-text\">100 % Nej Bra Pengar Tillbaka Garanti<\/span> Read More \u00bb<\/a><\/p>\n","protected":false},"author":1,"featured_media":0,"parent":0,"menu_order":0,"comment_status":"closed","ping_status":"closed","template":"","meta":{"site-sidebar-layout":"no-sidebar","site-content-layout":"page-builder","ast-global-header-display":"","ast-main-header-display":"","ast-hfb-above-header-display":"","ast-hfb-below-header-display":"","ast-hfb-mobile-header-display":"","site-post-title":"disabled","ast-breadcrumbs-content":"","ast-featured-img":"disabled","footer-sml-layout":"","theme-transparent-header-meta":"default","adv-header-id-meta":"","stick-header-meta":"default","header-above-stick-meta":"","header-main-stick-meta":"","header-below-stick-meta":"","footnotes":""},"class_list":["post-8827","page","type-page","status-publish","hentry"],"yoast_head":"<!-- This site is optimized with the Yoast SEO Premium plugin v20.5 (Yoast SEO v27.0) - https:\/\/yoast.com\/product\/yoast-seo-premium-wordpress\/ -->\n<title>100 % Nej Bra Pengar Tillbaka Garanti<\/title>\n<meta name=\"description\" content=\"Ett NIE-nummer \u00e4r en fr\u00e5ga om f\u00f6rtroende och vi vill att du ska vara 100 % n\u00f6jd. D\u00e4rf\u00f6r garanterar vi pengarna-tillbaka-garanti.\" \/>\n<meta name=\"robots\" content=\"index, follow, max-snippet:-1, max-image-preview:large, max-video-preview:-1\" \/>\n<link rel=\"canonical\" href=\"https:\/\/nienumberfast.com\/sv\/100-nej-bra-pengar-tillbaka-garanti\/\" \/>\n<meta property=\"og:locale\" content=\"sv_SE\" \/>\n<meta property=\"og:type\" content=\"article\" \/>\n<meta property=\"og:title\" content=\"100 % Nej Bra Pengar Tillbaka Garanti\" \/>\n<meta property=\"og:description\" content=\"Ett NIE-nummer \u00e4r en fr\u00e5ga om f\u00f6rtroende och vi vill att du ska vara 100 % n\u00f6jd. D\u00e4rf\u00f6r garanterar vi pengarna-tillbaka-garanti.\" \/>\n<meta property=\"og:url\" content=\"https:\/\/nienumberfast.com\/sv\/100-nej-bra-pengar-tillbaka-garanti\/\" \/>\n<meta property=\"og:site_name\" content=\"NIE Number Fast\" \/>\n<meta name=\"twitter:card\" content=\"summary_large_image\" \/>\n<meta name=\"twitter:label1\" content=\"Ber\u00e4knad l\u00e4stid\" \/>\n\t<meta name=\"twitter:data1\" content=\"1 minut\" \/>\n<script type=\"application\/ld+json\" class=\"yoast-schema-graph\">{\"@context\":\"https:\/\/schema.org\",\"@graph\":[{\"@type\":\"WebPage\",\"@id\":\"https:\/\/nienumberfast.com\/sv\/100-nej-bra-pengar-tillbaka-garanti\/\",\"url\":\"https:\/\/nienumberfast.com\/sv\/100-nej-bra-pengar-tillbaka-garanti\/\",\"name\":\"100 % Nej Bra Pengar Tillbaka Garanti\",\"isPartOf\":{\"@id\":\"https:\/\/nienumberfast.com\/#website\"},\"datePublished\":\"2026-01-27T18:15:48+00:00\",\"description\":\"Ett NIE-nummer \u00e4r en fr\u00e5ga om f\u00f6rtroende och vi vill att du ska vara 100 % n\u00f6jd. D\u00e4rf\u00f6r garanterar vi pengarna-tillbaka-garanti.\",\"breadcrumb\":{\"@id\":\"https:\/\/nienumberfast.com\/sv\/100-nej-bra-pengar-tillbaka-garanti\/#breadcrumb\"},\"inLanguage\":\"sv-SE\",\"potentialAction\":[{\"@type\":\"ReadAction\",\"target\":[\"https:\/\/nienumberfast.com\/sv\/100-nej-bra-pengar-tillbaka-garanti\/\"]}]},{\"@type\":\"BreadcrumbList\",\"@id\":\"https:\/\/nienumberfast.com\/sv\/100-nej-bra-pengar-tillbaka-garanti\/#breadcrumb\",\"itemListElement\":[{\"@type\":\"ListItem\",\"position\":1,\"name\":\"Home\",\"item\":\"https:\/\/nienumberfast.com\/sv\/nie-nummer-snabb-nie-nummer-online-ansokan\/\"},{\"@type\":\"ListItem\",\"position\":2,\"name\":\"100 % Nej Bra Pengar Tillbaka Garanti\"}]},{\"@type\":\"WebSite\",\"@id\":\"https:\/\/nienumberfast.com\/#website\",\"url\":\"https:\/\/nienumberfast.com\/\",\"name\":\"NIE Number Fast\",\"description\":\"Online NIE Number Application Service\",\"publisher\":{\"@id\":\"https:\/\/nienumberfast.com\/#organization\"},\"potentialAction\":[{\"@type\":\"SearchAction\",\"target\":{\"@type\":\"EntryPoint\",\"urlTemplate\":\"https:\/\/nienumberfast.com\/?s={search_term_string}\"},\"query-input\":{\"@type\":\"PropertyValueSpecification\",\"valueRequired\":true,\"valueName\":\"search_term_string\"}}],\"inLanguage\":\"sv-SE\"},{\"@type\":\"Organization\",\"@id\":\"https:\/\/nienumberfast.com\/#organization\",\"name\":\"NIE Number Fast\",\"url\":\"https:\/\/nienumberfast.com\/\",\"logo\":{\"@type\":\"ImageObject\",\"inLanguage\":\"sv-SE\",\"@id\":\"https:\/\/nienumberfast.com\/#\/schema\/logo\/image\/\",\"url\":\"https:\/\/nienumberfast.com\/wp-content\/uploads\/2020\/12\/cropped-NIE-Number-Fast-favicon-3.png\",\"contentUrl\":\"https:\/\/nienumberfast.com\/wp-content\/uploads\/2020\/12\/cropped-NIE-Number-Fast-favicon-3.png\",\"width\":335,\"height\":238,\"caption\":\"NIE Number Fast\"},\"image\":{\"@id\":\"https:\/\/nienumberfast.com\/#\/schema\/logo\/image\/\"}}]}<\/script>\n<!-- \/ Yoast SEO Premium plugin. -->","yoast_head_json":{"title":"100 % Nej Bra Pengar Tillbaka Garanti","description":"Ett NIE-nummer \u00e4r en fr\u00e5ga om f\u00f6rtroende och vi vill att du ska vara 100 % n\u00f6jd. D\u00e4rf\u00f6r garanterar vi pengarna-tillbaka-garanti.","robots":{"index":"index","follow":"follow","max-snippet":"max-snippet:-1","max-image-preview":"max-image-preview:large","max-video-preview":"max-video-preview:-1"},"canonical":"https:\/\/nienumberfast.com\/sv\/100-nej-bra-pengar-tillbaka-garanti\/","og_locale":"sv_SE","og_type":"article","og_title":"100 % Nej Bra Pengar Tillbaka Garanti","og_description":"Ett NIE-nummer \u00e4r en fr\u00e5ga om f\u00f6rtroende och vi vill att du ska vara 100 % n\u00f6jd. D\u00e4rf\u00f6r garanterar vi pengarna-tillbaka-garanti.","og_url":"https:\/\/nienumberfast.com\/sv\/100-nej-bra-pengar-tillbaka-garanti\/","og_site_name":"NIE Number Fast","twitter_card":"summary_large_image","twitter_misc":{"Ber\u00e4knad l\u00e4stid":"1 minut"},"schema":{"@context":"https:\/\/schema.org","@graph":[{"@type":"WebPage","@id":"https:\/\/nienumberfast.com\/sv\/100-nej-bra-pengar-tillbaka-garanti\/","url":"https:\/\/nienumberfast.com\/sv\/100-nej-bra-pengar-tillbaka-garanti\/","name":"100 % Nej Bra Pengar Tillbaka Garanti","isPartOf":{"@id":"https:\/\/nienumberfast.com\/#website"},"datePublished":"2026-01-27T18:15:48+00:00","description":"Ett NIE-nummer \u00e4r en fr\u00e5ga om f\u00f6rtroende och vi vill att du ska vara 100 % n\u00f6jd. D\u00e4rf\u00f6r garanterar vi pengarna-tillbaka-garanti.","breadcrumb":{"@id":"https:\/\/nienumberfast.com\/sv\/100-nej-bra-pengar-tillbaka-garanti\/#breadcrumb"},"inLanguage":"sv-SE","potentialAction":[{"@type":"ReadAction","target":["https:\/\/nienumberfast.com\/sv\/100-nej-bra-pengar-tillbaka-garanti\/"]}]},{"@type":"BreadcrumbList","@id":"https:\/\/nienumberfast.com\/sv\/100-nej-bra-pengar-tillbaka-garanti\/#breadcrumb","itemListElement":[{"@type":"ListItem","position":1,"name":"Home","item":"https:\/\/nienumberfast.com\/sv\/nie-nummer-snabb-nie-nummer-online-ansokan\/"},{"@type":"ListItem","position":2,"name":"100 % Nej Bra Pengar Tillbaka Garanti"}]},{"@type":"WebSite","@id":"https:\/\/nienumberfast.com\/#website","url":"https:\/\/nienumberfast.com\/","name":"NIE Number Fast","description":"Online NIE Number Application Service","publisher":{"@id":"https:\/\/nienumberfast.com\/#organization"},"potentialAction":[{"@type":"SearchAction","target":{"@type":"EntryPoint","urlTemplate":"https:\/\/nienumberfast.com\/?s={search_term_string}"},"query-input":{"@type":"PropertyValueSpecification","valueRequired":true,"valueName":"search_term_string"}}],"inLanguage":"sv-SE"},{"@type":"Organization","@id":"https:\/\/nienumberfast.com\/#organization","name":"NIE Number Fast","url":"https:\/\/nienumberfast.com\/","logo":{"@type":"ImageObject","inLanguage":"sv-SE","@id":"https:\/\/nienumberfast.com\/#\/schema\/logo\/image\/","url":"https:\/\/nienumberfast.com\/wp-content\/uploads\/2020\/12\/cropped-NIE-Number-Fast-favicon-3.png","contentUrl":"https:\/\/nienumberfast.com\/wp-content\/uploads\/2020\/12\/cropped-NIE-Number-Fast-favicon-3.png","width":335,"height":238,"caption":"NIE Number Fast"},"image":{"@id":"https:\/\/nienumberfast.com\/#\/schema\/logo\/image\/"}}]}},"_links":{"self":[{"href":"https:\/\/nienumberfast.com\/sv\/wp-json\/wp\/v2\/pages\/8827","targetHints":{"allow":["GET"]}}],"collection":[{"href":"https:\/\/nienumberfast.com\/sv\/wp-json\/wp\/v2\/pages"}],"about":[{"href":"https:\/\/nienumberfast.com\/sv\/wp-json\/wp\/v2\/types\/page"}],"author":[{"embeddable":true,"href":"https:\/\/nienumberfast.com\/sv\/wp-json\/wp\/v2\/users\/1"}],"replies":[{"embeddable":true,"href":"https:\/\/nienumberfast.com\/sv\/wp-json\/wp\/v2\/comments?post=8827"}],"version-history":[{"count":1,"href":"https:\/\/nienumberfast.com\/sv\/wp-json\/wp\/v2\/pages\/8827\/revisions"}],"predecessor-version":[{"id":8828,"href":"https:\/\/nienumberfast.com\/sv\/wp-json\/wp\/v2\/pages\/8827\/revisions\/8828"}],"wp:attachment":[{"href":"https:\/\/nienumberfast.com\/sv\/wp-json\/wp\/v2\/media?parent=8827"}],"curies":[{"name":"wp","href":"https:\/\/api.w.org\/{rel}","templated":true}]}}