{"id":9617,"date":"2026-02-12T10:34:35","date_gmt":"2026-02-12T10:34:35","guid":{"rendered":"https:\/\/nienumberfast.com\/solicitati-viza-dumneavoastra\/"},"modified":"2026-02-12T10:34:36","modified_gmt":"2026-02-12T10:34:36","slug":"solicitati-viza-dumneavoastra","status":"publish","type":"page","link":"https:\/\/nienumberfast.com\/ro\/solicitati-viza-dumneavoastra\/","title":{"rendered":"Solicita\u021bi viza dumneavoastr\u0103"},"content":{"rendered":"\t\t<div data-elementor-type=\"wp-page\" data-elementor-id=\"9617\" class=\"elementor elementor-9617 elementor-9369\" data-elementor-post-type=\"page\">\n\t\t\t\t\t\t<section class=\"elementor-section elementor-top-section elementor-element elementor-element-592c3ae8 elementor-section-content-middle elementor-section-boxed elementor-section-height-default elementor-section-height-default\" data-id=\"592c3ae8\" data-element_type=\"section\" data-e-type=\"section\" data-settings=\"{&quot;_ob_glider_is_slider&quot;:&quot;no&quot;}\">\n\t\t\t\t\t\t<div class=\"elementor-container elementor-column-gap-no\">\n\t\t\t\t\t<div class=\"elementor-column elementor-col-100 elementor-top-column elementor-element elementor-element-400b623d\" data-id=\"400b623d\" data-element_type=\"column\" data-e-type=\"column\" data-settings=\"{&quot;_ob_column_hoveranimator&quot;:&quot;no&quot;,&quot;_ob_column_has_pseudo&quot;:&quot;no&quot;}\">\n\t\t\t<div class=\"elementor-widget-wrap elementor-element-populated\">\n\t\t\t\t\t\t<div class=\"elementor-element elementor-element-7d641ff9 ob-harakiri-inherit ob-has-background-overlay elementor-widget elementor-widget-heading\" data-id=\"7d641ff9\" data-element_type=\"widget\" data-e-type=\"widget\" data-settings=\"{&quot;_ob_use_harakiri&quot;:&quot;yes&quot;,&quot;_ob_harakiri_writing_mode&quot;:&quot;inherit&quot;,&quot;_ob_harakiri_text_clip&quot;:&quot;none&quot;,&quot;_ob_widget_stalker_use&quot;:&quot;no&quot;,&quot;_ob_poopart_use&quot;:&quot;yes&quot;,&quot;_ob_shadough_use&quot;:&quot;no&quot;,&quot;_ob_allow_hoveranimator&quot;:&quot;no&quot;}\" data-widget_type=\"heading.default\">\n\t\t\t\t\t<h4 class=\"elementor-heading-title elementor-size-default\"><b>Apply for your VISA<\/b><\/h4>\t\t\t\t<\/div>\n\t\t\t\t<section class=\"elementor-section elementor-inner-section elementor-element elementor-element-4f1d2fe6 elementor-section-content-middle elementor-section-boxed elementor-section-height-default elementor-section-height-default\" data-id=\"4f1d2fe6\" data-element_type=\"section\" data-e-type=\"section\" data-settings=\"{&quot;_ob_glider_is_slider&quot;:&quot;no&quot;}\">\n\t\t\t\t\t\t<div class=\"elementor-container elementor-column-gap-no\">\n\t\t\t\t\t<div class=\"elementor-column elementor-col-33 elementor-inner-column elementor-element elementor-element-57a89c9d\" data-id=\"57a89c9d\" data-element_type=\"column\" data-e-type=\"column\" data-settings=\"{&quot;_ob_column_hoveranimator&quot;:&quot;no&quot;,&quot;_ob_column_has_pseudo&quot;:&quot;no&quot;}\">\n\t\t\t<div class=\"elementor-widget-wrap elementor-element-populated\">\n\t\t\t\t\t\t<div class=\"elementor-element elementor-element-995fd21 ob-has-background-overlay elementor-widget elementor-widget-image-box\" data-id=\"995fd21\" data-element_type=\"widget\" data-e-type=\"widget\" data-settings=\"{&quot;_ob_widget_stalker_use&quot;:&quot;no&quot;,&quot;_ob_poopart_use&quot;:&quot;yes&quot;,&quot;_ob_shadough_use&quot;:&quot;no&quot;,&quot;_ob_allow_hoveranimator&quot;:&quot;no&quot;}\" data-widget_type=\"image-box.default\">\n\t\t\t\t\t<div class=\"elementor-image-box-wrapper\"><div class=\"elementor-image-box-content\"><h3 class=\"elementor-image-box-title\"><b>Non-Lucrative VISA<\/b><\/h3><p class=\"elementor-image-box-description\"><p data-start=\"436\" data-end=\"538\">Pl\u0103nuie\u0219ti s\u0103 locuie\u0219ti \u00een Spania f\u0103r\u0103 s\u0103 lucrezi, de exemplu \u00een timpul pension\u0103rii, al unui concediu sabatic sau al unei \u0219ederi \u00eendelungate?<\/p><ul data-start=\"540\" data-end=\"689\"><li data-start=\"540\" data-end=\"591\"><p data-start=\"542\" data-end=\"591\">Completarea cererii preg\u0103tirea \u0219i depunerea<\/p><\/li><li data-start=\"592\" data-end=\"641\">\n<p data-start=\"594\" data-end=\"641\">Toate documentele prelucrate \u0219i livrate \u00een format digital<\/p><\/li><li data-start=\"642\" data-end=\"689\">\n<p data-start=\"644\" data-end=\"689\">Oficiale traduceri incluse (valoare 100 \u20ac)<\/p><\/li><\/ul><p data-start=\"691\" data-end=\"880\">Aceast\u0103 viz\u0103 este ideal\u0103 dac\u0103 dispune\u021bi de mijloace financiare suficiente \u0219i dori\u021bi o procedur\u0103 de solicitare simpl\u0103, f\u0103r\u0103 stres. V\u0103 ghid\u0103m \u00een fiecare etap\u0103 \u0219i ne asigur\u0103m c\u0103 dosarul dumneavoastr\u0103 \u00eendepline\u0219te toate cerin\u021bele spaniole. <\/p><\/p><\/div><\/div>\t\t\t\t<\/div>\n\t\t\t\t<div class=\"elementor-element elementor-element-cf42699 elementor-align-center ob-has-background-overlay elementor-widget elementor-widget-button\" data-id=\"cf42699\" data-element_type=\"widget\" data-e-type=\"widget\" data-settings=\"{&quot;_ob_butterbutton_use_it&quot;:&quot;no&quot;,&quot;_ob_widget_stalker_use&quot;:&quot;no&quot;,&quot;_ob_poopart_use&quot;:&quot;yes&quot;,&quot;_ob_shadough_use&quot;:&quot;no&quot;,&quot;_ob_allow_hoveranimator&quot;:&quot;no&quot;}\" data-widget_type=\"button.default\">\n\t\t\t\t\t\t\t\t\t\t<a class=\"elementor-button elementor-button-link elementor-size-sm\" href=\"mailto:info@nienumberfast.com\">\n\t\t\t\t\t\t<span class=\"elementor-button-content-wrapper\">\n\t\t\t\t\t\t\t\t\t<span class=\"elementor-button-text\">Trimite\u021bi formularul de contact<\/span>\n\t\t\t\t\t<\/span>\n\t\t\t\t\t<\/a>\n\t\t\t\t\t\t\t\t<\/div>\n\t\t\t\t\t<\/div>\n\t\t<\/div>\n\t\t\t\t<div class=\"elementor-column elementor-col-33 elementor-inner-column elementor-element elementor-element-27173087\" data-id=\"27173087\" data-element_type=\"column\" data-e-type=\"column\" data-settings=\"{&quot;_ob_column_hoveranimator&quot;:&quot;no&quot;,&quot;_ob_column_has_pseudo&quot;:&quot;no&quot;}\">\n\t\t\t<div class=\"elementor-widget-wrap elementor-element-populated\">\n\t\t\t\t\t\t<div class=\"elementor-element elementor-element-6ddc497b ob-has-background-overlay elementor-widget elementor-widget-image-box\" data-id=\"6ddc497b\" data-element_type=\"widget\" data-e-type=\"widget\" data-settings=\"{&quot;_ob_widget_stalker_use&quot;:&quot;no&quot;,&quot;_ob_poopart_use&quot;:&quot;yes&quot;,&quot;_ob_shadough_use&quot;:&quot;no&quot;,&quot;_ob_allow_hoveranimator&quot;:&quot;no&quot;}\" data-widget_type=\"image-box.default\">\n\t\t\t\t\t<div class=\"elementor-image-box-wrapper\"><div class=\"elementor-image-box-content\"><h3 class=\"elementor-image-box-title\"><b>Digital Nomad VISA<\/b><\/h3><p class=\"elementor-image-box-description\"><br><p data-start=\"936\" data-end=\"1004\">Lucra\u021bi de la distan\u021b\u0103 \u00een timp ce locui\u021bi \u00een Spania \u0219i v\u0103 bucura\u021bi de spaniol stil de via\u021b\u0103.<\/p><ul data-start=\"1006\" data-end=\"1151\"><li data-start=\"1006\" data-end=\"1053\"><p data-start=\"1008\" data-end=\"1053\">Completarea cererii preg\u0103tirea \u0219i depunerea<\/p><\/li><li data-start=\"1054\" data-end=\"1103\"><p data-start=\"1056\" data-end=\"1103\">Depunere flexibil\u0103: consulat UGE sau spaniol<\/p><\/li><li data-start=\"1104\" data-end=\"1151\"><p data-start=\"1106\" data-end=\"1151\">Oficiale traduceri incluse (valoare 200 \u20ac)<\/p><\/li><\/ul><span style=\"font-size: 16px\">Conceput pentru lucr\u0103torii la distan\u021b\u0103, freelanceri \u0219i antreprenori. Noi ne asigur\u0103m c\u0103 cererea dumneavoastr\u0103 este corect\u0103, complet\u0103 \u0219i depus\u0103 \u00een cel a14&gt; cel mai rapid mod posibil pentru a evita \u00eent\u00e2rzierile. <\/span><\/p><\/div><\/div>\t\t\t\t<\/div>\n\t\t\t\t<div class=\"elementor-element elementor-element-a26d202 elementor-align-center ob-has-background-overlay elementor-widget elementor-widget-button\" data-id=\"a26d202\" data-element_type=\"widget\" data-e-type=\"widget\" data-settings=\"{&quot;_ob_butterbutton_use_it&quot;:&quot;no&quot;,&quot;_ob_widget_stalker_use&quot;:&quot;no&quot;,&quot;_ob_poopart_use&quot;:&quot;yes&quot;,&quot;_ob_shadough_use&quot;:&quot;no&quot;,&quot;_ob_allow_hoveranimator&quot;:&quot;no&quot;}\" data-widget_type=\"button.default\">\n\t\t\t\t\t\t\t\t\t\t<a class=\"elementor-button elementor-button-link elementor-size-sm\" href=\"mailto:info@nienumberfast.com\">\n\t\t\t\t\t\t<span class=\"elementor-button-content-wrapper\">\n\t\t\t\t\t\t\t\t\t<span class=\"elementor-button-text\">Submit contact form<\/span>\n\t\t\t\t\t<\/span>\n\t\t\t\t\t<\/a>\n\t\t\t\t\t\t\t\t<\/div>\n\t\t\t\t\t<\/div>\n\t\t<\/div>\n\t\t\t\t<div class=\"elementor-column elementor-col-33 elementor-inner-column elementor-element elementor-element-d3b1edd\" data-id=\"d3b1edd\" data-element_type=\"column\" data-e-type=\"column\" data-settings=\"{&quot;_ob_column_hoveranimator&quot;:&quot;no&quot;,&quot;_ob_column_has_pseudo&quot;:&quot;no&quot;}\">\n\t\t\t<div class=\"elementor-widget-wrap elementor-element-populated\">\n\t\t\t\t\t\t<div class=\"elementor-element elementor-element-70b4ea6 ob-has-background-overlay elementor-widget elementor-widget-image-box\" data-id=\"70b4ea6\" data-element_type=\"widget\" data-e-type=\"widget\" data-settings=\"{&quot;_ob_widget_stalker_use&quot;:&quot;no&quot;,&quot;_ob_poopart_use&quot;:&quot;yes&quot;,&quot;_ob_shadough_use&quot;:&quot;no&quot;,&quot;_ob_allow_hoveranimator&quot;:&quot;no&quot;}\" data-widget_type=\"image-box.default\">\n\t\t\t\t\t<div class=\"elementor-image-box-wrapper\"><div class=\"elementor-image-box-content\"><h3 class=\"elementor-image-box-title\"><b>Student VISA<\/b><\/h3><p class=\"elementor-image-box-description\"><p data-start=\"1372\" data-end=\"1428\">Studiaz\u0103, cerceteaz\u0103 sau urmeaz\u0103 un program de formare \u00een Spania.<\/p><ul data-start=\"1430\" data-end=\"1564\"><li data-start=\"1430\" data-end=\"1477\"><p data-start=\"1432\" data-end=\"1477\">Completarea cererii preg\u0103tirea \u0219i depunerea<\/p><\/li><li data-start=\"1478\" data-end=\"1517\"><p data-start=\"1480\" data-end=\"1517\">Cerere la consulatul local<\/p><\/li><li data-start=\"1518\" data-end=\"1564\"><p data-start=\"1520\" data-end=\"1564\">Oficiale traduceri incluse (valoare 75 \u20ac)<\/p><\/li><\/ul><span style=\"font-size: 16px\">We support students throughout the entire process, from document preparation to submission, so you can focus on your studies while we take care of the paperwork.<\/span><\/p><\/div><\/div>\t\t\t\t<\/div>\n\t\t\t\t<div class=\"elementor-element elementor-element-7bf597a elementor-align-center ob-has-background-overlay elementor-widget elementor-widget-button\" data-id=\"7bf597a\" data-element_type=\"widget\" data-e-type=\"widget\" data-settings=\"{&quot;_ob_butterbutton_use_it&quot;:&quot;no&quot;,&quot;_ob_widget_stalker_use&quot;:&quot;no&quot;,&quot;_ob_poopart_use&quot;:&quot;yes&quot;,&quot;_ob_shadough_use&quot;:&quot;no&quot;,&quot;_ob_allow_hoveranimator&quot;:&quot;no&quot;}\" data-widget_type=\"button.default\">\n\t\t\t\t\t\t\t\t\t\t<a class=\"elementor-button elementor-button-link elementor-size-sm\" href=\"mailto:info@nienumberfast.com\">\n\t\t\t\t\t\t<span class=\"elementor-button-content-wrapper\">\n\t\t\t\t\t\t\t\t\t<span class=\"elementor-button-text\">Submit contact form<\/span>\n\t\t\t\t\t<\/span>\n\t\t\t\t\t<\/a>\n\t\t\t\t\t\t\t\t<\/div>\n\t\t\t\t\t<\/div>\n\t\t<\/div>\n\t\t\t\t\t<\/div>\n\t\t<\/section>\n\t\t\t\t\t<\/div>\n\t\t<\/div>\n\t\t\t\t\t<\/div>\n\t\t<\/section>\n\t\t\t\t<\/div>\n\t\t","protected":false},"excerpt":{"rendered":"<p>Apply for your VISA Non-Lucrative VISA Pl\u0103nuie\u0219ti s\u0103 locuie\u0219ti \u00een Spania f\u0103r\u0103 s\u0103 lucrezi, de exemplu \u00een timpul pension\u0103rii, al unui concediu sabatic sau al unei \u0219ederi \u00eendelungate? Completarea cererii preg\u0103tirea \u0219i depunerea Toate documentele prelucrate \u0219i livrate \u00een format digital Oficiale traduceri incluse (valoare 100 \u20ac) Aceast\u0103 viz\u0103 este ideal\u0103 dac\u0103 dispune\u021bi de mijloace &hellip;<\/p>\n<p class=\"read-more\"> <a class=\"\" href=\"https:\/\/nienumberfast.com\/ro\/solicitati-viza-dumneavoastra\/\"> <span class=\"screen-reader-text\">Solicita\u021bi viza dumneavoastr\u0103<\/span> Read More \u00bb<\/a><\/p>\n","protected":false},"author":28,"featured_media":0,"parent":0,"menu_order":0,"comment_status":"closed","ping_status":"closed","template":"","meta":{"site-sidebar-layout":"no-sidebar","site-content-layout":"page-builder","ast-global-header-display":"","ast-main-header-display":"","ast-hfb-above-header-display":"","ast-hfb-below-header-display":"","ast-hfb-mobile-header-display":"","site-post-title":"disabled","ast-breadcrumbs-content":"","ast-featured-img":"disabled","footer-sml-layout":"","theme-transparent-header-meta":"","adv-header-id-meta":"","stick-header-meta":"","header-above-stick-meta":"","header-main-stick-meta":"","header-below-stick-meta":"","footnotes":""},"class_list":["post-9617","page","type-page","status-publish","hentry"],"yoast_head":"<!-- This site is optimized with the Yoast SEO Premium plugin v20.5 (Yoast SEO v27.6) - https:\/\/yoast.com\/product\/yoast-seo-premium-wordpress\/ -->\n<title>Solicita\u021bi viza dumneavoastr\u0103 - NIE Number Fast<\/title>\n<meta name=\"robots\" content=\"index, follow, max-snippet:-1, max-image-preview:large, max-video-preview:-1\" \/>\n<link rel=\"canonical\" href=\"https:\/\/nienumberfast.com\/ro\/solicitati-viza-dumneavoastra\/\" \/>\n<meta property=\"og:locale\" content=\"ro_RO\" \/>\n<meta property=\"og:type\" content=\"article\" \/>\n<meta property=\"og:title\" content=\"Solicita\u021bi viza dumneavoastr\u0103\" \/>\n<meta property=\"og:description\" content=\"Apply for your VISA Non-Lucrative VISA Pl\u0103nuie\u0219ti s\u0103 locuie\u0219ti \u00een Spania f\u0103r\u0103 s\u0103 lucrezi, de exemplu \u00een timpul pension\u0103rii, al unui concediu sabatic sau al unei \u0219ederi \u00eendelungate? Completarea cererii preg\u0103tirea \u0219i depunerea Toate documentele prelucrate \u0219i livrate \u00een format digital Oficiale traduceri incluse (valoare 100 \u20ac) Aceast\u0103 viz\u0103 este ideal\u0103 dac\u0103 dispune\u021bi de mijloace &hellip; Solicita\u021bi viza dumneavoastr\u0103 Read More \u00bb\" \/>\n<meta property=\"og:url\" content=\"https:\/\/nienumberfast.com\/ro\/solicitati-viza-dumneavoastra\/\" \/>\n<meta property=\"og:site_name\" content=\"NIE Number Fast\" \/>\n<meta property=\"article:modified_time\" content=\"2026-02-12T10:34:36+00:00\" \/>\n<meta name=\"twitter:card\" content=\"summary_large_image\" \/>\n<meta name=\"twitter:label1\" content=\"Timp estimat pentru citire\" \/>\n\t<meta name=\"twitter:data1\" content=\"1 minut\" \/>\n<script type=\"application\/ld+json\" class=\"yoast-schema-graph\">{\"@context\":\"https:\\\/\\\/schema.org\",\"@graph\":[{\"@type\":\"WebPage\",\"@id\":\"https:\\\/\\\/nienumberfast.com\\\/ro\\\/solicitati-viza-dumneavoastra\\\/\",\"url\":\"https:\\\/\\\/nienumberfast.com\\\/ro\\\/solicitati-viza-dumneavoastra\\\/\",\"name\":\"Solicita\u021bi viza dumneavoastr\u0103 - NIE Number Fast\",\"isPartOf\":{\"@id\":\"https:\\\/\\\/nienumberfast.com\\\/#website\"},\"datePublished\":\"2026-02-12T10:34:35+00:00\",\"dateModified\":\"2026-02-12T10:34:36+00:00\",\"breadcrumb\":{\"@id\":\"https:\\\/\\\/nienumberfast.com\\\/ro\\\/solicitati-viza-dumneavoastra\\\/#breadcrumb\"},\"inLanguage\":\"ro-RO\",\"potentialAction\":[{\"@type\":\"ReadAction\",\"target\":[\"https:\\\/\\\/nienumberfast.com\\\/ro\\\/solicitati-viza-dumneavoastra\\\/\"]}]},{\"@type\":\"BreadcrumbList\",\"@id\":\"https:\\\/\\\/nienumberfast.com\\\/ro\\\/solicitati-viza-dumneavoastra\\\/#breadcrumb\",\"itemListElement\":[{\"@type\":\"ListItem\",\"position\":1,\"name\":\"Home\",\"item\":\"https:\\\/\\\/nienumberfast.com\\\/ro\\\/nie-numar-rapid-nie-numar-online-cerere\\\/\"},{\"@type\":\"ListItem\",\"position\":2,\"name\":\"Solicita\u021bi viza dumneavoastr\u0103\"}]},{\"@type\":\"WebSite\",\"@id\":\"https:\\\/\\\/nienumberfast.com\\\/#website\",\"url\":\"https:\\\/\\\/nienumberfast.com\\\/\",\"name\":\"NIE Number Fast\",\"description\":\"Online NIE Number Application Service\",\"publisher\":{\"@id\":\"https:\\\/\\\/nienumberfast.com\\\/#organization\"},\"potentialAction\":[{\"@type\":\"SearchAction\",\"target\":{\"@type\":\"EntryPoint\",\"urlTemplate\":\"https:\\\/\\\/nienumberfast.com\\\/?s={search_term_string}\"},\"query-input\":{\"@type\":\"PropertyValueSpecification\",\"valueRequired\":true,\"valueName\":\"search_term_string\"}}],\"inLanguage\":\"ro-RO\"},{\"@type\":\"Organization\",\"@id\":\"https:\\\/\\\/nienumberfast.com\\\/#organization\",\"name\":\"NIE Number Fast\",\"url\":\"https:\\\/\\\/nienumberfast.com\\\/\",\"logo\":{\"@type\":\"ImageObject\",\"inLanguage\":\"ro-RO\",\"@id\":\"https:\\\/\\\/nienumberfast.com\\\/#\\\/schema\\\/logo\\\/image\\\/\",\"url\":\"https:\\\/\\\/nienumberfast.com\\\/wp-content\\\/uploads\\\/2020\\\/12\\\/cropped-NIE-Number-Fast-favicon-3.png\",\"contentUrl\":\"https:\\\/\\\/nienumberfast.com\\\/wp-content\\\/uploads\\\/2020\\\/12\\\/cropped-NIE-Number-Fast-favicon-3.png\",\"width\":335,\"height\":238,\"caption\":\"NIE Number Fast\"},\"image\":{\"@id\":\"https:\\\/\\\/nienumberfast.com\\\/#\\\/schema\\\/logo\\\/image\\\/\"}}]}<\/script>\n<!-- \/ Yoast SEO Premium plugin. -->","yoast_head_json":{"title":"Solicita\u021bi viza dumneavoastr\u0103 - NIE Number Fast","robots":{"index":"index","follow":"follow","max-snippet":"max-snippet:-1","max-image-preview":"max-image-preview:large","max-video-preview":"max-video-preview:-1"},"canonical":"https:\/\/nienumberfast.com\/ro\/solicitati-viza-dumneavoastra\/","og_locale":"ro_RO","og_type":"article","og_title":"Solicita\u021bi viza dumneavoastr\u0103","og_description":"Apply for your VISA Non-Lucrative VISA Pl\u0103nuie\u0219ti s\u0103 locuie\u0219ti \u00een Spania f\u0103r\u0103 s\u0103 lucrezi, de exemplu \u00een timpul pension\u0103rii, al unui concediu sabatic sau al unei \u0219ederi \u00eendelungate? Completarea cererii preg\u0103tirea \u0219i depunerea Toate documentele prelucrate \u0219i livrate \u00een format digital Oficiale traduceri incluse (valoare 100 \u20ac) Aceast\u0103 viz\u0103 este ideal\u0103 dac\u0103 dispune\u021bi de mijloace &hellip; Solicita\u021bi viza dumneavoastr\u0103 Read More \u00bb","og_url":"https:\/\/nienumberfast.com\/ro\/solicitati-viza-dumneavoastra\/","og_site_name":"NIE Number Fast","article_modified_time":"2026-02-12T10:34:36+00:00","twitter_card":"summary_large_image","twitter_misc":{"Timp estimat pentru citire":"1 minut"},"schema":{"@context":"https:\/\/schema.org","@graph":[{"@type":"WebPage","@id":"https:\/\/nienumberfast.com\/ro\/solicitati-viza-dumneavoastra\/","url":"https:\/\/nienumberfast.com\/ro\/solicitati-viza-dumneavoastra\/","name":"Solicita\u021bi viza dumneavoastr\u0103 - NIE Number Fast","isPartOf":{"@id":"https:\/\/nienumberfast.com\/#website"},"datePublished":"2026-02-12T10:34:35+00:00","dateModified":"2026-02-12T10:34:36+00:00","breadcrumb":{"@id":"https:\/\/nienumberfast.com\/ro\/solicitati-viza-dumneavoastra\/#breadcrumb"},"inLanguage":"ro-RO","potentialAction":[{"@type":"ReadAction","target":["https:\/\/nienumberfast.com\/ro\/solicitati-viza-dumneavoastra\/"]}]},{"@type":"BreadcrumbList","@id":"https:\/\/nienumberfast.com\/ro\/solicitati-viza-dumneavoastra\/#breadcrumb","itemListElement":[{"@type":"ListItem","position":1,"name":"Home","item":"https:\/\/nienumberfast.com\/ro\/nie-numar-rapid-nie-numar-online-cerere\/"},{"@type":"ListItem","position":2,"name":"Solicita\u021bi viza dumneavoastr\u0103"}]},{"@type":"WebSite","@id":"https:\/\/nienumberfast.com\/#website","url":"https:\/\/nienumberfast.com\/","name":"NIE Number Fast","description":"Online NIE Number Application Service","publisher":{"@id":"https:\/\/nienumberfast.com\/#organization"},"potentialAction":[{"@type":"SearchAction","target":{"@type":"EntryPoint","urlTemplate":"https:\/\/nienumberfast.com\/?s={search_term_string}"},"query-input":{"@type":"PropertyValueSpecification","valueRequired":true,"valueName":"search_term_string"}}],"inLanguage":"ro-RO"},{"@type":"Organization","@id":"https:\/\/nienumberfast.com\/#organization","name":"NIE Number Fast","url":"https:\/\/nienumberfast.com\/","logo":{"@type":"ImageObject","inLanguage":"ro-RO","@id":"https:\/\/nienumberfast.com\/#\/schema\/logo\/image\/","url":"https:\/\/nienumberfast.com\/wp-content\/uploads\/2020\/12\/cropped-NIE-Number-Fast-favicon-3.png","contentUrl":"https:\/\/nienumberfast.com\/wp-content\/uploads\/2020\/12\/cropped-NIE-Number-Fast-favicon-3.png","width":335,"height":238,"caption":"NIE Number Fast"},"image":{"@id":"https:\/\/nienumberfast.com\/#\/schema\/logo\/image\/"}}]}},"_links":{"self":[{"href":"https:\/\/nienumberfast.com\/ro\/wp-json\/wp\/v2\/pages\/9617","targetHints":{"allow":["GET"]}}],"collection":[{"href":"https:\/\/nienumberfast.com\/ro\/wp-json\/wp\/v2\/pages"}],"about":[{"href":"https:\/\/nienumberfast.com\/ro\/wp-json\/wp\/v2\/types\/page"}],"author":[{"embeddable":true,"href":"https:\/\/nienumberfast.com\/ro\/wp-json\/wp\/v2\/users\/28"}],"replies":[{"embeddable":true,"href":"https:\/\/nienumberfast.com\/ro\/wp-json\/wp\/v2\/comments?post=9617"}],"version-history":[{"count":1,"href":"https:\/\/nienumberfast.com\/ro\/wp-json\/wp\/v2\/pages\/9617\/revisions"}],"predecessor-version":[{"id":9618,"href":"https:\/\/nienumberfast.com\/ro\/wp-json\/wp\/v2\/pages\/9617\/revisions\/9618"}],"wp:attachment":[{"href":"https:\/\/nienumberfast.com\/ro\/wp-json\/wp\/v2\/media?parent=9617"}],"curies":[{"name":"wp","href":"https:\/\/api.w.org\/{rel}","templated":true}]}}