{"id":8823,"date":"2026-01-27T18:12:53","date_gmt":"2026-01-27T18:12:53","guid":{"rendered":"https:\/\/nienumberfast.com\/100-non-buono-soldi-ritorno-garanzia\/"},"modified":"2026-01-27T18:12:53","modified_gmt":"2026-01-27T18:12:53","slug":"100-non-buono-soldi-ritorno-garanzia","status":"publish","type":"page","link":"https:\/\/nienumberfast.com\/it\/100-non-buono-soldi-ritorno-garanzia\/","title":{"rendered":"100% Non Buono Soldi Ritorno Garanzia"},"content":{"rendered":"\t\t<div data-elementor-type=\"wp-page\" data-elementor-id=\"8823\" class=\"elementor elementor-8823 elementor-1099\" data-elementor-post-type=\"page\">\n\t\t\t\t\t\t<section class=\"elementor-section elementor-top-section elementor-element elementor-element-61230415 elementor-section-boxed elementor-section-height-default elementor-section-height-default\" data-id=\"61230415\" data-element_type=\"section\" data-e-type=\"section\" data-settings=\"{&quot;_ob_glider_is_slider&quot;:&quot;no&quot;}\">\n\t\t\t\t\t\t\t<div class=\"elementor-background-overlay\"><\/div>\n\t\t\t\t\t\t\t<div class=\"elementor-container elementor-column-gap-default\">\n\t\t\t\t\t<div class=\"elementor-column elementor-col-100 elementor-top-column elementor-element elementor-element-81794b2\" data-id=\"81794b2\" data-element_type=\"column\" data-e-type=\"column\" data-settings=\"{&quot;_ob_column_hoveranimator&quot;:&quot;no&quot;,&quot;_ob_column_has_pseudo&quot;:&quot;no&quot;}\">\n\t\t\t<div class=\"elementor-widget-wrap elementor-element-populated\">\n\t\t\t\t\t\t<div class=\"elementor-element elementor-element-72079bc9 ob-harakiri-inherit ob-has-background-overlay elementor-widget elementor-widget-text-editor\" data-id=\"72079bc9\" data-element_type=\"widget\" data-e-type=\"widget\" data-settings=\"{&quot;_ob_use_harakiri&quot;:&quot;yes&quot;,&quot;_ob_harakiri_writing_mode&quot;:&quot;inherit&quot;,&quot;_ob_postman_use&quot;:&quot;no&quot;,&quot;_ob_widget_stalker_use&quot;:&quot;no&quot;,&quot;_ob_poopart_use&quot;:&quot;yes&quot;,&quot;_ob_shadough_use&quot;:&quot;no&quot;,&quot;_ob_allow_hoveranimator&quot;:&quot;no&quot;}\" data-widget_type=\"text-editor.default\">\n\t\t\t\t<div class=\"elementor-widget-container\">\n\t\t\t\t\t\t\t\t\t<h1>Garanzia di rimborso<\/h1>\n<p>Il numero NIE spagnolo \u00e8 una questione di fiducia e vogliamo che tu sia soddisfatto al 100%. Per questo ti offriamo la seguente garanzia di rimborso alle seguenti condizioni: <\/p>\n<p><strong>Condizione:<\/strong><br \/>Lei ci fornisce i a5&gt; i necessari documenti nella forma desiderata e in forma completa. Nessun rimborso: Se la vostra richiesta \u00e8 gi\u00e0 in elaborazione a19&gt; e desideri annullare la richiesta per motivi personali. Se la sua richiesta risale a pi\u00f9 di 4 settimane fa, la richiesta \u00e8 stata inoltrata da noi. a34&gt; noi \u00e8 stata effettuata.  <\/p>\n<p style=\"font-size: 18px; font-style: normal; font-weight: 400;\">Se l&#8217;autorit\u00e0 pubblica respinge la tua richiesta di numero NIE o impone nuovi requisiti, ci\u00f2 costituisce un caso di forza maggiore per NIE Number Fast SL. <span style=\"font-size: 18px;\">Cercheremo quindi di trovare insieme a voi la soluzione pi\u00f9 adeguata.<\/span><\/p>\n\t\t\t\t\t\t\t\t<\/div>\n\t\t\t\t<\/div>\n\t\t\t\t<div class=\"elementor-element elementor-element-cb559a7 elementor-align-left ob-has-background-overlay elementor-widget elementor-widget-global elementor-global-5526 elementor-widget-button\" data-id=\"cb559a7\" data-element_type=\"widget\" data-e-type=\"widget\" data-settings=\"{&quot;_ob_butterbutton_use_it&quot;:&quot;no&quot;,&quot;_ob_widget_stalker_use&quot;:&quot;no&quot;,&quot;_ob_poopart_use&quot;:&quot;yes&quot;,&quot;_ob_shadough_use&quot;:&quot;no&quot;,&quot;_ob_allow_hoveranimator&quot;:&quot;no&quot;}\" data-widget_type=\"button.default\">\n\t\t\t\t<div class=\"elementor-widget-container\">\n\t\t\t\t\t\t\t\t\t<div class=\"elementor-button-wrapper\">\n\t\t\t\t\t<a class=\"elementor-button elementor-button-link elementor-size-md\" href=\"https:\/\/nienumberfast.com\/nl#price\">\n\t\t\t\t\t\t<span class=\"elementor-button-content-wrapper\">\n\t\t\t\t\t\t<span class=\"elementor-button-icon\">\n\t\t\t\t<i aria-hidden=\"true\" class=\"fas fa-chevron-right\"><\/i>\t\t\t<\/span>\n\t\t\t\t\t\t\t\t\t<span class=\"elementor-button-text\">NIE-nummer aanvragen<\/span>\n\t\t\t\t\t<\/span>\n\t\t\t\t\t<\/a>\n\t\t\t\t<\/div>\n\t\t\t\t\t\t\t\t<\/div>\n\t\t\t\t<\/div>\n\t\t\t\t<div class=\"elementor-element elementor-element-31f1d6e ob-harakiri-inherit ob-has-background-overlay elementor-widget elementor-widget-global elementor-global-5529 elementor-widget-text-editor\" data-id=\"31f1d6e\" data-element_type=\"widget\" data-e-type=\"widget\" data-settings=\"{&quot;_ob_use_harakiri&quot;:&quot;yes&quot;,&quot;_ob_harakiri_writing_mode&quot;:&quot;inherit&quot;,&quot;_ob_postman_use&quot;:&quot;no&quot;,&quot;_ob_widget_stalker_use&quot;:&quot;no&quot;,&quot;_ob_poopart_use&quot;:&quot;yes&quot;,&quot;_ob_shadough_use&quot;:&quot;no&quot;,&quot;_ob_allow_hoveranimator&quot;:&quot;no&quot;}\" data-widget_type=\"text-editor.default\">\n\t\t\t\t<div class=\"elementor-widget-container\">\n\t\t\t\t\t\t\t\t\t<p>* Klaar in 3 minuten<\/p><p>\u00a0<\/p>\t\t\t\t\t\t\t\t<\/div>\n\t\t\t\t<\/div>\n\t\t\t\t<div class=\"elementor-element elementor-element-a6983bb ob-has-background-overlay elementor-widget elementor-widget-shortcode\" data-id=\"a6983bb\" data-element_type=\"widget\" data-e-type=\"widget\" data-settings=\"{&quot;_ob_widget_stalker_use&quot;:&quot;no&quot;,&quot;_ob_poopart_use&quot;:&quot;yes&quot;,&quot;_ob_shadough_use&quot;:&quot;no&quot;,&quot;_ob_allow_hoveranimator&quot;:&quot;no&quot;}\" data-widget_type=\"shortcode.default\">\n\t\t\t\t<div class=\"elementor-widget-container\">\n\t\t\t\t\t\t\t<div class=\"elementor-shortcode\"><div data-src=\"https:\/\/cdn.trustindex.io\/loader.js?57a62cb28ecc4197f85f7977fd\"><\/div><\/div>\n\t\t\t\t\t\t<\/div>\n\t\t\t\t<\/div>\n\t\t\t\t\t<\/div>\n\t\t<\/div>\n\t\t\t\t\t<\/div>\n\t\t<\/section>\n\t\t\t\t<\/div>\n\t\t","protected":false},"excerpt":{"rendered":"<p>Garanzia di rimborso Il numero NIE spagnolo \u00e8 una questione di fiducia e vogliamo che tu sia soddisfatto al 100%. Per questo ti offriamo la seguente garanzia di rimborso alle seguenti condizioni: Condizione:Lei ci fornisce i a5&gt; i necessari documenti nella forma desiderata e in forma completa. Nessun rimborso: Se la vostra richiesta \u00e8 gi\u00e0 &hellip;<\/p>\n<p class=\"read-more\"> <a class=\"\" href=\"https:\/\/nienumberfast.com\/it\/100-non-buono-soldi-ritorno-garanzia\/\"> <span class=\"screen-reader-text\">100% Non Buono Soldi Ritorno Garanzia<\/span> Leggi tutto \u00bb<\/a><\/p>\n","protected":false},"author":1,"featured_media":0,"parent":0,"menu_order":0,"comment_status":"closed","ping_status":"closed","template":"","meta":{"site-sidebar-layout":"no-sidebar","site-content-layout":"page-builder","ast-global-header-display":"","ast-main-header-display":"","ast-hfb-above-header-display":"","ast-hfb-below-header-display":"","ast-hfb-mobile-header-display":"","site-post-title":"disabled","ast-breadcrumbs-content":"","ast-featured-img":"disabled","footer-sml-layout":"","theme-transparent-header-meta":"default","adv-header-id-meta":"","stick-header-meta":"default","header-above-stick-meta":"","header-main-stick-meta":"","header-below-stick-meta":"","footnotes":""},"class_list":["post-8823","page","type-page","status-publish","hentry"],"yoast_head":"<!-- This site is optimized with the Yoast SEO Premium plugin v20.5 (Yoast SEO v27.0) - https:\/\/yoast.com\/product\/yoast-seo-premium-wordpress\/ -->\n<title>100% Non Buono Soldi Ritorno Garanzia<\/title>\n<meta name=\"description\" content=\"Il numero NIE \u00e8 una questione di fiducia e vogliamo che tu sia soddisfatto al 100%. Per questo motivo ti garantiamo il rimborso se non sei soddisfatto.\" \/>\n<meta name=\"robots\" content=\"index, follow, max-snippet:-1, max-image-preview:large, max-video-preview:-1\" \/>\n<link rel=\"canonical\" href=\"https:\/\/nienumberfast.com\/it\/100-non-buono-soldi-ritorno-garanzia\/\" \/>\n<meta property=\"og:locale\" content=\"it_IT\" \/>\n<meta property=\"og:type\" content=\"article\" \/>\n<meta property=\"og:title\" content=\"100% Non Buono Soldi Ritorno Garanzia\" \/>\n<meta property=\"og:description\" content=\"Il numero NIE \u00e8 una questione di fiducia e vogliamo che tu sia soddisfatto al 100%. Per questo motivo ti garantiamo il rimborso se non sei soddisfatto.\" \/>\n<meta property=\"og:url\" content=\"https:\/\/nienumberfast.com\/it\/100-non-buono-soldi-ritorno-garanzia\/\" \/>\n<meta property=\"og:site_name\" content=\"NIE Number Fast\" \/>\n<meta name=\"twitter:card\" content=\"summary_large_image\" \/>\n<meta name=\"twitter:label1\" content=\"Tempo di lettura stimato\" \/>\n\t<meta name=\"twitter:data1\" content=\"1 minuto\" \/>\n<script type=\"application\/ld+json\" class=\"yoast-schema-graph\">{\"@context\":\"https:\/\/schema.org\",\"@graph\":[{\"@type\":\"WebPage\",\"@id\":\"https:\/\/nienumberfast.com\/it\/100-non-buono-soldi-ritorno-garanzia\/\",\"url\":\"https:\/\/nienumberfast.com\/it\/100-non-buono-soldi-ritorno-garanzia\/\",\"name\":\"100% Non Buono Soldi Ritorno Garanzia\",\"isPartOf\":{\"@id\":\"https:\/\/nienumberfast.com\/#website\"},\"datePublished\":\"2026-01-27T18:12:53+00:00\",\"description\":\"Il numero NIE \u00e8 una questione di fiducia e vogliamo che tu sia soddisfatto al 100%. Per questo motivo ti garantiamo il rimborso se non sei soddisfatto.\",\"breadcrumb\":{\"@id\":\"https:\/\/nienumberfast.com\/it\/100-non-buono-soldi-ritorno-garanzia\/#breadcrumb\"},\"inLanguage\":\"it-IT\",\"potentialAction\":[{\"@type\":\"ReadAction\",\"target\":[\"https:\/\/nienumberfast.com\/it\/100-non-buono-soldi-ritorno-garanzia\/\"]}]},{\"@type\":\"BreadcrumbList\",\"@id\":\"https:\/\/nienumberfast.com\/it\/100-non-buono-soldi-ritorno-garanzia\/#breadcrumb\",\"itemListElement\":[{\"@type\":\"ListItem\",\"position\":1,\"name\":\"Home\",\"item\":\"https:\/\/nienumberfast.com\/it\/nie-number-fast-richiesta-online-del-numero-nie\/\"},{\"@type\":\"ListItem\",\"position\":2,\"name\":\"100% Non Buono Soldi Ritorno Garanzia\"}]},{\"@type\":\"WebSite\",\"@id\":\"https:\/\/nienumberfast.com\/#website\",\"url\":\"https:\/\/nienumberfast.com\/\",\"name\":\"NIE Number Fast\",\"description\":\"Online NIE Number Application Service\",\"publisher\":{\"@id\":\"https:\/\/nienumberfast.com\/#organization\"},\"potentialAction\":[{\"@type\":\"SearchAction\",\"target\":{\"@type\":\"EntryPoint\",\"urlTemplate\":\"https:\/\/nienumberfast.com\/?s={search_term_string}\"},\"query-input\":{\"@type\":\"PropertyValueSpecification\",\"valueRequired\":true,\"valueName\":\"search_term_string\"}}],\"inLanguage\":\"it-IT\"},{\"@type\":\"Organization\",\"@id\":\"https:\/\/nienumberfast.com\/#organization\",\"name\":\"NIE Number Fast\",\"url\":\"https:\/\/nienumberfast.com\/\",\"logo\":{\"@type\":\"ImageObject\",\"inLanguage\":\"it-IT\",\"@id\":\"https:\/\/nienumberfast.com\/#\/schema\/logo\/image\/\",\"url\":\"https:\/\/nienumberfast.com\/wp-content\/uploads\/2020\/12\/cropped-NIE-Number-Fast-favicon-3.png\",\"contentUrl\":\"https:\/\/nienumberfast.com\/wp-content\/uploads\/2020\/12\/cropped-NIE-Number-Fast-favicon-3.png\",\"width\":335,\"height\":238,\"caption\":\"NIE Number Fast\"},\"image\":{\"@id\":\"https:\/\/nienumberfast.com\/#\/schema\/logo\/image\/\"}}]}<\/script>\n<!-- \/ Yoast SEO Premium plugin. -->","yoast_head_json":{"title":"100% Non Buono Soldi Ritorno Garanzia","description":"Il numero NIE \u00e8 una questione di fiducia e vogliamo che tu sia soddisfatto al 100%. Per questo motivo ti garantiamo il rimborso se non sei soddisfatto.","robots":{"index":"index","follow":"follow","max-snippet":"max-snippet:-1","max-image-preview":"max-image-preview:large","max-video-preview":"max-video-preview:-1"},"canonical":"https:\/\/nienumberfast.com\/it\/100-non-buono-soldi-ritorno-garanzia\/","og_locale":"it_IT","og_type":"article","og_title":"100% Non Buono Soldi Ritorno Garanzia","og_description":"Il numero NIE \u00e8 una questione di fiducia e vogliamo che tu sia soddisfatto al 100%. Per questo motivo ti garantiamo il rimborso se non sei soddisfatto.","og_url":"https:\/\/nienumberfast.com\/it\/100-non-buono-soldi-ritorno-garanzia\/","og_site_name":"NIE Number Fast","twitter_card":"summary_large_image","twitter_misc":{"Tempo di lettura stimato":"1 minuto"},"schema":{"@context":"https:\/\/schema.org","@graph":[{"@type":"WebPage","@id":"https:\/\/nienumberfast.com\/it\/100-non-buono-soldi-ritorno-garanzia\/","url":"https:\/\/nienumberfast.com\/it\/100-non-buono-soldi-ritorno-garanzia\/","name":"100% Non Buono Soldi Ritorno Garanzia","isPartOf":{"@id":"https:\/\/nienumberfast.com\/#website"},"datePublished":"2026-01-27T18:12:53+00:00","description":"Il numero NIE \u00e8 una questione di fiducia e vogliamo che tu sia soddisfatto al 100%. Per questo motivo ti garantiamo il rimborso se non sei soddisfatto.","breadcrumb":{"@id":"https:\/\/nienumberfast.com\/it\/100-non-buono-soldi-ritorno-garanzia\/#breadcrumb"},"inLanguage":"it-IT","potentialAction":[{"@type":"ReadAction","target":["https:\/\/nienumberfast.com\/it\/100-non-buono-soldi-ritorno-garanzia\/"]}]},{"@type":"BreadcrumbList","@id":"https:\/\/nienumberfast.com\/it\/100-non-buono-soldi-ritorno-garanzia\/#breadcrumb","itemListElement":[{"@type":"ListItem","position":1,"name":"Home","item":"https:\/\/nienumberfast.com\/it\/nie-number-fast-richiesta-online-del-numero-nie\/"},{"@type":"ListItem","position":2,"name":"100% Non Buono Soldi Ritorno Garanzia"}]},{"@type":"WebSite","@id":"https:\/\/nienumberfast.com\/#website","url":"https:\/\/nienumberfast.com\/","name":"NIE Number Fast","description":"Online NIE Number Application Service","publisher":{"@id":"https:\/\/nienumberfast.com\/#organization"},"potentialAction":[{"@type":"SearchAction","target":{"@type":"EntryPoint","urlTemplate":"https:\/\/nienumberfast.com\/?s={search_term_string}"},"query-input":{"@type":"PropertyValueSpecification","valueRequired":true,"valueName":"search_term_string"}}],"inLanguage":"it-IT"},{"@type":"Organization","@id":"https:\/\/nienumberfast.com\/#organization","name":"NIE Number Fast","url":"https:\/\/nienumberfast.com\/","logo":{"@type":"ImageObject","inLanguage":"it-IT","@id":"https:\/\/nienumberfast.com\/#\/schema\/logo\/image\/","url":"https:\/\/nienumberfast.com\/wp-content\/uploads\/2020\/12\/cropped-NIE-Number-Fast-favicon-3.png","contentUrl":"https:\/\/nienumberfast.com\/wp-content\/uploads\/2020\/12\/cropped-NIE-Number-Fast-favicon-3.png","width":335,"height":238,"caption":"NIE Number Fast"},"image":{"@id":"https:\/\/nienumberfast.com\/#\/schema\/logo\/image\/"}}]}},"_links":{"self":[{"href":"https:\/\/nienumberfast.com\/it\/wp-json\/wp\/v2\/pages\/8823","targetHints":{"allow":["GET"]}}],"collection":[{"href":"https:\/\/nienumberfast.com\/it\/wp-json\/wp\/v2\/pages"}],"about":[{"href":"https:\/\/nienumberfast.com\/it\/wp-json\/wp\/v2\/types\/page"}],"author":[{"embeddable":true,"href":"https:\/\/nienumberfast.com\/it\/wp-json\/wp\/v2\/users\/1"}],"replies":[{"embeddable":true,"href":"https:\/\/nienumberfast.com\/it\/wp-json\/wp\/v2\/comments?post=8823"}],"version-history":[{"count":1,"href":"https:\/\/nienumberfast.com\/it\/wp-json\/wp\/v2\/pages\/8823\/revisions"}],"predecessor-version":[{"id":8824,"href":"https:\/\/nienumberfast.com\/it\/wp-json\/wp\/v2\/pages\/8823\/revisions\/8824"}],"wp:attachment":[{"href":"https:\/\/nienumberfast.com\/it\/wp-json\/wp\/v2\/media?parent=8823"}],"curies":[{"name":"wp","href":"https:\/\/api.w.org\/{rel}","templated":true}]}}