{"id":8819,"date":"2026-01-27T18:10:02","date_gmt":"2026-01-27T18:10:02","guid":{"rendered":"https:\/\/nienumberfast.com\/100-non-bon-argent-retour-garantie\/"},"modified":"2026-01-27T18:10:02","modified_gmt":"2026-01-27T18:10:02","slug":"100-non-bon-argent-retour-garantie","status":"publish","type":"page","link":"https:\/\/nienumberfast.com\/fr\/100-non-bon-argent-retour-garantie\/","title":{"rendered":"100 % Non Bon Argent Retour Garantie"},"content":{"rendered":"\t\t<div data-elementor-type=\"wp-page\" data-elementor-id=\"8819\" class=\"elementor elementor-8819 elementor-1099\" data-elementor-post-type=\"page\">\n\t\t\t\t\t\t<section class=\"elementor-section elementor-top-section elementor-element elementor-element-61230415 elementor-section-boxed elementor-section-height-default elementor-section-height-default\" data-id=\"61230415\" data-element_type=\"section\" data-e-type=\"section\" data-settings=\"{&quot;_ob_glider_is_slider&quot;:&quot;no&quot;}\">\n\t\t\t\t\t\t\t<div class=\"elementor-background-overlay\"><\/div>\n\t\t\t\t\t\t\t<div class=\"elementor-container elementor-column-gap-default\">\n\t\t\t\t\t<div class=\"elementor-column elementor-col-100 elementor-top-column elementor-element elementor-element-81794b2\" data-id=\"81794b2\" data-element_type=\"column\" data-e-type=\"column\" data-settings=\"{&quot;_ob_column_hoveranimator&quot;:&quot;no&quot;,&quot;_ob_column_has_pseudo&quot;:&quot;no&quot;}\">\n\t\t\t<div class=\"elementor-widget-wrap elementor-element-populated\">\n\t\t\t\t\t\t<div class=\"elementor-element elementor-element-72079bc9 ob-harakiri-inherit ob-has-background-overlay elementor-widget elementor-widget-text-editor\" data-id=\"72079bc9\" data-element_type=\"widget\" data-e-type=\"widget\" data-settings=\"{&quot;_ob_use_harakiri&quot;:&quot;yes&quot;,&quot;_ob_harakiri_writing_mode&quot;:&quot;inherit&quot;,&quot;_ob_postman_use&quot;:&quot;no&quot;,&quot;_ob_widget_stalker_use&quot;:&quot;no&quot;,&quot;_ob_poopart_use&quot;:&quot;yes&quot;,&quot;_ob_shadough_use&quot;:&quot;no&quot;,&quot;_ob_allow_hoveranimator&quot;:&quot;no&quot;}\" data-widget_type=\"text-editor.default\">\n\t\t\t\t<div class=\"elementor-widget-container\">\n\t\t\t\t\t\t\t\t\t<h1>Garantie de remboursement<\/h1>\n<p>Un num\u00e9ro NIE espagnol est une question de confiance et nous voulons que vous soyez satisfait \u00e0 100 %. C&rsquo;est pourquoi nous vous offrons cette garantie de remboursement sous les conditions suivantes : <\/p>\n<p><strong>Condition :<\/strong><br \/>Vous nous fournissez les documents n\u00e9cessaires dans la forme requise et dans leur int\u00e9gralit\u00e9. Aucun remboursement : Si votre demande est d\u00e9j\u00e0 en cours de traitement et que vous souhaitez l&rsquo;annuler pour des raisons personnelles. Si votre demande nous a \u00e9t\u00e9 soumise il y a plus de 4 semaines.  <\/p>\n<p style=\"font-size: 18px; font-style: normal; font-weight: 400;\">Si les autorit\u00e9s refusent votre demande de num\u00e9ro NIE ou imposent de nouvelles exigences, il s&rsquo;agit d&rsquo;un cas de force majeure de la part de NIE Number Fast SL. <span style=\"font-size: 18px;\">Nous essaierons alors de trouver avec vous une solution adapt\u00e9e.<\/span><\/p>\n\t\t\t\t\t\t\t\t<\/div>\n\t\t\t\t<\/div>\n\t\t\t\t<div class=\"elementor-element elementor-element-cb559a7 elementor-align-left ob-has-background-overlay elementor-widget elementor-widget-global elementor-global-5526 elementor-widget-button\" data-id=\"cb559a7\" data-element_type=\"widget\" data-e-type=\"widget\" data-settings=\"{&quot;_ob_butterbutton_use_it&quot;:&quot;no&quot;,&quot;_ob_widget_stalker_use&quot;:&quot;no&quot;,&quot;_ob_poopart_use&quot;:&quot;yes&quot;,&quot;_ob_shadough_use&quot;:&quot;no&quot;,&quot;_ob_allow_hoveranimator&quot;:&quot;no&quot;}\" data-widget_type=\"button.default\">\n\t\t\t\t<div class=\"elementor-widget-container\">\n\t\t\t\t\t\t\t\t\t<div class=\"elementor-button-wrapper\">\n\t\t\t\t\t<a class=\"elementor-button elementor-button-link elementor-size-md\" href=\"https:\/\/nienumberfast.com\/nl#price\">\n\t\t\t\t\t\t<span class=\"elementor-button-content-wrapper\">\n\t\t\t\t\t\t<span class=\"elementor-button-icon\">\n\t\t\t\t<i aria-hidden=\"true\" class=\"fas fa-chevron-right\"><\/i>\t\t\t<\/span>\n\t\t\t\t\t\t\t\t\t<span class=\"elementor-button-text\">NIE-nummer aanvragen<\/span>\n\t\t\t\t\t<\/span>\n\t\t\t\t\t<\/a>\n\t\t\t\t<\/div>\n\t\t\t\t\t\t\t\t<\/div>\n\t\t\t\t<\/div>\n\t\t\t\t<div class=\"elementor-element elementor-element-31f1d6e ob-harakiri-inherit ob-has-background-overlay elementor-widget elementor-widget-global elementor-global-5529 elementor-widget-text-editor\" data-id=\"31f1d6e\" data-element_type=\"widget\" data-e-type=\"widget\" data-settings=\"{&quot;_ob_use_harakiri&quot;:&quot;yes&quot;,&quot;_ob_harakiri_writing_mode&quot;:&quot;inherit&quot;,&quot;_ob_postman_use&quot;:&quot;no&quot;,&quot;_ob_widget_stalker_use&quot;:&quot;no&quot;,&quot;_ob_poopart_use&quot;:&quot;yes&quot;,&quot;_ob_shadough_use&quot;:&quot;no&quot;,&quot;_ob_allow_hoveranimator&quot;:&quot;no&quot;}\" data-widget_type=\"text-editor.default\">\n\t\t\t\t<div class=\"elementor-widget-container\">\n\t\t\t\t\t\t\t\t\t<p>* Klaar in 3 minuten<\/p><p>\u00a0<\/p>\t\t\t\t\t\t\t\t<\/div>\n\t\t\t\t<\/div>\n\t\t\t\t<div class=\"elementor-element elementor-element-a6983bb ob-has-background-overlay elementor-widget elementor-widget-shortcode\" data-id=\"a6983bb\" data-element_type=\"widget\" data-e-type=\"widget\" data-settings=\"{&quot;_ob_widget_stalker_use&quot;:&quot;no&quot;,&quot;_ob_poopart_use&quot;:&quot;yes&quot;,&quot;_ob_shadough_use&quot;:&quot;no&quot;,&quot;_ob_allow_hoveranimator&quot;:&quot;no&quot;}\" data-widget_type=\"shortcode.default\">\n\t\t\t\t<div class=\"elementor-widget-container\">\n\t\t\t\t\t\t\t<div class=\"elementor-shortcode\"><div data-src=\"https:\/\/cdn.trustindex.io\/loader.js?57a62cb28ecc4197f85f7977fd\"><\/div><\/div>\n\t\t\t\t\t\t<\/div>\n\t\t\t\t<\/div>\n\t\t\t\t\t<\/div>\n\t\t<\/div>\n\t\t\t\t\t<\/div>\n\t\t<\/section>\n\t\t\t\t<\/div>\n\t\t","protected":false},"excerpt":{"rendered":"<p>Garantie de remboursement Un num\u00e9ro NIE espagnol est une question de confiance et nous voulons que vous soyez satisfait \u00e0 100 %. C&rsquo;est pourquoi nous vous offrons cette garantie de remboursement sous les conditions suivantes : Condition :Vous nous fournissez les documents n\u00e9cessaires dans la forme requise et dans leur int\u00e9gralit\u00e9. Aucun remboursement : Si &hellip;<\/p>\n<p class=\"read-more\"> <a class=\"\" href=\"https:\/\/nienumberfast.com\/fr\/100-non-bon-argent-retour-garantie\/\"> <span class=\"screen-reader-text\">100 % Non Bon Argent Retour Garantie<\/span> Lire la suite \u00bb<\/a><\/p>\n","protected":false},"author":1,"featured_media":0,"parent":0,"menu_order":0,"comment_status":"closed","ping_status":"closed","template":"","meta":{"site-sidebar-layout":"no-sidebar","site-content-layout":"page-builder","ast-global-header-display":"","ast-main-header-display":"","ast-hfb-above-header-display":"","ast-hfb-below-header-display":"","ast-hfb-mobile-header-display":"","site-post-title":"disabled","ast-breadcrumbs-content":"","ast-featured-img":"disabled","footer-sml-layout":"","theme-transparent-header-meta":"default","adv-header-id-meta":"","stick-header-meta":"default","header-above-stick-meta":"","header-main-stick-meta":"","header-below-stick-meta":"","footnotes":""},"class_list":["post-8819","page","type-page","status-publish","hentry"],"yoast_head":"<!-- This site is optimized with the Yoast SEO Premium plugin v20.5 (Yoast SEO v27.0) - https:\/\/yoast.com\/product\/yoast-seo-premium-wordpress\/ -->\n<title>100 % Non Bon Argent Retour Garantie<\/title>\n<meta name=\"description\" content=\"Un num\u00e9ro NIE est une question de confiance et nous voulons que vous soyez satisfait \u00e0 100 %. C&#039;est pourquoi nous offrons une garantie \u00ab satisfait ou rembours\u00e9 \u00bb.\" \/>\n<meta name=\"robots\" content=\"index, follow, max-snippet:-1, max-image-preview:large, max-video-preview:-1\" \/>\n<link rel=\"canonical\" href=\"https:\/\/nienumberfast.com\/fr\/100-non-bon-argent-retour-garantie\/\" \/>\n<meta property=\"og:locale\" content=\"fr_FR\" \/>\n<meta property=\"og:type\" content=\"article\" \/>\n<meta property=\"og:title\" content=\"100 % Non Bon Argent Retour Garantie\" \/>\n<meta property=\"og:description\" content=\"Un num\u00e9ro NIE est une question de confiance et nous voulons que vous soyez satisfait \u00e0 100 %. C&#039;est pourquoi nous offrons une garantie \u00ab satisfait ou rembours\u00e9 \u00bb.\" \/>\n<meta property=\"og:url\" content=\"https:\/\/nienumberfast.com\/fr\/100-non-bon-argent-retour-garantie\/\" \/>\n<meta property=\"og:site_name\" content=\"NIE Number Fast\" \/>\n<meta name=\"twitter:card\" content=\"summary_large_image\" \/>\n<meta name=\"twitter:label1\" content=\"Dur\u00e9e de lecture estim\u00e9e\" \/>\n\t<meta name=\"twitter:data1\" content=\"1 minute\" \/>\n<script type=\"application\/ld+json\" class=\"yoast-schema-graph\">{\"@context\":\"https:\/\/schema.org\",\"@graph\":[{\"@type\":\"WebPage\",\"@id\":\"https:\/\/nienumberfast.com\/fr\/100-non-bon-argent-retour-garantie\/\",\"url\":\"https:\/\/nienumberfast.com\/fr\/100-non-bon-argent-retour-garantie\/\",\"name\":\"100 % Non Bon Argent Retour Garantie\",\"isPartOf\":{\"@id\":\"https:\/\/nienumberfast.com\/#website\"},\"datePublished\":\"2026-01-27T18:10:02+00:00\",\"description\":\"Un num\u00e9ro NIE est une question de confiance et nous voulons que vous soyez satisfait \u00e0 100 %. C'est pourquoi nous offrons une garantie \u00ab satisfait ou rembours\u00e9 \u00bb.\",\"breadcrumb\":{\"@id\":\"https:\/\/nienumberfast.com\/fr\/100-non-bon-argent-retour-garantie\/#breadcrumb\"},\"inLanguage\":\"fr-FR\",\"potentialAction\":[{\"@type\":\"ReadAction\",\"target\":[\"https:\/\/nienumberfast.com\/fr\/100-non-bon-argent-retour-garantie\/\"]}]},{\"@type\":\"BreadcrumbList\",\"@id\":\"https:\/\/nienumberfast.com\/fr\/100-non-bon-argent-retour-garantie\/#breadcrumb\",\"itemListElement\":[{\"@type\":\"ListItem\",\"position\":1,\"name\":\"Home\",\"item\":\"https:\/\/nienumberfast.com\/fr\/nie-number-fast-demande-de-numero-nie-en-ligne\/\"},{\"@type\":\"ListItem\",\"position\":2,\"name\":\"100 % Non Bon Argent Retour Garantie\"}]},{\"@type\":\"WebSite\",\"@id\":\"https:\/\/nienumberfast.com\/#website\",\"url\":\"https:\/\/nienumberfast.com\/\",\"name\":\"NIE Number Fast\",\"description\":\"Online NIE Number Application Service\",\"publisher\":{\"@id\":\"https:\/\/nienumberfast.com\/#organization\"},\"potentialAction\":[{\"@type\":\"SearchAction\",\"target\":{\"@type\":\"EntryPoint\",\"urlTemplate\":\"https:\/\/nienumberfast.com\/?s={search_term_string}\"},\"query-input\":{\"@type\":\"PropertyValueSpecification\",\"valueRequired\":true,\"valueName\":\"search_term_string\"}}],\"inLanguage\":\"fr-FR\"},{\"@type\":\"Organization\",\"@id\":\"https:\/\/nienumberfast.com\/#organization\",\"name\":\"NIE Number Fast\",\"url\":\"https:\/\/nienumberfast.com\/\",\"logo\":{\"@type\":\"ImageObject\",\"inLanguage\":\"fr-FR\",\"@id\":\"https:\/\/nienumberfast.com\/#\/schema\/logo\/image\/\",\"url\":\"https:\/\/nienumberfast.com\/wp-content\/uploads\/2020\/12\/cropped-NIE-Number-Fast-favicon-3.png\",\"contentUrl\":\"https:\/\/nienumberfast.com\/wp-content\/uploads\/2020\/12\/cropped-NIE-Number-Fast-favicon-3.png\",\"width\":335,\"height\":238,\"caption\":\"NIE Number Fast\"},\"image\":{\"@id\":\"https:\/\/nienumberfast.com\/#\/schema\/logo\/image\/\"}}]}<\/script>\n<!-- \/ Yoast SEO Premium plugin. -->","yoast_head_json":{"title":"100 % Non Bon Argent Retour Garantie","description":"Un num\u00e9ro NIE est une question de confiance et nous voulons que vous soyez satisfait \u00e0 100 %. C'est pourquoi nous offrons une garantie \u00ab satisfait ou rembours\u00e9 \u00bb.","robots":{"index":"index","follow":"follow","max-snippet":"max-snippet:-1","max-image-preview":"max-image-preview:large","max-video-preview":"max-video-preview:-1"},"canonical":"https:\/\/nienumberfast.com\/fr\/100-non-bon-argent-retour-garantie\/","og_locale":"fr_FR","og_type":"article","og_title":"100 % Non Bon Argent Retour Garantie","og_description":"Un num\u00e9ro NIE est une question de confiance et nous voulons que vous soyez satisfait \u00e0 100 %. C'est pourquoi nous offrons une garantie \u00ab satisfait ou rembours\u00e9 \u00bb.","og_url":"https:\/\/nienumberfast.com\/fr\/100-non-bon-argent-retour-garantie\/","og_site_name":"NIE Number Fast","twitter_card":"summary_large_image","twitter_misc":{"Dur\u00e9e de lecture estim\u00e9e":"1 minute"},"schema":{"@context":"https:\/\/schema.org","@graph":[{"@type":"WebPage","@id":"https:\/\/nienumberfast.com\/fr\/100-non-bon-argent-retour-garantie\/","url":"https:\/\/nienumberfast.com\/fr\/100-non-bon-argent-retour-garantie\/","name":"100 % Non Bon Argent Retour Garantie","isPartOf":{"@id":"https:\/\/nienumberfast.com\/#website"},"datePublished":"2026-01-27T18:10:02+00:00","description":"Un num\u00e9ro NIE est une question de confiance et nous voulons que vous soyez satisfait \u00e0 100 %. C'est pourquoi nous offrons une garantie \u00ab satisfait ou rembours\u00e9 \u00bb.","breadcrumb":{"@id":"https:\/\/nienumberfast.com\/fr\/100-non-bon-argent-retour-garantie\/#breadcrumb"},"inLanguage":"fr-FR","potentialAction":[{"@type":"ReadAction","target":["https:\/\/nienumberfast.com\/fr\/100-non-bon-argent-retour-garantie\/"]}]},{"@type":"BreadcrumbList","@id":"https:\/\/nienumberfast.com\/fr\/100-non-bon-argent-retour-garantie\/#breadcrumb","itemListElement":[{"@type":"ListItem","position":1,"name":"Home","item":"https:\/\/nienumberfast.com\/fr\/nie-number-fast-demande-de-numero-nie-en-ligne\/"},{"@type":"ListItem","position":2,"name":"100 % Non Bon Argent Retour Garantie"}]},{"@type":"WebSite","@id":"https:\/\/nienumberfast.com\/#website","url":"https:\/\/nienumberfast.com\/","name":"NIE Number Fast","description":"Online NIE Number Application Service","publisher":{"@id":"https:\/\/nienumberfast.com\/#organization"},"potentialAction":[{"@type":"SearchAction","target":{"@type":"EntryPoint","urlTemplate":"https:\/\/nienumberfast.com\/?s={search_term_string}"},"query-input":{"@type":"PropertyValueSpecification","valueRequired":true,"valueName":"search_term_string"}}],"inLanguage":"fr-FR"},{"@type":"Organization","@id":"https:\/\/nienumberfast.com\/#organization","name":"NIE Number Fast","url":"https:\/\/nienumberfast.com\/","logo":{"@type":"ImageObject","inLanguage":"fr-FR","@id":"https:\/\/nienumberfast.com\/#\/schema\/logo\/image\/","url":"https:\/\/nienumberfast.com\/wp-content\/uploads\/2020\/12\/cropped-NIE-Number-Fast-favicon-3.png","contentUrl":"https:\/\/nienumberfast.com\/wp-content\/uploads\/2020\/12\/cropped-NIE-Number-Fast-favicon-3.png","width":335,"height":238,"caption":"NIE Number Fast"},"image":{"@id":"https:\/\/nienumberfast.com\/#\/schema\/logo\/image\/"}}]}},"_links":{"self":[{"href":"https:\/\/nienumberfast.com\/fr\/wp-json\/wp\/v2\/pages\/8819","targetHints":{"allow":["GET"]}}],"collection":[{"href":"https:\/\/nienumberfast.com\/fr\/wp-json\/wp\/v2\/pages"}],"about":[{"href":"https:\/\/nienumberfast.com\/fr\/wp-json\/wp\/v2\/types\/page"}],"author":[{"embeddable":true,"href":"https:\/\/nienumberfast.com\/fr\/wp-json\/wp\/v2\/users\/1"}],"replies":[{"embeddable":true,"href":"https:\/\/nienumberfast.com\/fr\/wp-json\/wp\/v2\/comments?post=8819"}],"version-history":[{"count":1,"href":"https:\/\/nienumberfast.com\/fr\/wp-json\/wp\/v2\/pages\/8819\/revisions"}],"predecessor-version":[{"id":8820,"href":"https:\/\/nienumberfast.com\/fr\/wp-json\/wp\/v2\/pages\/8819\/revisions\/8820"}],"wp:attachment":[{"href":"https:\/\/nienumberfast.com\/fr\/wp-json\/wp\/v2\/media?parent=8819"}],"curies":[{"name":"wp","href":"https:\/\/api.w.org\/{rel}","templated":true}]}}