{"id":8793,"date":"2026-01-27T17:57:42","date_gmt":"2026-01-27T17:57:42","guid":{"rendered":"https:\/\/nienumberfast.com\/contact-nie-number-fast\/"},"modified":"2026-01-27T17:57:42","modified_gmt":"2026-01-27T17:57:42","slug":"contact-nie-number-fast","status":"publish","type":"page","link":"https:\/\/nienumberfast.com\/fr\/contact-nie-number-fast\/","title":{"rendered":"Contact | NIE Number Fast"},"content":{"rendered":"\t\t<div data-elementor-type=\"wp-page\" data-elementor-id=\"8793\" class=\"elementor elementor-8793 elementor-25\" data-elementor-post-type=\"page\">\n\t\t\t\t\t\t<section class=\"elementor-section elementor-top-section elementor-element elementor-element-79dd8326 elementor-reverse-mobile elementor-section-boxed elementor-section-height-default elementor-section-height-default\" data-id=\"79dd8326\" data-element_type=\"section\" data-e-type=\"section\" data-settings=\"{&quot;background_background&quot;:&quot;classic&quot;,&quot;_ob_glider_is_slider&quot;:&quot;no&quot;}\">\n\t\t\t\t\t\t<div class=\"elementor-container elementor-column-gap-default\">\n\t\t\t\t\t<div class=\"elementor-column elementor-col-50 elementor-top-column elementor-element elementor-element-5839674e\" data-id=\"5839674e\" data-element_type=\"column\" data-e-type=\"column\" data-settings=\"{&quot;background_background&quot;:&quot;classic&quot;,&quot;_ob_column_hoveranimator&quot;:&quot;no&quot;,&quot;_ob_column_has_pseudo&quot;:&quot;no&quot;}\">\n\t\t\t<div class=\"elementor-widget-wrap elementor-element-populated\">\n\t\t\t\t\t\t<div class=\"elementor-element elementor-element-255e47f6 ob-harakiri-inherit ob-has-background-overlay elementor-widget elementor-widget-heading\" data-id=\"255e47f6\" data-element_type=\"widget\" data-e-type=\"widget\" data-settings=\"{&quot;_ob_use_harakiri&quot;:&quot;yes&quot;,&quot;_ob_harakiri_writing_mode&quot;:&quot;inherit&quot;,&quot;_ob_harakiri_text_clip&quot;:&quot;none&quot;,&quot;_ob_widget_stalker_use&quot;:&quot;no&quot;,&quot;_ob_poopart_use&quot;:&quot;yes&quot;,&quot;_ob_shadough_use&quot;:&quot;no&quot;,&quot;_ob_allow_hoveranimator&quot;:&quot;no&quot;}\" data-widget_type=\"heading.default\">\n\t\t\t\t<div class=\"elementor-widget-container\">\n\t\t\t\t\t<h2 class=\"elementor-heading-title elementor-size-default\">Questions fr\u00e9quemment pos\u00e9es<\/h2>\t\t\t\t<\/div>\n\t\t\t\t<\/div>\n\t\t\t\t<div class=\"elementor-element elementor-element-041de64 ob-has-background-overlay elementor-widget elementor-widget-accordion\" data-id=\"041de64\" data-element_type=\"widget\" data-e-type=\"widget\" data-settings=\"{&quot;_ob_widget_stalker_use&quot;:&quot;no&quot;,&quot;_ob_poopart_use&quot;:&quot;yes&quot;,&quot;_ob_shadough_use&quot;:&quot;no&quot;,&quot;_ob_allow_hoveranimator&quot;:&quot;no&quot;}\" data-widget_type=\"accordion.default\">\n\t\t\t\t<div class=\"elementor-widget-container\">\n\t\t\t\t\t\t\t<div class=\"elementor-accordion\">\n\t\t\t\t\t\t\t<div class=\"elementor-accordion-item\">\n\t\t\t\t\t<h2 id=\"elementor-tab-title-4311\" class=\"elementor-tab-title\" data-tab=\"1\" role=\"button\" aria-controls=\"elementor-tab-content-4311\" aria-expanded=\"false\">\n\t\t\t\t\t\t\t\t\t\t\t\t\t<span class=\"elementor-accordion-icon elementor-accordion-icon-right\" aria-hidden=\"true\">\n\t\t\t\t\t\t\t\t\t\t\t\t\t\t\t<span class=\"elementor-accordion-icon-closed\"><i class=\"fas fa-angle-down\"><\/i><\/span>\n\t\t\t\t\t\t\t\t<span class=\"elementor-accordion-icon-opened\"><i class=\"fas fa-angle-up\"><\/i><\/span>\n\t\t\t\t\t\t\t\t\t\t\t\t\t\t<\/span>\n\t\t\t\t\t\t\t\t\t\t\t\t<a class=\"elementor-accordion-title\" tabindex=\"0\">Quels documents n\u00e9cessaires dois-je fournir \u00e0 ?<\/a>\n\t\t\t\t\t<\/h2>\n\t\t\t\t\t<div id=\"elementor-tab-content-4311\" class=\"elementor-tab-content elementor-clearfix\" data-tab=\"1\" role=\"region\" aria-labelledby=\"elementor-tab-title-4311\"><p>Pour plus de clart\u00e9, voici un r\u00e9sum\u00e9 des \u00e9l\u00e9ments importants pour demander un num\u00e9ro NIE :<\/p>\n<ul>\n<li>Acte notari\u00e9 de procuration \u00e9tabli par un notaire<\/li>\n<li>La copie du passeport doit comporter le cachet et la signature du notaire.<\/li>\n<li>Il est important d&rsquo;ajouter une apostille.<\/li>\n<li>Ajouter une photo r\u00e9cente diff\u00e9rente de celle du passeport. Cette photo r\u00e9cente doit \u00eatre au format passeport. <\/li>\n<li>Envoyez de pr\u00e9f\u00e9rence votre courrier par DHL Express.<\/li>\n<li>Nous demandons une procuration sous seing priv\u00e9. Donc pas d&rsquo;acte notari\u00e9. <\/li>\n<\/ul>\n<\/div>\n\t\t\t\t<\/div>\n\t\t\t\t\t\t\t<div class=\"elementor-accordion-item\">\n\t\t\t\t\t<h2 id=\"elementor-tab-title-4312\" class=\"elementor-tab-title\" data-tab=\"2\" role=\"button\" aria-controls=\"elementor-tab-content-4312\" aria-expanded=\"false\">\n\t\t\t\t\t\t\t\t\t\t\t\t\t<span class=\"elementor-accordion-icon elementor-accordion-icon-right\" aria-hidden=\"true\">\n\t\t\t\t\t\t\t\t\t\t\t\t\t\t\t<span class=\"elementor-accordion-icon-closed\"><i class=\"fas fa-angle-down\"><\/i><\/span>\n\t\t\t\t\t\t\t\t<span class=\"elementor-accordion-icon-opened\"><i class=\"fas fa-angle-up\"><\/i><\/span>\n\t\t\t\t\t\t\t\t\t\t\t\t\t\t<\/span>\n\t\t\t\t\t\t\t\t\t\t\t\t<a class=\"elementor-accordion-title\" tabindex=\"0\">Combien de temps dure la proc\u00e9dure ?<\/a>\n\t\t\t\t\t<\/h2>\n\t\t\t\t\t<div id=\"elementor-tab-content-4312\" class=\"elementor-tab-content elementor-clearfix\" data-tab=\"2\" role=\"region\" aria-labelledby=\"elementor-tab-title-4312\"><p>NIE Number Fast offre des d\u00e9lais de traitement plus courts que les autres solutions. &nbsp;<strong>Selon le service que vous choisissez, le d\u00e9lai peut varier de 3 \u00e0 4 semaines pour le service Priority \u00e0 environ 5 \u00e0 6 semaines pour une demande standard (apr\u00e8s r\u00e9ception du POA). <\/strong>&nbsp;Si vous \u00eates press\u00e9, nous vous recommandons de choisir notre service Priority et, une fois votre commande termin\u00e9e, de nous envoyer vos documents directement par un service de messagerie tel que UPS\/DHL.<\/p>\n<\/div>\n\t\t\t\t<\/div>\n\t\t\t\t\t\t\t<div class=\"elementor-accordion-item\">\n\t\t\t\t\t<h2 id=\"elementor-tab-title-4313\" class=\"elementor-tab-title\" data-tab=\"3\" role=\"button\" aria-controls=\"elementor-tab-content-4313\" aria-expanded=\"false\">\n\t\t\t\t\t\t\t\t\t\t\t\t\t<span class=\"elementor-accordion-icon elementor-accordion-icon-right\" aria-hidden=\"true\">\n\t\t\t\t\t\t\t\t\t\t\t\t\t\t\t<span class=\"elementor-accordion-icon-closed\"><i class=\"fas fa-angle-down\"><\/i><\/span>\n\t\t\t\t\t\t\t\t<span class=\"elementor-accordion-icon-opened\"><i class=\"fas fa-angle-up\"><\/i><\/span>\n\t\t\t\t\t\t\t\t\t\t\t\t\t\t<\/span>\n\t\t\t\t\t\t\t\t\t\t\t\t<a class=\"elementor-accordion-title\" tabindex=\"0\">Qu'est-ce qu'une procuration?<\/a>\n\t\t\t\t\t<\/h2>\n\t\t\t\t\t<div id=\"elementor-tab-content-4313\" class=\"elementor-tab-content elementor-clearfix\" data-tab=\"3\" role=\"region\" aria-labelledby=\"elementor-tab-title-4313\"><p>La procuration nous autorise \u00e0 demander votre num\u00e9ro NIE en votre nom. Il s&rsquo;agit simplement d&rsquo;un document qui autorise l&rsquo;un de nos employ\u00e9s \u00e0 traiter votre demande de NIE, ce qui nous permet de vous d\u00e9charger de l&rsquo;ensemble du processus. <\/p>\n<p>Le co\u00fbt d&rsquo;une procuration varie d&rsquo;un pays \u00e0 l&rsquo;autre. Dans les pays europ\u00e9ens, les frais de notaire s&rsquo;\u00e9l\u00e8vent en moyenne \u00e0 50 euros. <\/p><\/p>\n<\/div>\n\t\t\t\t<\/div>\n\t\t\t\t\t\t\t\t<\/div>\n\t\t\t\t\t\t<\/div>\n\t\t\t\t<\/div>\n\t\t\t\t<div class=\"elementor-element elementor-element-6f8b8abc elementor-align-left ob-has-background-overlay elementor-widget elementor-widget-button\" data-id=\"6f8b8abc\" data-element_type=\"widget\" data-e-type=\"widget\" data-settings=\"{&quot;_ob_butterbutton_use_it&quot;:&quot;no&quot;,&quot;_ob_widget_stalker_use&quot;:&quot;no&quot;,&quot;_ob_poopart_use&quot;:&quot;yes&quot;,&quot;_ob_shadough_use&quot;:&quot;no&quot;,&quot;_ob_allow_hoveranimator&quot;:&quot;no&quot;}\" data-widget_type=\"button.default\">\n\t\t\t\t<div class=\"elementor-widget-container\">\n\t\t\t\t\t\t\t\t\t<div class=\"elementor-button-wrapper\">\n\t\t\t\t\t<a class=\"elementor-button elementor-button-link elementor-size-md\" href=\"https:\/\/nienumberfast.com\/fr\/faq\/\">\n\t\t\t\t\t\t<span class=\"elementor-button-content-wrapper\">\n\t\t\t\t\t\t\t\t\t<span class=\"elementor-button-text\">Plus de FAQ...<\/span>\n\t\t\t\t\t<\/span>\n\t\t\t\t\t<\/a>\n\t\t\t\t<\/div>\n\t\t\t\t\t\t\t\t<\/div>\n\t\t\t\t<\/div>\n\t\t\t\t\t<\/div>\n\t\t<\/div>\n\t\t\t\t<div class=\"elementor-column elementor-col-50 elementor-top-column elementor-element elementor-element-3b4c2d2\" data-id=\"3b4c2d2\" data-element_type=\"column\" data-e-type=\"column\" data-settings=\"{&quot;background_background&quot;:&quot;classic&quot;,&quot;_ob_column_hoveranimator&quot;:&quot;no&quot;,&quot;_ob_column_has_pseudo&quot;:&quot;no&quot;}\">\n\t\t\t<div class=\"elementor-widget-wrap elementor-element-populated\">\n\t\t\t\t\t\t<div class=\"elementor-element elementor-element-dcbb5ad ob-harakiri-inherit ob-has-background-overlay elementor-widget elementor-widget-heading\" data-id=\"dcbb5ad\" data-element_type=\"widget\" data-e-type=\"widget\" data-settings=\"{&quot;_ob_use_harakiri&quot;:&quot;yes&quot;,&quot;_ob_harakiri_writing_mode&quot;:&quot;inherit&quot;,&quot;_ob_harakiri_text_clip&quot;:&quot;none&quot;,&quot;_ob_widget_stalker_use&quot;:&quot;no&quot;,&quot;_ob_poopart_use&quot;:&quot;yes&quot;,&quot;_ob_shadough_use&quot;:&quot;no&quot;,&quot;_ob_allow_hoveranimator&quot;:&quot;no&quot;}\" data-widget_type=\"heading.default\">\n\t\t\t\t<div class=\"elementor-widget-container\">\n\t\t\t\t\t<h1 class=\"elementor-heading-title elementor-size-default\">Une question ? N'h\u00e9sitez pas \u00e0 nous contacter ! <\/h1>\t\t\t\t<\/div>\n\t\t\t\t<\/div>\n\t\t\t\t<div class=\"elementor-element elementor-element-b609ba8 elementor-button-align-start ob-has-background-overlay elementor-widget elementor-widget-form\" data-id=\"b609ba8\" data-element_type=\"widget\" data-e-type=\"widget\" data-settings=\"{&quot;step_next_label&quot;:&quot;Suivant&quot;,&quot;step_previous_label&quot;:&quot;Pr\\u00e9c\\u00e9dent&quot;,&quot;button_width&quot;:&quot;100&quot;,&quot;step_type&quot;:&quot;number_text&quot;,&quot;step_icon_shape&quot;:&quot;circle&quot;,&quot;_ob_widget_stalker_use&quot;:&quot;no&quot;,&quot;_ob_poopart_use&quot;:&quot;yes&quot;,&quot;_ob_shadough_use&quot;:&quot;no&quot;,&quot;_ob_allow_hoveranimator&quot;:&quot;no&quot;}\" data-widget_type=\"form.default\">\n\t\t\t\t<div class=\"elementor-widget-container\">\n\t\t\t\t\t\t\t<form class=\"elementor-form\" method=\"post\" name=\"Nouveau formulaire\" aria-label=\"Nouveau formulaire\">\n\t\t\t<input type=\"hidden\" name=\"post_id\" value=\"8793\"\/>\n\t\t\t<input type=\"hidden\" name=\"form_id\" value=\"b609ba8\"\/>\n\t\t\t<input type=\"hidden\" name=\"referer_title\" value=\"NIE Number Fast\" \/>\n\n\t\t\t\n\t\t\t<div class=\"elementor-form-fields-wrapper elementor-labels-above\">\n\t\t\t\t\t\t\t\t<div class=\"elementor-field-type-text elementor-field-group elementor-column elementor-field-group-name elementor-col-100 elementor-field-required\">\n\t\t\t\t\t\t\t\t\t\t\t\t\t<input size=\"1\" type=\"text\" name=\"form_fields[name]\" id=\"form-field-name\" class=\"elementor-field elementor-size-sm  elementor-field-textual\" placeholder=\"Nom\" required=\"required\">\n\t\t\t\t\t\t\t\t\t\t\t<\/div>\n\t\t\t\t\t\t\t\t<div class=\"elementor-field-type-email elementor-field-group elementor-column elementor-field-group-email elementor-col-100 elementor-field-required\">\n\t\t\t\t\t\t\t\t\t\t\t\t\t<input size=\"1\" type=\"email\" name=\"form_fields[email]\" id=\"form-field-email\" class=\"elementor-field elementor-size-sm  elementor-field-textual\" placeholder=\"Courriel\" required=\"required\">\n\t\t\t\t\t\t\t\t\t\t\t<\/div>\n\t\t\t\t\t\t\t\t<div class=\"elementor-field-type-textarea elementor-field-group elementor-column elementor-field-group-message elementor-col-100 elementor-field-required\">\n\t\t\t\t\t<textarea class=\"elementor-field-textual elementor-field  elementor-size-sm\" name=\"form_fields[message]\" id=\"form-field-message\" rows=\"8\" placeholder=\"Message\" required=\"required\"><\/textarea>\t\t\t\t<\/div>\n\t\t\t\t\t\t\t\t<div class=\"elementor-field-group elementor-column elementor-field-type-submit elementor-col-100 e-form__buttons\">\n\t\t\t\t\t<button class=\"elementor-button elementor-size-md\" type=\"submit\">\n\t\t\t\t\t\t<span class=\"elementor-button-content-wrapper\">\n\t\t\t\t\t\t\t\t\t\t\t\t\t\t\t\t\t\t\t\t\t\t<span class=\"elementor-button-text\">Envoyer<\/span>\n\t\t\t\t\t\t\t\t\t\t\t\t\t<\/span>\n\t\t\t\t\t<\/button>\n\t\t\t\t<\/div>\n\t\t\t<\/div>\n\t\t<\/form>\n\t\t\t\t\t\t<\/div>\n\t\t\t\t<\/div>\n\t\t\t\t<div class=\"elementor-element elementor-element-03258ff ob-has-background-overlay elementor-widget elementor-widget-shortcode\" data-id=\"03258ff\" data-element_type=\"widget\" data-e-type=\"widget\" data-settings=\"{&quot;_ob_widget_stalker_use&quot;:&quot;no&quot;,&quot;_ob_poopart_use&quot;:&quot;yes&quot;,&quot;_ob_shadough_use&quot;:&quot;no&quot;,&quot;_ob_allow_hoveranimator&quot;:&quot;no&quot;}\" data-widget_type=\"shortcode.default\">\n\t\t\t\t<div class=\"elementor-widget-container\">\n\t\t\t\t\t\t\t<div class=\"elementor-shortcode\"><div data-src=\"https:\/\/cdn.trustindex.io\/loader.js?ecc698a2805d425e16545d6ae2\"><\/div><\/div>\n\t\t\t\t\t\t<\/div>\n\t\t\t\t<\/div>\n\t\t\t\t\t<\/div>\n\t\t<\/div>\n\t\t\t\t\t<\/div>\n\t\t<\/section>\n\t\t\t\t<\/div>\n\t\t","protected":false},"excerpt":{"rendered":"<p>Questions fr\u00e9quemment pos\u00e9es Quels documents n\u00e9cessaires dois-je fournir \u00e0 ? Pour plus de clart\u00e9, voici un r\u00e9sum\u00e9 des \u00e9l\u00e9ments importants pour demander un num\u00e9ro NIE : Acte notari\u00e9 de procuration \u00e9tabli par un notaire La copie du passeport doit comporter le cachet et la signature du notaire. Il est important d&rsquo;ajouter une apostille. Ajouter une &hellip;<\/p>\n<p class=\"read-more\"> <a class=\"\" href=\"https:\/\/nienumberfast.com\/fr\/contact-nie-number-fast\/\"> <span class=\"screen-reader-text\">Contact | NIE Number Fast<\/span> Lire la suite \u00bb<\/a><\/p>\n","protected":false},"author":1,"featured_media":0,"parent":0,"menu_order":0,"comment_status":"closed","ping_status":"closed","template":"","meta":{"site-sidebar-layout":"no-sidebar","site-content-layout":"page-builder","ast-global-header-display":"","ast-main-header-display":"","ast-hfb-above-header-display":"","ast-hfb-below-header-display":"","ast-hfb-mobile-header-display":"","site-post-title":"disabled","ast-breadcrumbs-content":"","ast-featured-img":"disabled","footer-sml-layout":"","theme-transparent-header-meta":"default","adv-header-id-meta":"","stick-header-meta":"default","header-above-stick-meta":"","header-main-stick-meta":"","header-below-stick-meta":"","footnotes":""},"class_list":["post-8793","page","type-page","status-publish","hentry"],"yoast_head":"<!-- This site is optimized with the Yoast SEO Premium plugin v20.5 (Yoast SEO v27.0) - https:\/\/yoast.com\/product\/yoast-seo-premium-wordpress\/ -->\n<title>Contact | NIE Number Fast<\/title>\n<meta name=\"description\" content=\"Vous avez besoin d&#039;un num\u00e9ro NIE, mais vous avez encore des questions ? N&#039;h\u00e9sitez pas \u00e0 nous les poser ! Nous nous ferons un plaisir de vous aider.\" \/>\n<meta name=\"robots\" content=\"index, follow, max-snippet:-1, max-image-preview:large, max-video-preview:-1\" \/>\n<link rel=\"canonical\" href=\"https:\/\/nienumberfast.com\/fr\/contact-nie-number-fast\/\" \/>\n<meta property=\"og:locale\" content=\"fr_FR\" \/>\n<meta property=\"og:type\" content=\"article\" \/>\n<meta property=\"og:title\" content=\"Contact | NIE Number Fast\" \/>\n<meta property=\"og:description\" content=\"Vous avez besoin d&#039;un num\u00e9ro NIE, mais vous avez encore des questions ? N&#039;h\u00e9sitez pas \u00e0 nous les poser ! Nous nous ferons un plaisir de vous aider.\" \/>\n<meta property=\"og:url\" content=\"https:\/\/nienumberfast.com\/fr\/contact-nie-number-fast\/\" \/>\n<meta property=\"og:site_name\" content=\"NIE Number Fast\" \/>\n<meta name=\"twitter:card\" content=\"summary_large_image\" \/>\n<meta name=\"twitter:label1\" content=\"Dur\u00e9e de lecture estim\u00e9e\" \/>\n\t<meta name=\"twitter:data1\" content=\"1 minute\" \/>\n<script type=\"application\/ld+json\" class=\"yoast-schema-graph\">{\"@context\":\"https:\/\/schema.org\",\"@graph\":[{\"@type\":\"WebPage\",\"@id\":\"https:\/\/nienumberfast.com\/fr\/contact-nie-number-fast\/\",\"url\":\"https:\/\/nienumberfast.com\/fr\/contact-nie-number-fast\/\",\"name\":\"Contact | NIE Number Fast\",\"isPartOf\":{\"@id\":\"https:\/\/nienumberfast.com\/#website\"},\"datePublished\":\"2026-01-27T17:57:42+00:00\",\"description\":\"Vous avez besoin d'un num\u00e9ro NIE, mais vous avez encore des questions ? N'h\u00e9sitez pas \u00e0 nous les poser ! Nous nous ferons un plaisir de vous aider.\",\"breadcrumb\":{\"@id\":\"https:\/\/nienumberfast.com\/fr\/contact-nie-number-fast\/#breadcrumb\"},\"inLanguage\":\"fr-FR\",\"potentialAction\":[{\"@type\":\"ReadAction\",\"target\":[\"https:\/\/nienumberfast.com\/fr\/contact-nie-number-fast\/\"]}]},{\"@type\":\"BreadcrumbList\",\"@id\":\"https:\/\/nienumberfast.com\/fr\/contact-nie-number-fast\/#breadcrumb\",\"itemListElement\":[{\"@type\":\"ListItem\",\"position\":1,\"name\":\"Home\",\"item\":\"https:\/\/nienumberfast.com\/fr\/nie-number-fast-demande-de-numero-nie-en-ligne\/\"},{\"@type\":\"ListItem\",\"position\":2,\"name\":\"Contact | NIE Number Fast\"}]},{\"@type\":\"WebSite\",\"@id\":\"https:\/\/nienumberfast.com\/#website\",\"url\":\"https:\/\/nienumberfast.com\/\",\"name\":\"NIE Number Fast\",\"description\":\"Online NIE Number Application Service\",\"publisher\":{\"@id\":\"https:\/\/nienumberfast.com\/#organization\"},\"potentialAction\":[{\"@type\":\"SearchAction\",\"target\":{\"@type\":\"EntryPoint\",\"urlTemplate\":\"https:\/\/nienumberfast.com\/?s={search_term_string}\"},\"query-input\":{\"@type\":\"PropertyValueSpecification\",\"valueRequired\":true,\"valueName\":\"search_term_string\"}}],\"inLanguage\":\"fr-FR\"},{\"@type\":\"Organization\",\"@id\":\"https:\/\/nienumberfast.com\/#organization\",\"name\":\"NIE Number Fast\",\"url\":\"https:\/\/nienumberfast.com\/\",\"logo\":{\"@type\":\"ImageObject\",\"inLanguage\":\"fr-FR\",\"@id\":\"https:\/\/nienumberfast.com\/#\/schema\/logo\/image\/\",\"url\":\"https:\/\/nienumberfast.com\/wp-content\/uploads\/2020\/12\/cropped-NIE-Number-Fast-favicon-3.png\",\"contentUrl\":\"https:\/\/nienumberfast.com\/wp-content\/uploads\/2020\/12\/cropped-NIE-Number-Fast-favicon-3.png\",\"width\":335,\"height\":238,\"caption\":\"NIE Number Fast\"},\"image\":{\"@id\":\"https:\/\/nienumberfast.com\/#\/schema\/logo\/image\/\"}}]}<\/script>\n<!-- \/ Yoast SEO Premium plugin. -->","yoast_head_json":{"title":"Contact | NIE Number Fast","description":"Vous avez besoin d'un num\u00e9ro NIE, mais vous avez encore des questions ? N'h\u00e9sitez pas \u00e0 nous les poser ! Nous nous ferons un plaisir de vous aider.","robots":{"index":"index","follow":"follow","max-snippet":"max-snippet:-1","max-image-preview":"max-image-preview:large","max-video-preview":"max-video-preview:-1"},"canonical":"https:\/\/nienumberfast.com\/fr\/contact-nie-number-fast\/","og_locale":"fr_FR","og_type":"article","og_title":"Contact | NIE Number Fast","og_description":"Vous avez besoin d'un num\u00e9ro NIE, mais vous avez encore des questions ? N'h\u00e9sitez pas \u00e0 nous les poser ! Nous nous ferons un plaisir de vous aider.","og_url":"https:\/\/nienumberfast.com\/fr\/contact-nie-number-fast\/","og_site_name":"NIE Number Fast","twitter_card":"summary_large_image","twitter_misc":{"Dur\u00e9e de lecture estim\u00e9e":"1 minute"},"schema":{"@context":"https:\/\/schema.org","@graph":[{"@type":"WebPage","@id":"https:\/\/nienumberfast.com\/fr\/contact-nie-number-fast\/","url":"https:\/\/nienumberfast.com\/fr\/contact-nie-number-fast\/","name":"Contact | NIE Number Fast","isPartOf":{"@id":"https:\/\/nienumberfast.com\/#website"},"datePublished":"2026-01-27T17:57:42+00:00","description":"Vous avez besoin d'un num\u00e9ro NIE, mais vous avez encore des questions ? N'h\u00e9sitez pas \u00e0 nous les poser ! Nous nous ferons un plaisir de vous aider.","breadcrumb":{"@id":"https:\/\/nienumberfast.com\/fr\/contact-nie-number-fast\/#breadcrumb"},"inLanguage":"fr-FR","potentialAction":[{"@type":"ReadAction","target":["https:\/\/nienumberfast.com\/fr\/contact-nie-number-fast\/"]}]},{"@type":"BreadcrumbList","@id":"https:\/\/nienumberfast.com\/fr\/contact-nie-number-fast\/#breadcrumb","itemListElement":[{"@type":"ListItem","position":1,"name":"Home","item":"https:\/\/nienumberfast.com\/fr\/nie-number-fast-demande-de-numero-nie-en-ligne\/"},{"@type":"ListItem","position":2,"name":"Contact | NIE Number Fast"}]},{"@type":"WebSite","@id":"https:\/\/nienumberfast.com\/#website","url":"https:\/\/nienumberfast.com\/","name":"NIE Number Fast","description":"Online NIE Number Application Service","publisher":{"@id":"https:\/\/nienumberfast.com\/#organization"},"potentialAction":[{"@type":"SearchAction","target":{"@type":"EntryPoint","urlTemplate":"https:\/\/nienumberfast.com\/?s={search_term_string}"},"query-input":{"@type":"PropertyValueSpecification","valueRequired":true,"valueName":"search_term_string"}}],"inLanguage":"fr-FR"},{"@type":"Organization","@id":"https:\/\/nienumberfast.com\/#organization","name":"NIE Number Fast","url":"https:\/\/nienumberfast.com\/","logo":{"@type":"ImageObject","inLanguage":"fr-FR","@id":"https:\/\/nienumberfast.com\/#\/schema\/logo\/image\/","url":"https:\/\/nienumberfast.com\/wp-content\/uploads\/2020\/12\/cropped-NIE-Number-Fast-favicon-3.png","contentUrl":"https:\/\/nienumberfast.com\/wp-content\/uploads\/2020\/12\/cropped-NIE-Number-Fast-favicon-3.png","width":335,"height":238,"caption":"NIE Number Fast"},"image":{"@id":"https:\/\/nienumberfast.com\/#\/schema\/logo\/image\/"}}]}},"_links":{"self":[{"href":"https:\/\/nienumberfast.com\/fr\/wp-json\/wp\/v2\/pages\/8793","targetHints":{"allow":["GET"]}}],"collection":[{"href":"https:\/\/nienumberfast.com\/fr\/wp-json\/wp\/v2\/pages"}],"about":[{"href":"https:\/\/nienumberfast.com\/fr\/wp-json\/wp\/v2\/types\/page"}],"author":[{"embeddable":true,"href":"https:\/\/nienumberfast.com\/fr\/wp-json\/wp\/v2\/users\/1"}],"replies":[{"embeddable":true,"href":"https:\/\/nienumberfast.com\/fr\/wp-json\/wp\/v2\/comments?post=8793"}],"version-history":[{"count":1,"href":"https:\/\/nienumberfast.com\/fr\/wp-json\/wp\/v2\/pages\/8793\/revisions"}],"predecessor-version":[{"id":8794,"href":"https:\/\/nienumberfast.com\/fr\/wp-json\/wp\/v2\/pages\/8793\/revisions\/8794"}],"wp:attachment":[{"href":"https:\/\/nienumberfast.com\/fr\/wp-json\/wp\/v2\/media?parent=8793"}],"curies":[{"name":"wp","href":"https:\/\/api.w.org\/{rel}","templated":true}]}}