{"id":8632,"date":"2026-01-27T08:47:55","date_gmt":"2026-01-27T08:47:55","guid":{"rendered":"https:\/\/nienumberfast.com\/thank-you-numero-nie-rapide\/"},"modified":"2026-01-27T08:48:58","modified_gmt":"2026-01-27T08:48:58","slug":"thank-you-numero-nie-rapide","status":"publish","type":"page","link":"https:\/\/nienumberfast.com\/fr\/thank-you-numero-nie-rapide\/","title":{"rendered":"Merci | NIE Number Fast"},"content":{"rendered":"\t\t<div data-elementor-type=\"wp-page\" data-elementor-id=\"8632\" class=\"elementor elementor-8632 elementor-4377\" data-elementor-post-type=\"page\">\n\t\t\t\t\t\t<section class=\"elementor-section elementor-top-section elementor-element elementor-element-af2a4ec elementor-section-boxed elementor-section-height-default elementor-section-height-default\" data-id=\"af2a4ec\" data-element_type=\"section\" data-e-type=\"section\" data-settings=\"{&quot;_ob_glider_is_slider&quot;:&quot;no&quot;}\">\n\t\t\t\t\t\t<div class=\"elementor-container elementor-column-gap-default\">\n\t\t\t\t\t<div class=\"elementor-column elementor-col-100 elementor-top-column elementor-element elementor-element-5fdad88\" data-id=\"5fdad88\" data-element_type=\"column\" data-e-type=\"column\" data-settings=\"{&quot;_ob_column_hoveranimator&quot;:&quot;no&quot;,&quot;_ob_column_has_pseudo&quot;:&quot;no&quot;}\">\n\t\t\t<div class=\"elementor-widget-wrap elementor-element-populated\">\n\t\t\t\t\t\t<div class=\"elementor-element elementor-element-8c57aaf ob-has-background-overlay elementor-widget elementor-widget-shortcode\" data-id=\"8c57aaf\" data-element_type=\"widget\" data-e-type=\"widget\" data-settings=\"{&quot;_ob_widget_stalker_use&quot;:&quot;no&quot;,&quot;_ob_poopart_use&quot;:&quot;yes&quot;,&quot;_ob_shadough_use&quot;:&quot;no&quot;,&quot;_ob_allow_hoveranimator&quot;:&quot;no&quot;}\" data-widget_type=\"shortcode.default\">\n\t\t\t\t<div class=\"elementor-widget-container\">\n\t\t\t\t\t\t\t<div class=\"elementor-shortcode\"><\/div>\n\t\t\t\t\t\t<\/div>\n\t\t\t\t<\/div>\n\t\t\t\t\t<\/div>\n\t\t<\/div>\n\t\t\t\t\t<\/div>\n\t\t<\/section>\n\t\t\t\t<section class=\"elementor-section elementor-top-section elementor-element elementor-element-62431cc6 elementor-section-boxed elementor-section-height-default elementor-section-height-default\" data-id=\"62431cc6\" data-element_type=\"section\" data-e-type=\"section\" data-settings=\"{&quot;_ob_glider_is_slider&quot;:&quot;no&quot;}\">\n\t\t\t\t\t\t<div class=\"elementor-container elementor-column-gap-default\">\n\t\t\t\t\t<div class=\"elementor-column elementor-col-100 elementor-top-column elementor-element elementor-element-4bf53ba9\" data-id=\"4bf53ba9\" data-element_type=\"column\" data-e-type=\"column\" data-settings=\"{&quot;_ob_column_hoveranimator&quot;:&quot;no&quot;,&quot;_ob_column_has_pseudo&quot;:&quot;no&quot;}\">\n\t\t\t<div class=\"elementor-widget-wrap elementor-element-populated\">\n\t\t\t\t\t\t<section class=\"elementor-section elementor-inner-section elementor-element elementor-element-2c9bd889 elementor-section-boxed elementor-section-height-default elementor-section-height-default\" data-id=\"2c9bd889\" data-element_type=\"section\" data-e-type=\"section\" data-settings=\"{&quot;_ob_glider_is_slider&quot;:&quot;no&quot;}\">\n\t\t\t\t\t\t<div class=\"elementor-container elementor-column-gap-default\">\n\t\t\t\t\t<div class=\"elementor-column elementor-col-50 elementor-inner-column elementor-element elementor-element-518b1063\" data-id=\"518b1063\" data-element_type=\"column\" data-e-type=\"column\" data-settings=\"{&quot;_ob_column_hoveranimator&quot;:&quot;no&quot;,&quot;_ob_column_has_pseudo&quot;:&quot;no&quot;}\">\n\t\t\t<div class=\"elementor-widget-wrap elementor-element-populated\">\n\t\t\t\t\t\t<div class=\"elementor-element elementor-element-5025a5b3 ob-harakiri-inherit ob-has-background-overlay elementor-widget elementor-widget-heading\" data-id=\"5025a5b3\" data-element_type=\"widget\" data-e-type=\"widget\" data-settings=\"{&quot;_ob_use_harakiri&quot;:&quot;yes&quot;,&quot;_ob_harakiri_writing_mode&quot;:&quot;inherit&quot;,&quot;_ob_harakiri_text_clip&quot;:&quot;none&quot;,&quot;_ob_widget_stalker_use&quot;:&quot;no&quot;,&quot;_ob_poopart_use&quot;:&quot;yes&quot;,&quot;_ob_shadough_use&quot;:&quot;no&quot;,&quot;_ob_allow_hoveranimator&quot;:&quot;no&quot;}\" data-widget_type=\"heading.default\">\n\t\t\t\t<div class=\"elementor-widget-container\">\n\t\t\t\t\t<h1 class=\"elementor-heading-title elementor-size-default\">Nous vous remercions. Veuillez lire le message ci-dessous. <\/h1>\t\t\t\t<\/div>\n\t\t\t\t<\/div>\n\t\t\t\t<div class=\"elementor-element elementor-element-7de2eac9 ob-harakiri-inherit ob-has-background-overlay elementor-widget elementor-widget-text-editor\" data-id=\"7de2eac9\" data-element_type=\"widget\" data-e-type=\"widget\" data-settings=\"{&quot;_ob_use_harakiri&quot;:&quot;yes&quot;,&quot;_ob_harakiri_writing_mode&quot;:&quot;inherit&quot;,&quot;_ob_postman_use&quot;:&quot;no&quot;,&quot;_ob_widget_stalker_use&quot;:&quot;no&quot;,&quot;_ob_poopart_use&quot;:&quot;yes&quot;,&quot;_ob_shadough_use&quot;:&quot;no&quot;,&quot;_ob_allow_hoveranimator&quot;:&quot;no&quot;}\" data-widget_type=\"text-editor.default\">\n\t\t\t\t<div class=\"elementor-widget-container\">\n\t\t\t\t\t\t\t\t\t<p>Votre demande a bien \u00e9t\u00e9 re\u00e7ue. Pour la suite du traitement, <strong>nous vous demandons de nous envoyer une procuration \u00e0 des fins d&rsquo;autorisation<\/strong>. Nous vous enverrons la procuration avec la marche \u00e0 suivre dans un d\u00e9lai d&rsquo;un jour ouvrable. Veuillez lire attentivement cet e-mail. Si vous n&rsquo;avez rien re\u00e7u apr\u00e8s un jour ouvrable, veuillez nous en informer en nous envoyant un courriel \u00e0 l&rsquo;adresse suivante : <a href=\"mailto:info@nienumberfast.com\">info@nienumberfast.com.<\/a>   <\/p>\n\t\t\t\t\t\t\t\t<\/div>\n\t\t\t\t<\/div>\n\t\t\t\t\t<\/div>\n\t\t<\/div>\n\t\t\t\t<div class=\"elementor-column elementor-col-50 elementor-inner-column elementor-element elementor-element-5918f9d5\" data-id=\"5918f9d5\" data-element_type=\"column\" data-e-type=\"column\" data-settings=\"{&quot;_ob_column_hoveranimator&quot;:&quot;no&quot;,&quot;_ob_column_has_pseudo&quot;:&quot;no&quot;}\">\n\t\t\t<div class=\"elementor-widget-wrap elementor-element-populated\">\n\t\t\t\t\t\t<div class=\"elementor-element elementor-element-17c53c98 ob-has-background-overlay elementor-widget elementor-widget-image\" data-id=\"17c53c98\" data-element_type=\"widget\" data-e-type=\"widget\" data-settings=\"{&quot;_ob_photomorph_use&quot;:&quot;no&quot;,&quot;_ob_widget_stalker_use&quot;:&quot;no&quot;,&quot;_ob_poopart_use&quot;:&quot;yes&quot;,&quot;_ob_shadough_use&quot;:&quot;no&quot;,&quot;_ob_allow_hoveranimator&quot;:&quot;no&quot;}\" data-widget_type=\"image.default\">\n\t\t\t\t<div class=\"elementor-widget-container\">\n\t\t\t\t\t\t\t\t\t\t\t\t\t\t\t<img fetchpriority=\"high\" decoding=\"async\" width=\"1024\" height=\"1024\" src=\"https:\/\/nienumberfast.com\/wp-content\/uploads\/2022\/12\/Happy-with-NIE-Number-1-1024x1024.png\" class=\"attachment-large size-large wp-image-4864\" alt=\"Happy with NIE Number\" srcset=\"https:\/\/nienumberfast.com\/wp-content\/uploads\/2022\/12\/Happy-with-NIE-Number-1-1024x1024.png 1024w, https:\/\/nienumberfast.com\/wp-content\/uploads\/2022\/12\/Happy-with-NIE-Number-1-300x300.png 300w, https:\/\/nienumberfast.com\/wp-content\/uploads\/2022\/12\/Happy-with-NIE-Number-1-150x150.png 150w, https:\/\/nienumberfast.com\/wp-content\/uploads\/2022\/12\/Happy-with-NIE-Number-1-768x768.png 768w, https:\/\/nienumberfast.com\/wp-content\/uploads\/2022\/12\/Happy-with-NIE-Number-1.png 1080w\" sizes=\"(max-width: 1024px) 100vw, 1024px\" \/>\t\t\t\t\t\t\t\t\t\t\t\t\t\t\t<\/div>\n\t\t\t\t<\/div>\n\t\t\t\t\t<\/div>\n\t\t<\/div>\n\t\t\t\t\t<\/div>\n\t\t<\/section>\n\t\t\t\t\t<\/div>\n\t\t<\/div>\n\t\t\t\t\t<\/div>\n\t\t<\/section>\n\t\t\t\t<\/div>\n\t\t","protected":false},"excerpt":{"rendered":"<p>Nous vous remercions. Veuillez lire le message ci-dessous. Votre demande a bien \u00e9t\u00e9 re\u00e7ue. Pour la suite du traitement, nous vous demandons de nous envoyer une procuration \u00e0 des fins d&rsquo;autorisation. Nous vous enverrons la procuration avec la marche \u00e0 suivre dans un d\u00e9lai d&rsquo;un jour ouvrable. Veuillez lire attentivement cet e-mail. Si vous n&rsquo;avez &hellip;<\/p>\n<p class=\"read-more\"> <a class=\"\" href=\"https:\/\/nienumberfast.com\/fr\/thank-you-numero-nie-rapide\/\"> <span class=\"screen-reader-text\">Merci | NIE Number Fast<\/span> Lire la suite \u00bb<\/a><\/p>\n","protected":false},"author":1,"featured_media":0,"parent":0,"menu_order":0,"comment_status":"closed","ping_status":"closed","template":"","meta":{"site-sidebar-layout":"no-sidebar","site-content-layout":"page-builder","ast-global-header-display":"","ast-main-header-display":"","ast-hfb-above-header-display":"","ast-hfb-below-header-display":"","ast-hfb-mobile-header-display":"","site-post-title":"disabled","ast-breadcrumbs-content":"","ast-featured-img":"disabled","footer-sml-layout":"","theme-transparent-header-meta":"","adv-header-id-meta":"","stick-header-meta":"","header-above-stick-meta":"","header-main-stick-meta":"","header-below-stick-meta":"","footnotes":""},"class_list":["post-8632","page","type-page","status-publish","hentry"],"yoast_head":"<!-- This site is optimized with the Yoast SEO Premium plugin v20.5 (Yoast SEO v27.0) - https:\/\/yoast.com\/product\/yoast-seo-premium-wordpress\/ -->\n<title>Merci | NIE Number Fast<\/title>\n<meta name=\"description\" content=\"Merci de faire confiance \u00e0 NIE Number Fast. Nous commencerons \u00e0 travailler pour vous imm\u00e9diatement afin de vous d\u00e9livrer votre num\u00e9ro NIE rapidement.\" \/>\n<meta name=\"robots\" content=\"index, follow, max-snippet:-1, max-image-preview:large, max-video-preview:-1\" \/>\n<link rel=\"canonical\" href=\"https:\/\/nienumberfast.com\/fr\/thank-you-numero-nie-rapide\/\" \/>\n<meta property=\"og:locale\" content=\"fr_FR\" \/>\n<meta property=\"og:type\" content=\"article\" \/>\n<meta property=\"og:title\" content=\"Merci | NIE Number Fast\" \/>\n<meta property=\"og:description\" content=\"Merci de faire confiance \u00e0 NIE Number Fast. Nous commencerons \u00e0 travailler pour vous imm\u00e9diatement afin de vous d\u00e9livrer votre num\u00e9ro NIE rapidement.\" \/>\n<meta property=\"og:url\" content=\"https:\/\/nienumberfast.com\/fr\/thank-you-numero-nie-rapide\/\" \/>\n<meta property=\"og:site_name\" content=\"NIE Number Fast\" \/>\n<meta property=\"article:modified_time\" content=\"2026-01-27T08:48:58+00:00\" \/>\n<meta property=\"og:image\" content=\"https:\/\/nienumberfast.com\/wp-content\/uploads\/2022\/12\/Happy-with-NIE-Number-1.png\" \/>\n\t<meta property=\"og:image:width\" content=\"1080\" \/>\n\t<meta property=\"og:image:height\" content=\"1080\" \/>\n\t<meta property=\"og:image:type\" content=\"image\/png\" \/>\n<meta name=\"twitter:card\" content=\"summary_large_image\" \/>\n<script type=\"application\/ld+json\" class=\"yoast-schema-graph\">{\"@context\":\"https:\/\/schema.org\",\"@graph\":[{\"@type\":\"WebPage\",\"@id\":\"https:\/\/nienumberfast.com\/fr\/thank-you-numero-nie-rapide\/\",\"url\":\"https:\/\/nienumberfast.com\/fr\/thank-you-numero-nie-rapide\/\",\"name\":\"Merci | NIE Number Fast\",\"isPartOf\":{\"@id\":\"https:\/\/nienumberfast.com\/#website\"},\"primaryImageOfPage\":{\"@id\":\"https:\/\/nienumberfast.com\/fr\/thank-you-numero-nie-rapide\/#primaryimage\"},\"image\":{\"@id\":\"https:\/\/nienumberfast.com\/fr\/thank-you-numero-nie-rapide\/#primaryimage\"},\"thumbnailUrl\":\"https:\/\/nienumberfast.com\/wp-content\/uploads\/2022\/12\/Happy-with-NIE-Number-1-1024x1024.png\",\"datePublished\":\"2026-01-27T08:47:55+00:00\",\"dateModified\":\"2026-01-27T08:48:58+00:00\",\"description\":\"Merci de faire confiance \u00e0 NIE Number Fast. Nous commencerons \u00e0 travailler pour vous imm\u00e9diatement afin de vous d\u00e9livrer votre num\u00e9ro NIE rapidement.\",\"breadcrumb\":{\"@id\":\"https:\/\/nienumberfast.com\/fr\/thank-you-numero-nie-rapide\/#breadcrumb\"},\"inLanguage\":\"fr-FR\",\"potentialAction\":[{\"@type\":\"ReadAction\",\"target\":[\"https:\/\/nienumberfast.com\/fr\/thank-you-numero-nie-rapide\/\"]}]},{\"@type\":\"ImageObject\",\"inLanguage\":\"fr-FR\",\"@id\":\"https:\/\/nienumberfast.com\/fr\/thank-you-numero-nie-rapide\/#primaryimage\",\"url\":\"https:\/\/nienumberfast.com\/wp-content\/uploads\/2022\/12\/Happy-with-NIE-Number-1-1024x1024.png\",\"contentUrl\":\"https:\/\/nienumberfast.com\/wp-content\/uploads\/2022\/12\/Happy-with-NIE-Number-1-1024x1024.png\"},{\"@type\":\"BreadcrumbList\",\"@id\":\"https:\/\/nienumberfast.com\/fr\/thank-you-numero-nie-rapide\/#breadcrumb\",\"itemListElement\":[{\"@type\":\"ListItem\",\"position\":1,\"name\":\"Home\",\"item\":\"https:\/\/nienumberfast.com\/fr\/nie-number-fast-demande-de-numero-nie-en-ligne\/\"},{\"@type\":\"ListItem\",\"position\":2,\"name\":\"Merci | NIE Number Fast\"}]},{\"@type\":\"WebSite\",\"@id\":\"https:\/\/nienumberfast.com\/#website\",\"url\":\"https:\/\/nienumberfast.com\/\",\"name\":\"NIE Number Fast\",\"description\":\"Online NIE Number Application Service\",\"publisher\":{\"@id\":\"https:\/\/nienumberfast.com\/#organization\"},\"potentialAction\":[{\"@type\":\"SearchAction\",\"target\":{\"@type\":\"EntryPoint\",\"urlTemplate\":\"https:\/\/nienumberfast.com\/?s={search_term_string}\"},\"query-input\":{\"@type\":\"PropertyValueSpecification\",\"valueRequired\":true,\"valueName\":\"search_term_string\"}}],\"inLanguage\":\"fr-FR\"},{\"@type\":\"Organization\",\"@id\":\"https:\/\/nienumberfast.com\/#organization\",\"name\":\"NIE Number Fast\",\"url\":\"https:\/\/nienumberfast.com\/\",\"logo\":{\"@type\":\"ImageObject\",\"inLanguage\":\"fr-FR\",\"@id\":\"https:\/\/nienumberfast.com\/#\/schema\/logo\/image\/\",\"url\":\"https:\/\/nienumberfast.com\/wp-content\/uploads\/2020\/12\/cropped-NIE-Number-Fast-favicon-3.png\",\"contentUrl\":\"https:\/\/nienumberfast.com\/wp-content\/uploads\/2020\/12\/cropped-NIE-Number-Fast-favicon-3.png\",\"width\":335,\"height\":238,\"caption\":\"NIE Number Fast\"},\"image\":{\"@id\":\"https:\/\/nienumberfast.com\/#\/schema\/logo\/image\/\"}}]}<\/script>\n<!-- \/ Yoast SEO Premium plugin. -->","yoast_head_json":{"title":"Merci | NIE Number Fast","description":"Merci de faire confiance \u00e0 NIE Number Fast. Nous commencerons \u00e0 travailler pour vous imm\u00e9diatement afin de vous d\u00e9livrer votre num\u00e9ro NIE rapidement.","robots":{"index":"index","follow":"follow","max-snippet":"max-snippet:-1","max-image-preview":"max-image-preview:large","max-video-preview":"max-video-preview:-1"},"canonical":"https:\/\/nienumberfast.com\/fr\/thank-you-numero-nie-rapide\/","og_locale":"fr_FR","og_type":"article","og_title":"Merci | NIE Number Fast","og_description":"Merci de faire confiance \u00e0 NIE Number Fast. Nous commencerons \u00e0 travailler pour vous imm\u00e9diatement afin de vous d\u00e9livrer votre num\u00e9ro NIE rapidement.","og_url":"https:\/\/nienumberfast.com\/fr\/thank-you-numero-nie-rapide\/","og_site_name":"NIE Number Fast","article_modified_time":"2026-01-27T08:48:58+00:00","og_image":[{"width":1080,"height":1080,"url":"https:\/\/nienumberfast.com\/wp-content\/uploads\/2022\/12\/Happy-with-NIE-Number-1.png","type":"image\/png"}],"twitter_card":"summary_large_image","schema":{"@context":"https:\/\/schema.org","@graph":[{"@type":"WebPage","@id":"https:\/\/nienumberfast.com\/fr\/thank-you-numero-nie-rapide\/","url":"https:\/\/nienumberfast.com\/fr\/thank-you-numero-nie-rapide\/","name":"Merci | NIE Number Fast","isPartOf":{"@id":"https:\/\/nienumberfast.com\/#website"},"primaryImageOfPage":{"@id":"https:\/\/nienumberfast.com\/fr\/thank-you-numero-nie-rapide\/#primaryimage"},"image":{"@id":"https:\/\/nienumberfast.com\/fr\/thank-you-numero-nie-rapide\/#primaryimage"},"thumbnailUrl":"https:\/\/nienumberfast.com\/wp-content\/uploads\/2022\/12\/Happy-with-NIE-Number-1-1024x1024.png","datePublished":"2026-01-27T08:47:55+00:00","dateModified":"2026-01-27T08:48:58+00:00","description":"Merci de faire confiance \u00e0 NIE Number Fast. Nous commencerons \u00e0 travailler pour vous imm\u00e9diatement afin de vous d\u00e9livrer votre num\u00e9ro NIE rapidement.","breadcrumb":{"@id":"https:\/\/nienumberfast.com\/fr\/thank-you-numero-nie-rapide\/#breadcrumb"},"inLanguage":"fr-FR","potentialAction":[{"@type":"ReadAction","target":["https:\/\/nienumberfast.com\/fr\/thank-you-numero-nie-rapide\/"]}]},{"@type":"ImageObject","inLanguage":"fr-FR","@id":"https:\/\/nienumberfast.com\/fr\/thank-you-numero-nie-rapide\/#primaryimage","url":"https:\/\/nienumberfast.com\/wp-content\/uploads\/2022\/12\/Happy-with-NIE-Number-1-1024x1024.png","contentUrl":"https:\/\/nienumberfast.com\/wp-content\/uploads\/2022\/12\/Happy-with-NIE-Number-1-1024x1024.png"},{"@type":"BreadcrumbList","@id":"https:\/\/nienumberfast.com\/fr\/thank-you-numero-nie-rapide\/#breadcrumb","itemListElement":[{"@type":"ListItem","position":1,"name":"Home","item":"https:\/\/nienumberfast.com\/fr\/nie-number-fast-demande-de-numero-nie-en-ligne\/"},{"@type":"ListItem","position":2,"name":"Merci | NIE Number Fast"}]},{"@type":"WebSite","@id":"https:\/\/nienumberfast.com\/#website","url":"https:\/\/nienumberfast.com\/","name":"NIE Number Fast","description":"Online NIE Number Application Service","publisher":{"@id":"https:\/\/nienumberfast.com\/#organization"},"potentialAction":[{"@type":"SearchAction","target":{"@type":"EntryPoint","urlTemplate":"https:\/\/nienumberfast.com\/?s={search_term_string}"},"query-input":{"@type":"PropertyValueSpecification","valueRequired":true,"valueName":"search_term_string"}}],"inLanguage":"fr-FR"},{"@type":"Organization","@id":"https:\/\/nienumberfast.com\/#organization","name":"NIE Number Fast","url":"https:\/\/nienumberfast.com\/","logo":{"@type":"ImageObject","inLanguage":"fr-FR","@id":"https:\/\/nienumberfast.com\/#\/schema\/logo\/image\/","url":"https:\/\/nienumberfast.com\/wp-content\/uploads\/2020\/12\/cropped-NIE-Number-Fast-favicon-3.png","contentUrl":"https:\/\/nienumberfast.com\/wp-content\/uploads\/2020\/12\/cropped-NIE-Number-Fast-favicon-3.png","width":335,"height":238,"caption":"NIE Number Fast"},"image":{"@id":"https:\/\/nienumberfast.com\/#\/schema\/logo\/image\/"}}]}},"_links":{"self":[{"href":"https:\/\/nienumberfast.com\/fr\/wp-json\/wp\/v2\/pages\/8632","targetHints":{"allow":["GET"]}}],"collection":[{"href":"https:\/\/nienumberfast.com\/fr\/wp-json\/wp\/v2\/pages"}],"about":[{"href":"https:\/\/nienumberfast.com\/fr\/wp-json\/wp\/v2\/types\/page"}],"author":[{"embeddable":true,"href":"https:\/\/nienumberfast.com\/fr\/wp-json\/wp\/v2\/users\/1"}],"replies":[{"embeddable":true,"href":"https:\/\/nienumberfast.com\/fr\/wp-json\/wp\/v2\/comments?post=8632"}],"version-history":[{"count":5,"href":"https:\/\/nienumberfast.com\/fr\/wp-json\/wp\/v2\/pages\/8632\/revisions"}],"predecessor-version":[{"id":8637,"href":"https:\/\/nienumberfast.com\/fr\/wp-json\/wp\/v2\/pages\/8632\/revisions\/8637"}],"wp:attachment":[{"href":"https:\/\/nienumberfast.com\/fr\/wp-json\/wp\/v2\/media?parent=8632"}],"curies":[{"name":"wp","href":"https:\/\/api.w.org\/{rel}","templated":true}]}}