{"id":9619,"date":"2026-02-12T10:40:43","date_gmt":"2026-02-12T10:40:43","guid":{"rendered":"https:\/\/nienumberfast.com\/solicite-para-su-visa\/"},"modified":"2026-02-12T10:40:43","modified_gmt":"2026-02-12T10:40:43","slug":"solicite-para-su-visa","status":"publish","type":"page","link":"https:\/\/nienumberfast.com\/es\/solicite-para-su-visa\/","title":{"rendered":"Solicite para su VISA"},"content":{"rendered":"\t\t<div data-elementor-type=\"wp-page\" data-elementor-id=\"9619\" class=\"elementor elementor-9619 elementor-9369\" data-elementor-post-type=\"page\">\n\t\t\t\t\t\t<section class=\"elementor-section elementor-top-section elementor-element elementor-element-592c3ae8 elementor-section-content-middle elementor-section-boxed elementor-section-height-default elementor-section-height-default\" data-id=\"592c3ae8\" data-element_type=\"section\" data-e-type=\"section\" data-settings=\"{&quot;_ob_glider_is_slider&quot;:&quot;no&quot;}\">\n\t\t\t\t\t\t<div class=\"elementor-container elementor-column-gap-no\">\n\t\t\t\t\t<div class=\"elementor-column elementor-col-100 elementor-top-column elementor-element elementor-element-400b623d\" data-id=\"400b623d\" data-element_type=\"column\" data-e-type=\"column\" data-settings=\"{&quot;_ob_column_hoveranimator&quot;:&quot;no&quot;,&quot;_ob_column_has_pseudo&quot;:&quot;no&quot;}\">\n\t\t\t<div class=\"elementor-widget-wrap elementor-element-populated\">\n\t\t\t\t\t\t<div class=\"elementor-element elementor-element-7d641ff9 ob-harakiri-inherit ob-has-background-overlay elementor-widget elementor-widget-heading\" data-id=\"7d641ff9\" data-element_type=\"widget\" data-e-type=\"widget\" data-settings=\"{&quot;_ob_use_harakiri&quot;:&quot;yes&quot;,&quot;_ob_harakiri_writing_mode&quot;:&quot;inherit&quot;,&quot;_ob_harakiri_text_clip&quot;:&quot;none&quot;,&quot;_ob_widget_stalker_use&quot;:&quot;no&quot;,&quot;_ob_poopart_use&quot;:&quot;yes&quot;,&quot;_ob_shadough_use&quot;:&quot;no&quot;,&quot;_ob_allow_hoveranimator&quot;:&quot;no&quot;}\" data-widget_type=\"heading.default\">\n\t\t\t\t\t<h4 class=\"elementor-heading-title elementor-size-default\"><b>Solicite para su VISA<\/b><\/h4>\t\t\t\t<\/div>\n\t\t\t\t<section class=\"elementor-section elementor-inner-section elementor-element elementor-element-4f1d2fe6 elementor-section-content-middle elementor-section-boxed elementor-section-height-default elementor-section-height-default\" data-id=\"4f1d2fe6\" data-element_type=\"section\" data-e-type=\"section\" data-settings=\"{&quot;_ob_glider_is_slider&quot;:&quot;no&quot;}\">\n\t\t\t\t\t\t<div class=\"elementor-container elementor-column-gap-no\">\n\t\t\t\t\t<div class=\"elementor-column elementor-col-33 elementor-inner-column elementor-element elementor-element-57a89c9d\" data-id=\"57a89c9d\" data-element_type=\"column\" data-e-type=\"column\" data-settings=\"{&quot;_ob_column_hoveranimator&quot;:&quot;no&quot;,&quot;_ob_column_has_pseudo&quot;:&quot;no&quot;}\">\n\t\t\t<div class=\"elementor-widget-wrap elementor-element-populated\">\n\t\t\t\t\t\t<div class=\"elementor-element elementor-element-995fd21 ob-has-background-overlay elementor-widget elementor-widget-image-box\" data-id=\"995fd21\" data-element_type=\"widget\" data-e-type=\"widget\" data-settings=\"{&quot;_ob_widget_stalker_use&quot;:&quot;no&quot;,&quot;_ob_poopart_use&quot;:&quot;yes&quot;,&quot;_ob_shadough_use&quot;:&quot;no&quot;,&quot;_ob_allow_hoveranimator&quot;:&quot;no&quot;}\" data-widget_type=\"image-box.default\">\n\t\t\t\t\t<div class=\"elementor-image-box-wrapper\"><div class=\"elementor-image-box-content\"><h3 class=\"elementor-image-box-title\"><b>Non-Lucrative VISA<\/b><\/h3><p class=\"elementor-image-box-description\"><p data-start=\"436\" data-end=\"538\">Planificar vivir en Espa\u00f1a sin trabajar, por ejemplo durante la jubilaci\u00f3n, un a\u00f1o sab\u00e1tico o una estancia prolongada ?<\/p><ul data-start=\"540\" data-end=\"689\"><li data-start=\"540\" data-end=\"591\"><p data-start=\"542\" data-end=\"591\">Completar la solicitud la preparaci\u00f3n y la presentaci\u00f3n<\/p><\/li><li data-start=\"592\" data-end=\"641\">\n<p data-start=\"594\" data-end=\"641\">Todos los documentos gestionados y entregados digitalmente<\/p><\/li><li data-start=\"642\" data-end=\"689\">\n<p data-start=\"644\" data-end=\"689\">Oficial traducciones incluidas (valor 100 \u20ac)<\/p><\/li><\/ul><p data-start=\"691\" data-end=\"880\">Este visado es ideal si dispones de medios econ\u00f3micos suficientes y deseas una solicitud sin complicaciones y sin estr\u00e9s. Te guiamos en cada paso y nos aseguramos de que tu expediente cumpla con todos los requisitos espa\u00f1oles. <\/p><\/p><\/div><\/div>\t\t\t\t<\/div>\n\t\t\t\t<div class=\"elementor-element elementor-element-cf42699 elementor-align-center ob-has-background-overlay elementor-widget elementor-widget-button\" data-id=\"cf42699\" data-element_type=\"widget\" data-e-type=\"widget\" data-settings=\"{&quot;_ob_butterbutton_use_it&quot;:&quot;no&quot;,&quot;_ob_widget_stalker_use&quot;:&quot;no&quot;,&quot;_ob_poopart_use&quot;:&quot;yes&quot;,&quot;_ob_shadough_use&quot;:&quot;no&quot;,&quot;_ob_allow_hoveranimator&quot;:&quot;no&quot;}\" data-widget_type=\"button.default\">\n\t\t\t\t\t\t\t\t\t\t<a class=\"elementor-button elementor-button-link elementor-size-sm\" href=\"mailto:info@nienumberfast.com\">\n\t\t\t\t\t\t<span class=\"elementor-button-content-wrapper\">\n\t\t\t\t\t\t\t\t\t<span class=\"elementor-button-text\">Submit contact form<\/span>\n\t\t\t\t\t<\/span>\n\t\t\t\t\t<\/a>\n\t\t\t\t\t\t\t\t<\/div>\n\t\t\t\t\t<\/div>\n\t\t<\/div>\n\t\t\t\t<div class=\"elementor-column elementor-col-33 elementor-inner-column elementor-element elementor-element-27173087\" data-id=\"27173087\" data-element_type=\"column\" data-e-type=\"column\" data-settings=\"{&quot;_ob_column_hoveranimator&quot;:&quot;no&quot;,&quot;_ob_column_has_pseudo&quot;:&quot;no&quot;}\">\n\t\t\t<div class=\"elementor-widget-wrap elementor-element-populated\">\n\t\t\t\t\t\t<div class=\"elementor-element elementor-element-6ddc497b ob-has-background-overlay elementor-widget elementor-widget-image-box\" data-id=\"6ddc497b\" data-element_type=\"widget\" data-e-type=\"widget\" data-settings=\"{&quot;_ob_widget_stalker_use&quot;:&quot;no&quot;,&quot;_ob_poopart_use&quot;:&quot;yes&quot;,&quot;_ob_shadough_use&quot;:&quot;no&quot;,&quot;_ob_allow_hoveranimator&quot;:&quot;no&quot;}\" data-widget_type=\"image-box.default\">\n\t\t\t\t\t<div class=\"elementor-image-box-wrapper\"><div class=\"elementor-image-box-content\"><h3 class=\"elementor-image-box-title\"><b>Digital Nomad VISA<\/b><\/h3><p class=\"elementor-image-box-description\"><br><p data-start=\"936\" data-end=\"1004\">Trabajar a distancia mientras vives en Espa\u00f1a y disfrutas del estilo de vida espa\u00f1ol.<\/p><ul data-start=\"1006\" data-end=\"1151\"><li data-start=\"1006\" data-end=\"1053\"><p data-start=\"1008\" data-end=\"1053\">Completa solicitud preparaci\u00f3n y presentaci\u00f3n<\/p><\/li><li data-start=\"1054\" data-end=\"1103\"><p data-start=\"1056\" data-end=\"1103\">Presentaci\u00f3n flexible: UGE o consulado espa\u00f1ol<\/p><\/li><li data-start=\"1104\" data-end=\"1151\"><p data-start=\"1106\" data-end=\"1151\">Oficial traducciones incluidas (valor 200 \u20ac)<\/p><\/li><\/ul><span style=\"font-size: 16px\">Dise\u00f1ado para trabajadores remotos trabajadores aut\u00f3nomos y emprendedores. Nosotros nos aseguramos de que tu solicitud sea correcta, completa y enviada de la manera m\u00e1s r\u00e1pida posible para evitar retrasos. <\/span><\/p><\/div><\/div>\t\t\t\t<\/div>\n\t\t\t\t<div class=\"elementor-element elementor-element-a26d202 elementor-align-center ob-has-background-overlay elementor-widget elementor-widget-button\" data-id=\"a26d202\" data-element_type=\"widget\" data-e-type=\"widget\" data-settings=\"{&quot;_ob_butterbutton_use_it&quot;:&quot;no&quot;,&quot;_ob_widget_stalker_use&quot;:&quot;no&quot;,&quot;_ob_poopart_use&quot;:&quot;yes&quot;,&quot;_ob_shadough_use&quot;:&quot;no&quot;,&quot;_ob_allow_hoveranimator&quot;:&quot;no&quot;}\" data-widget_type=\"button.default\">\n\t\t\t\t\t\t\t\t\t\t<a class=\"elementor-button elementor-button-link elementor-size-sm\" href=\"mailto:info@nienumberfast.com\">\n\t\t\t\t\t\t<span class=\"elementor-button-content-wrapper\">\n\t\t\t\t\t\t\t\t\t<span class=\"elementor-button-text\">Submit contact form<\/span>\n\t\t\t\t\t<\/span>\n\t\t\t\t\t<\/a>\n\t\t\t\t\t\t\t\t<\/div>\n\t\t\t\t\t<\/div>\n\t\t<\/div>\n\t\t\t\t<div class=\"elementor-column elementor-col-33 elementor-inner-column elementor-element elementor-element-d3b1edd\" data-id=\"d3b1edd\" data-element_type=\"column\" data-e-type=\"column\" data-settings=\"{&quot;_ob_column_hoveranimator&quot;:&quot;no&quot;,&quot;_ob_column_has_pseudo&quot;:&quot;no&quot;}\">\n\t\t\t<div class=\"elementor-widget-wrap elementor-element-populated\">\n\t\t\t\t\t\t<div class=\"elementor-element elementor-element-70b4ea6 ob-has-background-overlay elementor-widget elementor-widget-image-box\" data-id=\"70b4ea6\" data-element_type=\"widget\" data-e-type=\"widget\" data-settings=\"{&quot;_ob_widget_stalker_use&quot;:&quot;no&quot;,&quot;_ob_poopart_use&quot;:&quot;yes&quot;,&quot;_ob_shadough_use&quot;:&quot;no&quot;,&quot;_ob_allow_hoveranimator&quot;:&quot;no&quot;}\" data-widget_type=\"image-box.default\">\n\t\t\t\t\t<div class=\"elementor-image-box-wrapper\"><div class=\"elementor-image-box-content\"><h3 class=\"elementor-image-box-title\"><b>Student VISA<\/b><\/h3><p class=\"elementor-image-box-description\"><p data-start=\"1372\" data-end=\"1428\">Estudiar, investigar o seguir un programa de formaci\u00f3n en Espa\u00f1a.<\/p><ul data-start=\"1430\" data-end=\"1564\"><li data-start=\"1430\" data-end=\"1477\"><p data-start=\"1432\" data-end=\"1477\">Completa solicitud preparaci\u00f3n y presentaci\u00f3n<\/p><\/li><li data-start=\"1478\" data-end=\"1517\"><p data-start=\"1480\" data-end=\"1517\">Solicitud en su consulado local<\/p><\/li><li data-start=\"1518\" data-end=\"1564\"><p data-start=\"1520\" data-end=\"1564\">Oficial traducciones incluidas (valor 75 \u20ac)<\/p><\/li><\/ul><span style=\"font-size: 16px\">Nosotros apoyamos a los estudiantes a lo largo de todo el proceso completo, desde la preparaci\u00f3n de los documentos hasta su presentaci\u00f3n, para que usted pueda centrarse en sus estudios mientras nosotros nos encargamos de los tr\u00e1mites.<\/span><\/p><\/div><\/div>\t\t\t\t<\/div>\n\t\t\t\t<div class=\"elementor-element elementor-element-7bf597a elementor-align-center ob-has-background-overlay elementor-widget elementor-widget-button\" data-id=\"7bf597a\" data-element_type=\"widget\" data-e-type=\"widget\" data-settings=\"{&quot;_ob_butterbutton_use_it&quot;:&quot;no&quot;,&quot;_ob_widget_stalker_use&quot;:&quot;no&quot;,&quot;_ob_poopart_use&quot;:&quot;yes&quot;,&quot;_ob_shadough_use&quot;:&quot;no&quot;,&quot;_ob_allow_hoveranimator&quot;:&quot;no&quot;}\" data-widget_type=\"button.default\">\n\t\t\t\t\t\t\t\t\t\t<a class=\"elementor-button elementor-button-link elementor-size-sm\" href=\"mailto:info@nienumberfast.com\">\n\t\t\t\t\t\t<span class=\"elementor-button-content-wrapper\">\n\t\t\t\t\t\t\t\t\t<span class=\"elementor-button-text\">Submit contact form<\/span>\n\t\t\t\t\t<\/span>\n\t\t\t\t\t<\/a>\n\t\t\t\t\t\t\t\t<\/div>\n\t\t\t\t\t<\/div>\n\t\t<\/div>\n\t\t\t\t\t<\/div>\n\t\t<\/section>\n\t\t\t\t\t<\/div>\n\t\t<\/div>\n\t\t\t\t\t<\/div>\n\t\t<\/section>\n\t\t\t\t<\/div>\n\t\t","protected":false},"excerpt":{"rendered":"<p>Solicite para su VISA Non-Lucrative VISA Planificar vivir en Espa\u00f1a sin trabajar, por ejemplo durante la jubilaci\u00f3n, un a\u00f1o sab\u00e1tico o una estancia prolongada ? Completar la solicitud la preparaci\u00f3n y la presentaci\u00f3n Todos los documentos gestionados y entregados digitalmente Oficial traducciones incluidas (valor 100 \u20ac) Este visado es ideal si dispones de medios econ\u00f3micos &hellip;<\/p>\n<p class=\"read-more\"> <a class=\"\" href=\"https:\/\/nienumberfast.com\/es\/solicite-para-su-visa\/\"> <span class=\"screen-reader-text\">Solicite para su VISA<\/span> Leer m\u00e1s \u00bb<\/a><\/p>\n","protected":false},"author":28,"featured_media":0,"parent":0,"menu_order":0,"comment_status":"closed","ping_status":"closed","template":"","meta":{"site-sidebar-layout":"no-sidebar","site-content-layout":"page-builder","ast-global-header-display":"","ast-main-header-display":"","ast-hfb-above-header-display":"","ast-hfb-below-header-display":"","ast-hfb-mobile-header-display":"","site-post-title":"disabled","ast-breadcrumbs-content":"","ast-featured-img":"disabled","footer-sml-layout":"","theme-transparent-header-meta":"","adv-header-id-meta":"","stick-header-meta":"","header-above-stick-meta":"","header-main-stick-meta":"","header-below-stick-meta":"","footnotes":""},"class_list":["post-9619","page","type-page","status-publish","hentry"],"yoast_head":"<!-- This site is optimized with the Yoast SEO Premium plugin v20.5 (Yoast SEO v27.6) - https:\/\/yoast.com\/product\/yoast-seo-premium-wordpress\/ -->\n<title>Solicite para su VISA - NIE Number Fast<\/title>\n<meta name=\"robots\" content=\"index, follow, max-snippet:-1, max-image-preview:large, max-video-preview:-1\" \/>\n<link rel=\"canonical\" href=\"https:\/\/nienumberfast.com\/es\/solicite-para-su-visa\/\" \/>\n<meta property=\"og:locale\" content=\"es_ES\" \/>\n<meta property=\"og:type\" content=\"article\" \/>\n<meta property=\"og:title\" content=\"Solicite para su VISA\" \/>\n<meta property=\"og:description\" content=\"Solicite para su VISA Non-Lucrative VISA Planificar vivir en Espa\u00f1a sin trabajar, por ejemplo durante la jubilaci\u00f3n, un a\u00f1o sab\u00e1tico o una estancia prolongada ? Completar la solicitud la preparaci\u00f3n y la presentaci\u00f3n Todos los documentos gestionados y entregados digitalmente Oficial traducciones incluidas (valor 100 \u20ac) Este visado es ideal si dispones de medios econ\u00f3micos &hellip; Solicite para su VISA Leer m\u00e1s \u00bb\" \/>\n<meta property=\"og:url\" content=\"https:\/\/nienumberfast.com\/es\/solicite-para-su-visa\/\" \/>\n<meta property=\"og:site_name\" content=\"NIE Number Fast\" \/>\n<meta name=\"twitter:card\" content=\"summary_large_image\" \/>\n<meta name=\"twitter:label1\" content=\"Tiempo de lectura\" \/>\n\t<meta name=\"twitter:data1\" content=\"1 minuto\" \/>\n<script type=\"application\/ld+json\" class=\"yoast-schema-graph\">{\"@context\":\"https:\\\/\\\/schema.org\",\"@graph\":[{\"@type\":\"WebPage\",\"@id\":\"https:\\\/\\\/nienumberfast.com\\\/es\\\/solicite-para-su-visa\\\/\",\"url\":\"https:\\\/\\\/nienumberfast.com\\\/es\\\/solicite-para-su-visa\\\/\",\"name\":\"Solicite para su VISA - NIE Number Fast\",\"isPartOf\":{\"@id\":\"https:\\\/\\\/nienumberfast.com\\\/#website\"},\"datePublished\":\"2026-02-12T10:40:43+00:00\",\"breadcrumb\":{\"@id\":\"https:\\\/\\\/nienumberfast.com\\\/es\\\/solicite-para-su-visa\\\/#breadcrumb\"},\"inLanguage\":\"es\",\"potentialAction\":[{\"@type\":\"ReadAction\",\"target\":[\"https:\\\/\\\/nienumberfast.com\\\/es\\\/solicite-para-su-visa\\\/\"]}]},{\"@type\":\"BreadcrumbList\",\"@id\":\"https:\\\/\\\/nienumberfast.com\\\/es\\\/solicite-para-su-visa\\\/#breadcrumb\",\"itemListElement\":[{\"@type\":\"ListItem\",\"position\":1,\"name\":\"Home\",\"item\":\"https:\\\/\\\/nienumberfast.com\\\/es\\\/numero-nie-rapido-solicitud-en-linea-del-numero-nie\\\/\"},{\"@type\":\"ListItem\",\"position\":2,\"name\":\"Solicite para su VISA\"}]},{\"@type\":\"WebSite\",\"@id\":\"https:\\\/\\\/nienumberfast.com\\\/#website\",\"url\":\"https:\\\/\\\/nienumberfast.com\\\/\",\"name\":\"NIE Number Fast\",\"description\":\"Online NIE Number Application Service\",\"publisher\":{\"@id\":\"https:\\\/\\\/nienumberfast.com\\\/#organization\"},\"potentialAction\":[{\"@type\":\"SearchAction\",\"target\":{\"@type\":\"EntryPoint\",\"urlTemplate\":\"https:\\\/\\\/nienumberfast.com\\\/?s={search_term_string}\"},\"query-input\":{\"@type\":\"PropertyValueSpecification\",\"valueRequired\":true,\"valueName\":\"search_term_string\"}}],\"inLanguage\":\"es\"},{\"@type\":\"Organization\",\"@id\":\"https:\\\/\\\/nienumberfast.com\\\/#organization\",\"name\":\"NIE Number Fast\",\"url\":\"https:\\\/\\\/nienumberfast.com\\\/\",\"logo\":{\"@type\":\"ImageObject\",\"inLanguage\":\"es\",\"@id\":\"https:\\\/\\\/nienumberfast.com\\\/#\\\/schema\\\/logo\\\/image\\\/\",\"url\":\"https:\\\/\\\/nienumberfast.com\\\/wp-content\\\/uploads\\\/2020\\\/12\\\/cropped-NIE-Number-Fast-favicon-3.png\",\"contentUrl\":\"https:\\\/\\\/nienumberfast.com\\\/wp-content\\\/uploads\\\/2020\\\/12\\\/cropped-NIE-Number-Fast-favicon-3.png\",\"width\":335,\"height\":238,\"caption\":\"NIE Number Fast\"},\"image\":{\"@id\":\"https:\\\/\\\/nienumberfast.com\\\/#\\\/schema\\\/logo\\\/image\\\/\"}}]}<\/script>\n<!-- \/ Yoast SEO Premium plugin. -->","yoast_head_json":{"title":"Solicite para su VISA - NIE Number Fast","robots":{"index":"index","follow":"follow","max-snippet":"max-snippet:-1","max-image-preview":"max-image-preview:large","max-video-preview":"max-video-preview:-1"},"canonical":"https:\/\/nienumberfast.com\/es\/solicite-para-su-visa\/","og_locale":"es_ES","og_type":"article","og_title":"Solicite para su VISA","og_description":"Solicite para su VISA Non-Lucrative VISA Planificar vivir en Espa\u00f1a sin trabajar, por ejemplo durante la jubilaci\u00f3n, un a\u00f1o sab\u00e1tico o una estancia prolongada ? Completar la solicitud la preparaci\u00f3n y la presentaci\u00f3n Todos los documentos gestionados y entregados digitalmente Oficial traducciones incluidas (valor 100 \u20ac) Este visado es ideal si dispones de medios econ\u00f3micos &hellip; Solicite para su VISA Leer m\u00e1s \u00bb","og_url":"https:\/\/nienumberfast.com\/es\/solicite-para-su-visa\/","og_site_name":"NIE Number Fast","twitter_card":"summary_large_image","twitter_misc":{"Tiempo de lectura":"1 minuto"},"schema":{"@context":"https:\/\/schema.org","@graph":[{"@type":"WebPage","@id":"https:\/\/nienumberfast.com\/es\/solicite-para-su-visa\/","url":"https:\/\/nienumberfast.com\/es\/solicite-para-su-visa\/","name":"Solicite para su VISA - NIE Number Fast","isPartOf":{"@id":"https:\/\/nienumberfast.com\/#website"},"datePublished":"2026-02-12T10:40:43+00:00","breadcrumb":{"@id":"https:\/\/nienumberfast.com\/es\/solicite-para-su-visa\/#breadcrumb"},"inLanguage":"es","potentialAction":[{"@type":"ReadAction","target":["https:\/\/nienumberfast.com\/es\/solicite-para-su-visa\/"]}]},{"@type":"BreadcrumbList","@id":"https:\/\/nienumberfast.com\/es\/solicite-para-su-visa\/#breadcrumb","itemListElement":[{"@type":"ListItem","position":1,"name":"Home","item":"https:\/\/nienumberfast.com\/es\/numero-nie-rapido-solicitud-en-linea-del-numero-nie\/"},{"@type":"ListItem","position":2,"name":"Solicite para su VISA"}]},{"@type":"WebSite","@id":"https:\/\/nienumberfast.com\/#website","url":"https:\/\/nienumberfast.com\/","name":"NIE Number Fast","description":"Online NIE Number Application Service","publisher":{"@id":"https:\/\/nienumberfast.com\/#organization"},"potentialAction":[{"@type":"SearchAction","target":{"@type":"EntryPoint","urlTemplate":"https:\/\/nienumberfast.com\/?s={search_term_string}"},"query-input":{"@type":"PropertyValueSpecification","valueRequired":true,"valueName":"search_term_string"}}],"inLanguage":"es"},{"@type":"Organization","@id":"https:\/\/nienumberfast.com\/#organization","name":"NIE Number Fast","url":"https:\/\/nienumberfast.com\/","logo":{"@type":"ImageObject","inLanguage":"es","@id":"https:\/\/nienumberfast.com\/#\/schema\/logo\/image\/","url":"https:\/\/nienumberfast.com\/wp-content\/uploads\/2020\/12\/cropped-NIE-Number-Fast-favicon-3.png","contentUrl":"https:\/\/nienumberfast.com\/wp-content\/uploads\/2020\/12\/cropped-NIE-Number-Fast-favicon-3.png","width":335,"height":238,"caption":"NIE Number Fast"},"image":{"@id":"https:\/\/nienumberfast.com\/#\/schema\/logo\/image\/"}}]}},"_links":{"self":[{"href":"https:\/\/nienumberfast.com\/es\/wp-json\/wp\/v2\/pages\/9619","targetHints":{"allow":["GET"]}}],"collection":[{"href":"https:\/\/nienumberfast.com\/es\/wp-json\/wp\/v2\/pages"}],"about":[{"href":"https:\/\/nienumberfast.com\/es\/wp-json\/wp\/v2\/types\/page"}],"author":[{"embeddable":true,"href":"https:\/\/nienumberfast.com\/es\/wp-json\/wp\/v2\/users\/28"}],"replies":[{"embeddable":true,"href":"https:\/\/nienumberfast.com\/es\/wp-json\/wp\/v2\/comments?post=9619"}],"version-history":[{"count":1,"href":"https:\/\/nienumberfast.com\/es\/wp-json\/wp\/v2\/pages\/9619\/revisions"}],"predecessor-version":[{"id":9620,"href":"https:\/\/nienumberfast.com\/es\/wp-json\/wp\/v2\/pages\/9619\/revisions\/9620"}],"wp:attachment":[{"href":"https:\/\/nienumberfast.com\/es\/wp-json\/wp\/v2\/media?parent=9619"}],"curies":[{"name":"wp","href":"https:\/\/api.w.org\/{rel}","templated":true}]}}