{"id":3069,"date":"2022-06-20T09:15:32","date_gmt":"2022-06-20T09:15:32","guid":{"rendered":"https:\/\/nienumberfast.com\/garantia-de-devolucion-del-100-del-dinero\/"},"modified":"2022-07-08T13:54:46","modified_gmt":"2022-07-08T13:54:46","slug":"garantia-de-devolucion-del-100-del-dinero","status":"publish","type":"page","link":"https:\/\/nienumberfast.com\/es\/garantia-de-devolucion-del-100-del-dinero\/","title":{"rendered":"Garant\u00eda de devoluci\u00f3n del 100&nbsp;% del dinero"},"content":{"rendered":"\t\t<div data-elementor-type=\"wp-page\" data-elementor-id=\"3069\" class=\"elementor elementor-3069 elementor-1099\" data-elementor-post-type=\"page\">\n\t\t\t\t\t\t<section class=\"elementor-section elementor-top-section elementor-element elementor-element-61230415 elementor-section-boxed elementor-section-height-default elementor-section-height-default\" data-id=\"61230415\" data-element_type=\"section\" data-e-type=\"section\" data-settings=\"{&quot;_ob_glider_is_slider&quot;:&quot;no&quot;}\">\n\t\t\t\t\t\t\t<div class=\"elementor-background-overlay\"><\/div>\n\t\t\t\t\t\t\t<div class=\"elementor-container elementor-column-gap-default\">\n\t\t\t\t\t<div class=\"elementor-column elementor-col-100 elementor-top-column elementor-element elementor-element-81794b2\" data-id=\"81794b2\" data-element_type=\"column\" data-e-type=\"column\" data-settings=\"{&quot;_ob_column_hoveranimator&quot;:&quot;no&quot;,&quot;_ob_column_has_pseudo&quot;:&quot;no&quot;}\">\n\t\t\t<div class=\"elementor-widget-wrap elementor-element-populated\">\n\t\t\t\t\t\t<div class=\"elementor-element elementor-element-c4f0b22 ob-harakiri-inherit ob-has-background-overlay elementor-widget elementor-widget-text-editor\" data-id=\"c4f0b22\" data-element_type=\"widget\" data-e-type=\"widget\" data-settings=\"{&quot;_ob_use_harakiri&quot;:&quot;yes&quot;,&quot;_ob_harakiri_writing_mode&quot;:&quot;inherit&quot;,&quot;_ob_postman_use&quot;:&quot;no&quot;,&quot;_ob_widget_stalker_use&quot;:&quot;no&quot;,&quot;_ob_poopart_use&quot;:&quot;yes&quot;,&quot;_ob_shadough_use&quot;:&quot;no&quot;,&quot;_ob_allow_hoveranimator&quot;:&quot;no&quot;}\" data-widget_type=\"text-editor.default\">\n\t\t\t\t<div class=\"elementor-widget-container\">\n\t\t\t\t\t\t\t\t\t<h1>Garant\u00eda de devoluci\u00f3n del 100% del dinero<\/h1><p>Un n\u00famero NIE espa\u00f1ol es una cuesti\u00f3n de confianza y queremos que est\u00e9 satisfecho y 100% seguro. Por lo tanto, le ofrecemos esta garant\u00eda de devoluci\u00f3n del dinero bajo las siguientes condiciones:<\/p><p>Si la autoridad rechaza su solicitud de n\u00famero NIE o le impone nuevos requisitos, usted decide si quiere acogerse a la opci\u00f3n de devoluci\u00f3n del dinero o realizar los ajustes.<\/p><p><strong>Condici\u00f3n:<br \/><\/strong>Usted nos proporciona los documentos necesarios en la forma deseada y de forma completa. No se devuelve el dinero: si su solicitud, ya est\u00e1 en marcha y desea cancelarla por motivos personales. No es posible la devoluci\u00f3n del dinero.<\/p>\t\t\t\t\t\t\t\t<\/div>\n\t\t\t\t<\/div>\n\t\t\t\t<div class=\"elementor-element elementor-element-bb4a6a2 elementor-align-left ob-has-background-overlay elementor-widget elementor-widget-button\" data-id=\"bb4a6a2\" data-element_type=\"widget\" data-e-type=\"widget\" data-settings=\"{&quot;_ob_butterbutton_use_it&quot;:&quot;no&quot;,&quot;_ob_widget_stalker_use&quot;:&quot;no&quot;,&quot;_ob_poopart_use&quot;:&quot;yes&quot;,&quot;_ob_shadough_use&quot;:&quot;no&quot;,&quot;_ob_allow_hoveranimator&quot;:&quot;no&quot;}\" data-widget_type=\"button.default\">\n\t\t\t\t<div class=\"elementor-widget-container\">\n\t\t\t\t\t\t\t\t\t<div class=\"elementor-button-wrapper\">\n\t\t\t\t\t<a class=\"elementor-button elementor-button-link elementor-size-md\" href=\"https:\/\/nienumberfast.com\/nie-application\/\">\n\t\t\t\t\t\t<span class=\"elementor-button-content-wrapper\">\n\t\t\t\t\t\t\t\t\t<span class=\"elementor-button-text\">Solic\u00edtelo en 3 minutos<\/span>\n\t\t\t\t\t<\/span>\n\t\t\t\t\t<\/a>\n\t\t\t\t<\/div>\n\t\t\t\t\t\t\t\t<\/div>\n\t\t\t\t<\/div>\n\t\t\t\t<div class=\"elementor-element elementor-element-ba3c478 ob-has-background-overlay elementor-widget elementor-widget-shortcode\" data-id=\"ba3c478\" data-element_type=\"widget\" data-e-type=\"widget\" data-settings=\"{&quot;_ob_widget_stalker_use&quot;:&quot;no&quot;,&quot;_ob_poopart_use&quot;:&quot;yes&quot;,&quot;_ob_shadough_use&quot;:&quot;no&quot;,&quot;_ob_allow_hoveranimator&quot;:&quot;no&quot;}\" data-widget_type=\"shortcode.default\">\n\t\t\t\t<div class=\"elementor-widget-container\">\n\t\t\t\t\t\t\t<div class=\"elementor-shortcode\"><div data-src=\"https:\/\/cdn.trustindex.io\/loader.js?57a62cb28ecc4197f85f7977fd\"><\/div><\/div>\n\t\t\t\t\t\t<\/div>\n\t\t\t\t<\/div>\n\t\t\t\t\t<\/div>\n\t\t<\/div>\n\t\t\t\t\t<\/div>\n\t\t<\/section>\n\t\t\t\t<\/div>\n\t\t","protected":false},"excerpt":{"rendered":"<p>Garant\u00eda de devoluci\u00f3n del 100% del dinero Un n\u00famero NIE espa\u00f1ol es una cuesti\u00f3n de confianza y queremos que est\u00e9 satisfecho y 100% seguro. Por lo tanto, le ofrecemos esta garant\u00eda de devoluci\u00f3n del dinero bajo las siguientes condiciones: Si la autoridad rechaza su solicitud de n\u00famero NIE o le impone nuevos requisitos, usted decide &hellip;<\/p>\n<p class=\"read-more\"> <a class=\"\" href=\"https:\/\/nienumberfast.com\/es\/garantia-de-devolucion-del-100-del-dinero\/\"> <span class=\"screen-reader-text\">Garant\u00eda de devoluci\u00f3n del 100&nbsp;% del dinero<\/span> Leer m\u00e1s \u00bb<\/a><\/p>\n","protected":false},"author":1,"featured_media":0,"parent":0,"menu_order":0,"comment_status":"closed","ping_status":"closed","template":"","meta":{"site-sidebar-layout":"no-sidebar","site-content-layout":"page-builder","ast-global-header-display":"","ast-main-header-display":"","ast-hfb-above-header-display":"","ast-hfb-below-header-display":"","ast-hfb-mobile-header-display":"","site-post-title":"disabled","ast-breadcrumbs-content":"","ast-featured-img":"disabled","footer-sml-layout":"","theme-transparent-header-meta":"default","adv-header-id-meta":"","stick-header-meta":"default","header-above-stick-meta":"","header-main-stick-meta":"","header-below-stick-meta":"","footnotes":""},"class_list":["post-3069","page","type-page","status-publish","hentry"],"yoast_head":"<!-- This site is optimized with the Yoast SEO Premium plugin v20.5 (Yoast SEO v27.0) - https:\/\/yoast.com\/product\/yoast-seo-premium-wordpress\/ -->\n<title>Garant\u00eda de devoluci\u00f3n del 100&nbsp;% del dinero - NIE Number Fast<\/title>\n<meta name=\"robots\" content=\"index, follow, max-snippet:-1, max-image-preview:large, max-video-preview:-1\" \/>\n<link rel=\"canonical\" href=\"https:\/\/nienumberfast.com\/es\/garantia-de-devolucion-del-100-del-dinero\/\" \/>\n<meta property=\"og:locale\" content=\"es_ES\" \/>\n<meta property=\"og:type\" content=\"article\" \/>\n<meta property=\"og:title\" content=\"Garant\u00eda de devoluci\u00f3n del 100&nbsp;% del dinero\" \/>\n<meta property=\"og:description\" content=\"Garant\u00eda de devoluci\u00f3n del 100% del dinero Un n\u00famero NIE espa\u00f1ol es una cuesti\u00f3n de confianza y queremos que est\u00e9 satisfecho y 100% seguro. Por lo tanto, le ofrecemos esta garant\u00eda de devoluci\u00f3n del dinero bajo las siguientes condiciones: Si la autoridad rechaza su solicitud de n\u00famero NIE o le impone nuevos requisitos, usted decide &hellip; Garant\u00eda de devoluci\u00f3n del 100&nbsp;% del dinero Leer m\u00e1s \u00bb\" \/>\n<meta property=\"og:url\" content=\"https:\/\/nienumberfast.com\/es\/garantia-de-devolucion-del-100-del-dinero\/\" \/>\n<meta property=\"og:site_name\" content=\"NIE Number Fast\" \/>\n<meta property=\"article:modified_time\" content=\"2022-07-08T13:54:46+00:00\" \/>\n<meta name=\"twitter:card\" content=\"summary_large_image\" \/>\n<meta name=\"twitter:label1\" content=\"Tiempo de lectura\" \/>\n\t<meta name=\"twitter:data1\" content=\"1 minuto\" \/>\n<script type=\"application\/ld+json\" class=\"yoast-schema-graph\">{\"@context\":\"https:\/\/schema.org\",\"@graph\":[{\"@type\":\"WebPage\",\"@id\":\"https:\/\/nienumberfast.com\/es\/garantia-de-devolucion-del-100-del-dinero\/\",\"url\":\"https:\/\/nienumberfast.com\/es\/garantia-de-devolucion-del-100-del-dinero\/\",\"name\":\"Garant\u00eda de devoluci\u00f3n del 100&nbsp;% del dinero - NIE Number Fast\",\"isPartOf\":{\"@id\":\"https:\/\/nienumberfast.com\/#website\"},\"datePublished\":\"2022-06-20T09:15:32+00:00\",\"dateModified\":\"2022-07-08T13:54:46+00:00\",\"breadcrumb\":{\"@id\":\"https:\/\/nienumberfast.com\/es\/garantia-de-devolucion-del-100-del-dinero\/#breadcrumb\"},\"inLanguage\":\"es\",\"potentialAction\":[{\"@type\":\"ReadAction\",\"target\":[\"https:\/\/nienumberfast.com\/es\/garantia-de-devolucion-del-100-del-dinero\/\"]}]},{\"@type\":\"BreadcrumbList\",\"@id\":\"https:\/\/nienumberfast.com\/es\/garantia-de-devolucion-del-100-del-dinero\/#breadcrumb\",\"itemListElement\":[{\"@type\":\"ListItem\",\"position\":1,\"name\":\"Home\",\"item\":\"https:\/\/nienumberfast.com\/es\/numero-nie-rapido-solicitud-en-linea-del-numero-nie\/\"},{\"@type\":\"ListItem\",\"position\":2,\"name\":\"Garant\u00eda de devoluci\u00f3n del 100&nbsp;% del dinero\"}]},{\"@type\":\"WebSite\",\"@id\":\"https:\/\/nienumberfast.com\/#website\",\"url\":\"https:\/\/nienumberfast.com\/\",\"name\":\"NIE Number Fast\",\"description\":\"Online NIE Number Application Service\",\"publisher\":{\"@id\":\"https:\/\/nienumberfast.com\/#organization\"},\"potentialAction\":[{\"@type\":\"SearchAction\",\"target\":{\"@type\":\"EntryPoint\",\"urlTemplate\":\"https:\/\/nienumberfast.com\/?s={search_term_string}\"},\"query-input\":{\"@type\":\"PropertyValueSpecification\",\"valueRequired\":true,\"valueName\":\"search_term_string\"}}],\"inLanguage\":\"es\"},{\"@type\":\"Organization\",\"@id\":\"https:\/\/nienumberfast.com\/#organization\",\"name\":\"NIE Number Fast\",\"url\":\"https:\/\/nienumberfast.com\/\",\"logo\":{\"@type\":\"ImageObject\",\"inLanguage\":\"es\",\"@id\":\"https:\/\/nienumberfast.com\/#\/schema\/logo\/image\/\",\"url\":\"https:\/\/nienumberfast.com\/wp-content\/uploads\/2020\/12\/cropped-NIE-Number-Fast-favicon-3.png\",\"contentUrl\":\"https:\/\/nienumberfast.com\/wp-content\/uploads\/2020\/12\/cropped-NIE-Number-Fast-favicon-3.png\",\"width\":335,\"height\":238,\"caption\":\"NIE Number Fast\"},\"image\":{\"@id\":\"https:\/\/nienumberfast.com\/#\/schema\/logo\/image\/\"}}]}<\/script>\n<!-- \/ Yoast SEO Premium plugin. -->","yoast_head_json":{"title":"Garant\u00eda de devoluci\u00f3n del 100&nbsp;% del dinero - NIE Number Fast","robots":{"index":"index","follow":"follow","max-snippet":"max-snippet:-1","max-image-preview":"max-image-preview:large","max-video-preview":"max-video-preview:-1"},"canonical":"https:\/\/nienumberfast.com\/es\/garantia-de-devolucion-del-100-del-dinero\/","og_locale":"es_ES","og_type":"article","og_title":"Garant\u00eda de devoluci\u00f3n del 100&nbsp;% del dinero","og_description":"Garant\u00eda de devoluci\u00f3n del 100% del dinero Un n\u00famero NIE espa\u00f1ol es una cuesti\u00f3n de confianza y queremos que est\u00e9 satisfecho y 100% seguro. Por lo tanto, le ofrecemos esta garant\u00eda de devoluci\u00f3n del dinero bajo las siguientes condiciones: Si la autoridad rechaza su solicitud de n\u00famero NIE o le impone nuevos requisitos, usted decide &hellip; Garant\u00eda de devoluci\u00f3n del 100&nbsp;% del dinero Leer m\u00e1s \u00bb","og_url":"https:\/\/nienumberfast.com\/es\/garantia-de-devolucion-del-100-del-dinero\/","og_site_name":"NIE Number Fast","article_modified_time":"2022-07-08T13:54:46+00:00","twitter_card":"summary_large_image","twitter_misc":{"Tiempo de lectura":"1 minuto"},"schema":{"@context":"https:\/\/schema.org","@graph":[{"@type":"WebPage","@id":"https:\/\/nienumberfast.com\/es\/garantia-de-devolucion-del-100-del-dinero\/","url":"https:\/\/nienumberfast.com\/es\/garantia-de-devolucion-del-100-del-dinero\/","name":"Garant\u00eda de devoluci\u00f3n del 100&nbsp;% del dinero - NIE Number Fast","isPartOf":{"@id":"https:\/\/nienumberfast.com\/#website"},"datePublished":"2022-06-20T09:15:32+00:00","dateModified":"2022-07-08T13:54:46+00:00","breadcrumb":{"@id":"https:\/\/nienumberfast.com\/es\/garantia-de-devolucion-del-100-del-dinero\/#breadcrumb"},"inLanguage":"es","potentialAction":[{"@type":"ReadAction","target":["https:\/\/nienumberfast.com\/es\/garantia-de-devolucion-del-100-del-dinero\/"]}]},{"@type":"BreadcrumbList","@id":"https:\/\/nienumberfast.com\/es\/garantia-de-devolucion-del-100-del-dinero\/#breadcrumb","itemListElement":[{"@type":"ListItem","position":1,"name":"Home","item":"https:\/\/nienumberfast.com\/es\/numero-nie-rapido-solicitud-en-linea-del-numero-nie\/"},{"@type":"ListItem","position":2,"name":"Garant\u00eda de devoluci\u00f3n del 100&nbsp;% del dinero"}]},{"@type":"WebSite","@id":"https:\/\/nienumberfast.com\/#website","url":"https:\/\/nienumberfast.com\/","name":"NIE Number Fast","description":"Online NIE Number Application Service","publisher":{"@id":"https:\/\/nienumberfast.com\/#organization"},"potentialAction":[{"@type":"SearchAction","target":{"@type":"EntryPoint","urlTemplate":"https:\/\/nienumberfast.com\/?s={search_term_string}"},"query-input":{"@type":"PropertyValueSpecification","valueRequired":true,"valueName":"search_term_string"}}],"inLanguage":"es"},{"@type":"Organization","@id":"https:\/\/nienumberfast.com\/#organization","name":"NIE Number Fast","url":"https:\/\/nienumberfast.com\/","logo":{"@type":"ImageObject","inLanguage":"es","@id":"https:\/\/nienumberfast.com\/#\/schema\/logo\/image\/","url":"https:\/\/nienumberfast.com\/wp-content\/uploads\/2020\/12\/cropped-NIE-Number-Fast-favicon-3.png","contentUrl":"https:\/\/nienumberfast.com\/wp-content\/uploads\/2020\/12\/cropped-NIE-Number-Fast-favicon-3.png","width":335,"height":238,"caption":"NIE Number Fast"},"image":{"@id":"https:\/\/nienumberfast.com\/#\/schema\/logo\/image\/"}}]}},"_links":{"self":[{"href":"https:\/\/nienumberfast.com\/es\/wp-json\/wp\/v2\/pages\/3069","targetHints":{"allow":["GET"]}}],"collection":[{"href":"https:\/\/nienumberfast.com\/es\/wp-json\/wp\/v2\/pages"}],"about":[{"href":"https:\/\/nienumberfast.com\/es\/wp-json\/wp\/v2\/types\/page"}],"author":[{"embeddable":true,"href":"https:\/\/nienumberfast.com\/es\/wp-json\/wp\/v2\/users\/1"}],"replies":[{"embeddable":true,"href":"https:\/\/nienumberfast.com\/es\/wp-json\/wp\/v2\/comments?post=3069"}],"version-history":[{"count":0,"href":"https:\/\/nienumberfast.com\/es\/wp-json\/wp\/v2\/pages\/3069\/revisions"}],"wp:attachment":[{"href":"https:\/\/nienumberfast.com\/es\/wp-json\/wp\/v2\/media?parent=3069"}],"curies":[{"name":"wp","href":"https:\/\/api.w.org\/{rel}","templated":true}]}}