{"id":9613,"date":"2026-02-12T10:24:24","date_gmt":"2026-02-12T10:24:24","guid":{"rendered":"https:\/\/nienumberfast.com\/beantragen-sie-ihr-visum\/"},"modified":"2026-02-12T10:24:24","modified_gmt":"2026-02-12T10:24:24","slug":"beantragen-sie-ihr-visum","status":"publish","type":"page","link":"https:\/\/nienumberfast.com\/de\/beantragen-sie-ihr-visum\/","title":{"rendered":"Beantragen Sie Ihr Visum"},"content":{"rendered":"\t\t<div data-elementor-type=\"wp-page\" data-elementor-id=\"9613\" class=\"elementor elementor-9613 elementor-9369\" data-elementor-post-type=\"page\">\n\t\t\t\t\t\t<section class=\"elementor-section elementor-top-section elementor-element elementor-element-592c3ae8 elementor-section-content-middle elementor-section-boxed elementor-section-height-default elementor-section-height-default\" data-id=\"592c3ae8\" data-element_type=\"section\" data-e-type=\"section\" data-settings=\"{&quot;_ob_glider_is_slider&quot;:&quot;no&quot;}\">\n\t\t\t\t\t\t<div class=\"elementor-container elementor-column-gap-no\">\n\t\t\t\t\t<div class=\"elementor-column elementor-col-100 elementor-top-column elementor-element elementor-element-400b623d\" data-id=\"400b623d\" data-element_type=\"column\" data-e-type=\"column\" data-settings=\"{&quot;_ob_column_hoveranimator&quot;:&quot;no&quot;,&quot;_ob_column_has_pseudo&quot;:&quot;no&quot;}\">\n\t\t\t<div class=\"elementor-widget-wrap elementor-element-populated\">\n\t\t\t\t\t\t<div class=\"elementor-element elementor-element-7d641ff9 ob-harakiri-inherit ob-has-background-overlay elementor-widget elementor-widget-heading\" data-id=\"7d641ff9\" data-element_type=\"widget\" data-e-type=\"widget\" data-settings=\"{&quot;_ob_use_harakiri&quot;:&quot;yes&quot;,&quot;_ob_harakiri_writing_mode&quot;:&quot;inherit&quot;,&quot;_ob_harakiri_text_clip&quot;:&quot;none&quot;,&quot;_ob_widget_stalker_use&quot;:&quot;no&quot;,&quot;_ob_poopart_use&quot;:&quot;yes&quot;,&quot;_ob_shadough_use&quot;:&quot;no&quot;,&quot;_ob_allow_hoveranimator&quot;:&quot;no&quot;}\" data-widget_type=\"heading.default\">\n\t\t\t\t<div class=\"elementor-widget-container\">\n\t\t\t\t\t<h4 class=\"elementor-heading-title elementor-size-default\"><b>Beantragen Sie Ihr Visum<\/b><\/h4>\t\t\t\t<\/div>\n\t\t\t\t<\/div>\n\t\t\t\t<section class=\"elementor-section elementor-inner-section elementor-element elementor-element-4f1d2fe6 elementor-section-content-middle elementor-section-boxed elementor-section-height-default elementor-section-height-default\" data-id=\"4f1d2fe6\" data-element_type=\"section\" data-e-type=\"section\" data-settings=\"{&quot;_ob_glider_is_slider&quot;:&quot;no&quot;}\">\n\t\t\t\t\t\t<div class=\"elementor-container elementor-column-gap-no\">\n\t\t\t\t\t<div class=\"elementor-column elementor-col-33 elementor-inner-column elementor-element elementor-element-57a89c9d\" data-id=\"57a89c9d\" data-element_type=\"column\" data-e-type=\"column\" data-settings=\"{&quot;_ob_column_hoveranimator&quot;:&quot;no&quot;,&quot;_ob_column_has_pseudo&quot;:&quot;no&quot;}\">\n\t\t\t<div class=\"elementor-widget-wrap elementor-element-populated\">\n\t\t\t\t\t\t<div class=\"elementor-element elementor-element-995fd21 ob-has-background-overlay elementor-widget elementor-widget-image-box\" data-id=\"995fd21\" data-element_type=\"widget\" data-e-type=\"widget\" data-settings=\"{&quot;_ob_widget_stalker_use&quot;:&quot;no&quot;,&quot;_ob_poopart_use&quot;:&quot;yes&quot;,&quot;_ob_shadough_use&quot;:&quot;no&quot;,&quot;_ob_allow_hoveranimator&quot;:&quot;no&quot;}\" data-widget_type=\"image-box.default\">\n\t\t\t\t<div class=\"elementor-widget-container\">\n\t\t\t\t\t<div class=\"elementor-image-box-wrapper\"><div class=\"elementor-image-box-content\"><h3 class=\"elementor-image-box-title\"><b>Non-Lucrative VISA<\/b><\/h3><p class=\"elementor-image-box-description\"><p data-start=\"436\" data-end=\"538\">Planen Sie, in Spanien zu leben, ohne zu arbeiten, beispielsweise w\u00e4hrend Ihres Ruhestands, eines Sabbaticals oder eines l\u00e4ngeren Aufenthalts?<\/p><ul data-start=\"540\" data-end=\"689\"><li data-start=\"540\" data-end=\"591\"><p data-start=\"542\" data-end=\"591\">Vollst\u00e4ndige Antragstellung Vorbereitung und Einreichung<\/p><\/li><li data-start=\"592\" data-end=\"641\">\n<p data-start=\"594\" data-end=\"641\">Alle Dokumente bearbeitet und geliefert digital<\/p><\/li><li data-start=\"642\" data-end=\"689\">\n<p data-start=\"644\" data-end=\"689\">Offizielle \u00dcbersetzungen enthalten (Wert 100 \u20ac)<\/p><\/li><\/ul><p data-start=\"691\" data-end=\"880\">Dieses Visum ist ideal, wenn Sie \u00fcber ausreichende finanzielle Mittel verf\u00fcgen und einen reibungslosen, stressfreien Antrag stellen m\u00f6chten. Wir begleiten Sie bei jedem Schritt und stellen sicher, dass Ihre Unterlagen alle spanischen Anforderungen erf\u00fcllen. <\/p><\/p><\/div><\/div>\t\t\t\t<\/div>\n\t\t\t\t<\/div>\n\t\t\t\t<div class=\"elementor-element elementor-element-cf42699 elementor-align-center ob-has-background-overlay elementor-widget elementor-widget-button\" data-id=\"cf42699\" data-element_type=\"widget\" data-e-type=\"widget\" data-settings=\"{&quot;_ob_butterbutton_use_it&quot;:&quot;no&quot;,&quot;_ob_widget_stalker_use&quot;:&quot;no&quot;,&quot;_ob_poopart_use&quot;:&quot;yes&quot;,&quot;_ob_shadough_use&quot;:&quot;no&quot;,&quot;_ob_allow_hoveranimator&quot;:&quot;no&quot;}\" data-widget_type=\"button.default\">\n\t\t\t\t<div class=\"elementor-widget-container\">\n\t\t\t\t\t\t\t\t\t<div class=\"elementor-button-wrapper\">\n\t\t\t\t\t<a class=\"elementor-button elementor-button-link elementor-size-sm\" href=\"mailto:info@nienumberfast.com\">\n\t\t\t\t\t\t<span class=\"elementor-button-content-wrapper\">\n\t\t\t\t\t\t\t\t\t<span class=\"elementor-button-text\">Submit contact form<\/span>\n\t\t\t\t\t<\/span>\n\t\t\t\t\t<\/a>\n\t\t\t\t<\/div>\n\t\t\t\t\t\t\t\t<\/div>\n\t\t\t\t<\/div>\n\t\t\t\t\t<\/div>\n\t\t<\/div>\n\t\t\t\t<div class=\"elementor-column elementor-col-33 elementor-inner-column elementor-element elementor-element-27173087\" data-id=\"27173087\" data-element_type=\"column\" data-e-type=\"column\" data-settings=\"{&quot;_ob_column_hoveranimator&quot;:&quot;no&quot;,&quot;_ob_column_has_pseudo&quot;:&quot;no&quot;}\">\n\t\t\t<div class=\"elementor-widget-wrap elementor-element-populated\">\n\t\t\t\t\t\t<div class=\"elementor-element elementor-element-6ddc497b ob-has-background-overlay elementor-widget elementor-widget-image-box\" data-id=\"6ddc497b\" data-element_type=\"widget\" data-e-type=\"widget\" data-settings=\"{&quot;_ob_widget_stalker_use&quot;:&quot;no&quot;,&quot;_ob_poopart_use&quot;:&quot;yes&quot;,&quot;_ob_shadough_use&quot;:&quot;no&quot;,&quot;_ob_allow_hoveranimator&quot;:&quot;no&quot;}\" data-widget_type=\"image-box.default\">\n\t\t\t\t<div class=\"elementor-widget-container\">\n\t\t\t\t\t<div class=\"elementor-image-box-wrapper\"><div class=\"elementor-image-box-content\"><h3 class=\"elementor-image-box-title\"><b>Digital Nomad VISA<\/b><\/h3><p class=\"elementor-image-box-description\"><br><p data-start=\"936\" data-end=\"1004\">Arbeiten aus der Ferne w\u00e4hrend Sie in Spanien leben und den spanischen Lebensstil genie\u00dfen den spanischen Lebensstil und den spanischen Lebensstil.<\/p><ul data-start=\"1006\" data-end=\"1151\"><li data-start=\"1006\" data-end=\"1053\"><p data-start=\"1008\" data-end=\"1053\">Vollst\u00e4ndige Vorbereitung und Einreichung der Bewerbung<\/p><\/li><li data-start=\"1054\" data-end=\"1103\"><p data-start=\"1056\" data-end=\"1103\">Flexible Einreichung: UGE oder Spanisch Konsulat<\/p><\/li><li data-start=\"1104\" data-end=\"1151\"><p data-start=\"1106\" data-end=\"1151\">Offizielle \u00dcbersetzungen enthalten (Wert 200 \u20ac)<\/p><\/li><\/ul><span style=\"font-size: 16px\">Entwickelt f\u00fcr Remote-Mitarbeiter und Freiberufler sowie Unternehmer. Wir stellen sicher, dass Ihre Bewerbung korrekt, vollst\u00e4ndig und a16&gt; eingereicht wird, um Verz\u00f6gerungen zu vermeiden. <\/span><\/p><\/div><\/div>\t\t\t\t<\/div>\n\t\t\t\t<\/div>\n\t\t\t\t<div class=\"elementor-element elementor-element-a26d202 elementor-align-center ob-has-background-overlay elementor-widget elementor-widget-button\" data-id=\"a26d202\" data-element_type=\"widget\" data-e-type=\"widget\" data-settings=\"{&quot;_ob_butterbutton_use_it&quot;:&quot;no&quot;,&quot;_ob_widget_stalker_use&quot;:&quot;no&quot;,&quot;_ob_poopart_use&quot;:&quot;yes&quot;,&quot;_ob_shadough_use&quot;:&quot;no&quot;,&quot;_ob_allow_hoveranimator&quot;:&quot;no&quot;}\" data-widget_type=\"button.default\">\n\t\t\t\t<div class=\"elementor-widget-container\">\n\t\t\t\t\t\t\t\t\t<div class=\"elementor-button-wrapper\">\n\t\t\t\t\t<a class=\"elementor-button elementor-button-link elementor-size-sm\" href=\"mailto:info@nienumberfast.com\">\n\t\t\t\t\t\t<span class=\"elementor-button-content-wrapper\">\n\t\t\t\t\t\t\t\t\t<span class=\"elementor-button-text\">Submit contact form<\/span>\n\t\t\t\t\t<\/span>\n\t\t\t\t\t<\/a>\n\t\t\t\t<\/div>\n\t\t\t\t\t\t\t\t<\/div>\n\t\t\t\t<\/div>\n\t\t\t\t\t<\/div>\n\t\t<\/div>\n\t\t\t\t<div class=\"elementor-column elementor-col-33 elementor-inner-column elementor-element elementor-element-d3b1edd\" data-id=\"d3b1edd\" data-element_type=\"column\" data-e-type=\"column\" data-settings=\"{&quot;_ob_column_hoveranimator&quot;:&quot;no&quot;,&quot;_ob_column_has_pseudo&quot;:&quot;no&quot;}\">\n\t\t\t<div class=\"elementor-widget-wrap elementor-element-populated\">\n\t\t\t\t\t\t<div class=\"elementor-element elementor-element-70b4ea6 ob-has-background-overlay elementor-widget elementor-widget-image-box\" data-id=\"70b4ea6\" data-element_type=\"widget\" data-e-type=\"widget\" data-settings=\"{&quot;_ob_widget_stalker_use&quot;:&quot;no&quot;,&quot;_ob_poopart_use&quot;:&quot;yes&quot;,&quot;_ob_shadough_use&quot;:&quot;no&quot;,&quot;_ob_allow_hoveranimator&quot;:&quot;no&quot;}\" data-widget_type=\"image-box.default\">\n\t\t\t\t<div class=\"elementor-widget-container\">\n\t\t\t\t\t<div class=\"elementor-image-box-wrapper\"><div class=\"elementor-image-box-content\"><h3 class=\"elementor-image-box-title\"><b>Student VISA<\/b><\/h3><p class=\"elementor-image-box-description\"><p data-start=\"1372\" data-end=\"1428\">Studium, Forschung oder Teilnahme an einem Ausbildungsprogramm in Spanien.<\/p><ul data-start=\"1430\" data-end=\"1564\"><li data-start=\"1430\" data-end=\"1477\"><p data-start=\"1432\" data-end=\"1477\">Full application preparation and submission<\/p><\/li><li data-start=\"1478\" data-end=\"1517\"><p data-start=\"1480\" data-end=\"1517\">Antrag bei Ihrem \u00f6rtlichen Konsulat<\/p><\/li><li data-start=\"1518\" data-end=\"1564\"><p data-start=\"1520\" data-end=\"1564\">Offizielle \u00dcbersetzungen inklusive (Wert 75 \u20ac)<\/p><\/li><\/ul><span style=\"font-size: 16px\">Wir unterst\u00fctzen Studierende w\u00e4hrend des gesamten Prozesses von der Vorbereitung von der Vorbereitung der Unterlagen bis zur Einreichung, sodass Sie sich auf Ihr Studium konzentrieren k\u00f6nnen, w\u00e4hrend wir uns k\u00fcmmern um die Papierarbeit.<\/span><\/p><\/div><\/div>\t\t\t\t<\/div>\n\t\t\t\t<\/div>\n\t\t\t\t<div class=\"elementor-element elementor-element-7bf597a elementor-align-center ob-has-background-overlay elementor-widget elementor-widget-button\" data-id=\"7bf597a\" data-element_type=\"widget\" data-e-type=\"widget\" data-settings=\"{&quot;_ob_butterbutton_use_it&quot;:&quot;no&quot;,&quot;_ob_widget_stalker_use&quot;:&quot;no&quot;,&quot;_ob_poopart_use&quot;:&quot;yes&quot;,&quot;_ob_shadough_use&quot;:&quot;no&quot;,&quot;_ob_allow_hoveranimator&quot;:&quot;no&quot;}\" data-widget_type=\"button.default\">\n\t\t\t\t<div class=\"elementor-widget-container\">\n\t\t\t\t\t\t\t\t\t<div class=\"elementor-button-wrapper\">\n\t\t\t\t\t<a class=\"elementor-button elementor-button-link elementor-size-sm\" href=\"mailto:info@nienumberfast.com\">\n\t\t\t\t\t\t<span class=\"elementor-button-content-wrapper\">\n\t\t\t\t\t\t\t\t\t<span class=\"elementor-button-text\">Submit contact form<\/span>\n\t\t\t\t\t<\/span>\n\t\t\t\t\t<\/a>\n\t\t\t\t<\/div>\n\t\t\t\t\t\t\t\t<\/div>\n\t\t\t\t<\/div>\n\t\t\t\t\t<\/div>\n\t\t<\/div>\n\t\t\t\t\t<\/div>\n\t\t<\/section>\n\t\t\t\t\t<\/div>\n\t\t<\/div>\n\t\t\t\t\t<\/div>\n\t\t<\/section>\n\t\t\t\t<\/div>\n\t\t","protected":false},"excerpt":{"rendered":"<p>Beantragen Sie Ihr Visum Non-Lucrative VISA Planen Sie, in Spanien zu leben, ohne zu arbeiten, beispielsweise w\u00e4hrend Ihres Ruhestands, eines Sabbaticals oder eines l\u00e4ngeren Aufenthalts? Vollst\u00e4ndige Antragstellung Vorbereitung und Einreichung Alle Dokumente bearbeitet und geliefert digital Offizielle \u00dcbersetzungen enthalten (Wert 100 \u20ac) Dieses Visum ist ideal, wenn Sie \u00fcber ausreichende finanzielle Mittel verf\u00fcgen und einen &hellip;<\/p>\n<p class=\"read-more\"> <a class=\"\" href=\"https:\/\/nienumberfast.com\/de\/beantragen-sie-ihr-visum\/\"> <span class=\"screen-reader-text\">Beantragen Sie Ihr Visum<\/span> Read More \u00bb<\/a><\/p>\n","protected":false},"author":28,"featured_media":0,"parent":0,"menu_order":0,"comment_status":"closed","ping_status":"closed","template":"","meta":{"site-sidebar-layout":"no-sidebar","site-content-layout":"page-builder","ast-global-header-display":"","ast-main-header-display":"","ast-hfb-above-header-display":"","ast-hfb-below-header-display":"","ast-hfb-mobile-header-display":"","site-post-title":"disabled","ast-breadcrumbs-content":"","ast-featured-img":"disabled","footer-sml-layout":"","theme-transparent-header-meta":"","adv-header-id-meta":"","stick-header-meta":"","header-above-stick-meta":"","header-main-stick-meta":"","header-below-stick-meta":"","footnotes":""},"class_list":["post-9613","page","type-page","status-publish","hentry"],"yoast_head":"<!-- This site is optimized with the Yoast SEO Premium plugin v20.5 (Yoast SEO v27.0) - https:\/\/yoast.com\/product\/yoast-seo-premium-wordpress\/ -->\n<title>Beantragen Sie Ihr Visum - NIE Number Fast<\/title>\n<meta name=\"robots\" content=\"index, follow, max-snippet:-1, max-image-preview:large, max-video-preview:-1\" \/>\n<link rel=\"canonical\" href=\"https:\/\/nienumberfast.com\/de\/beantragen-sie-ihr-visum\/\" \/>\n<meta property=\"og:locale\" content=\"de_DE\" \/>\n<meta property=\"og:type\" content=\"article\" \/>\n<meta property=\"og:title\" content=\"Beantragen Sie Ihr Visum\" \/>\n<meta property=\"og:description\" content=\"Beantragen Sie Ihr Visum Non-Lucrative VISA Planen Sie, in Spanien zu leben, ohne zu arbeiten, beispielsweise w\u00e4hrend Ihres Ruhestands, eines Sabbaticals oder eines l\u00e4ngeren Aufenthalts? Vollst\u00e4ndige Antragstellung Vorbereitung und Einreichung Alle Dokumente bearbeitet und geliefert digital Offizielle \u00dcbersetzungen enthalten (Wert 100 \u20ac) Dieses Visum ist ideal, wenn Sie \u00fcber ausreichende finanzielle Mittel verf\u00fcgen und einen &hellip; Beantragen Sie Ihr Visum Read More \u00bb\" \/>\n<meta property=\"og:url\" content=\"https:\/\/nienumberfast.com\/de\/beantragen-sie-ihr-visum\/\" \/>\n<meta property=\"og:site_name\" content=\"NIE Number Fast\" \/>\n<meta name=\"twitter:card\" content=\"summary_large_image\" \/>\n<meta name=\"twitter:label1\" content=\"Gesch\u00e4tzte Lesezeit\" \/>\n\t<meta name=\"twitter:data1\" content=\"1\u00a0Minute\" \/>\n<script type=\"application\/ld+json\" class=\"yoast-schema-graph\">{\"@context\":\"https:\/\/schema.org\",\"@graph\":[{\"@type\":\"WebPage\",\"@id\":\"https:\/\/nienumberfast.com\/de\/beantragen-sie-ihr-visum\/\",\"url\":\"https:\/\/nienumberfast.com\/de\/beantragen-sie-ihr-visum\/\",\"name\":\"Beantragen Sie Ihr Visum - NIE Number Fast\",\"isPartOf\":{\"@id\":\"https:\/\/nienumberfast.com\/#website\"},\"datePublished\":\"2026-02-12T10:24:24+00:00\",\"breadcrumb\":{\"@id\":\"https:\/\/nienumberfast.com\/de\/beantragen-sie-ihr-visum\/#breadcrumb\"},\"inLanguage\":\"de\",\"potentialAction\":[{\"@type\":\"ReadAction\",\"target\":[\"https:\/\/nienumberfast.com\/de\/beantragen-sie-ihr-visum\/\"]}]},{\"@type\":\"BreadcrumbList\",\"@id\":\"https:\/\/nienumberfast.com\/de\/beantragen-sie-ihr-visum\/#breadcrumb\",\"itemListElement\":[{\"@type\":\"ListItem\",\"position\":1,\"name\":\"Home\",\"item\":\"https:\/\/nienumberfast.com\/de\/nie-nummer-schnell-nie-nummer-online-beantragen\/\"},{\"@type\":\"ListItem\",\"position\":2,\"name\":\"Beantragen Sie Ihr Visum\"}]},{\"@type\":\"WebSite\",\"@id\":\"https:\/\/nienumberfast.com\/#website\",\"url\":\"https:\/\/nienumberfast.com\/\",\"name\":\"NIE Number Fast\",\"description\":\"Online NIE Number Application Service\",\"publisher\":{\"@id\":\"https:\/\/nienumberfast.com\/#organization\"},\"potentialAction\":[{\"@type\":\"SearchAction\",\"target\":{\"@type\":\"EntryPoint\",\"urlTemplate\":\"https:\/\/nienumberfast.com\/?s={search_term_string}\"},\"query-input\":{\"@type\":\"PropertyValueSpecification\",\"valueRequired\":true,\"valueName\":\"search_term_string\"}}],\"inLanguage\":\"de\"},{\"@type\":\"Organization\",\"@id\":\"https:\/\/nienumberfast.com\/#organization\",\"name\":\"NIE Number Fast\",\"url\":\"https:\/\/nienumberfast.com\/\",\"logo\":{\"@type\":\"ImageObject\",\"inLanguage\":\"de\",\"@id\":\"https:\/\/nienumberfast.com\/#\/schema\/logo\/image\/\",\"url\":\"https:\/\/nienumberfast.com\/wp-content\/uploads\/2020\/12\/cropped-NIE-Number-Fast-favicon-3.png\",\"contentUrl\":\"https:\/\/nienumberfast.com\/wp-content\/uploads\/2020\/12\/cropped-NIE-Number-Fast-favicon-3.png\",\"width\":335,\"height\":238,\"caption\":\"NIE Number Fast\"},\"image\":{\"@id\":\"https:\/\/nienumberfast.com\/#\/schema\/logo\/image\/\"}}]}<\/script>\n<!-- \/ Yoast SEO Premium plugin. -->","yoast_head_json":{"title":"Beantragen Sie Ihr Visum - NIE Number Fast","robots":{"index":"index","follow":"follow","max-snippet":"max-snippet:-1","max-image-preview":"max-image-preview:large","max-video-preview":"max-video-preview:-1"},"canonical":"https:\/\/nienumberfast.com\/de\/beantragen-sie-ihr-visum\/","og_locale":"de_DE","og_type":"article","og_title":"Beantragen Sie Ihr Visum","og_description":"Beantragen Sie Ihr Visum Non-Lucrative VISA Planen Sie, in Spanien zu leben, ohne zu arbeiten, beispielsweise w\u00e4hrend Ihres Ruhestands, eines Sabbaticals oder eines l\u00e4ngeren Aufenthalts? Vollst\u00e4ndige Antragstellung Vorbereitung und Einreichung Alle Dokumente bearbeitet und geliefert digital Offizielle \u00dcbersetzungen enthalten (Wert 100 \u20ac) Dieses Visum ist ideal, wenn Sie \u00fcber ausreichende finanzielle Mittel verf\u00fcgen und einen &hellip; Beantragen Sie Ihr Visum Read More \u00bb","og_url":"https:\/\/nienumberfast.com\/de\/beantragen-sie-ihr-visum\/","og_site_name":"NIE Number Fast","twitter_card":"summary_large_image","twitter_misc":{"Gesch\u00e4tzte Lesezeit":"1\u00a0Minute"},"schema":{"@context":"https:\/\/schema.org","@graph":[{"@type":"WebPage","@id":"https:\/\/nienumberfast.com\/de\/beantragen-sie-ihr-visum\/","url":"https:\/\/nienumberfast.com\/de\/beantragen-sie-ihr-visum\/","name":"Beantragen Sie Ihr Visum - NIE Number Fast","isPartOf":{"@id":"https:\/\/nienumberfast.com\/#website"},"datePublished":"2026-02-12T10:24:24+00:00","breadcrumb":{"@id":"https:\/\/nienumberfast.com\/de\/beantragen-sie-ihr-visum\/#breadcrumb"},"inLanguage":"de","potentialAction":[{"@type":"ReadAction","target":["https:\/\/nienumberfast.com\/de\/beantragen-sie-ihr-visum\/"]}]},{"@type":"BreadcrumbList","@id":"https:\/\/nienumberfast.com\/de\/beantragen-sie-ihr-visum\/#breadcrumb","itemListElement":[{"@type":"ListItem","position":1,"name":"Home","item":"https:\/\/nienumberfast.com\/de\/nie-nummer-schnell-nie-nummer-online-beantragen\/"},{"@type":"ListItem","position":2,"name":"Beantragen Sie Ihr Visum"}]},{"@type":"WebSite","@id":"https:\/\/nienumberfast.com\/#website","url":"https:\/\/nienumberfast.com\/","name":"NIE Number Fast","description":"Online NIE Number Application Service","publisher":{"@id":"https:\/\/nienumberfast.com\/#organization"},"potentialAction":[{"@type":"SearchAction","target":{"@type":"EntryPoint","urlTemplate":"https:\/\/nienumberfast.com\/?s={search_term_string}"},"query-input":{"@type":"PropertyValueSpecification","valueRequired":true,"valueName":"search_term_string"}}],"inLanguage":"de"},{"@type":"Organization","@id":"https:\/\/nienumberfast.com\/#organization","name":"NIE Number Fast","url":"https:\/\/nienumberfast.com\/","logo":{"@type":"ImageObject","inLanguage":"de","@id":"https:\/\/nienumberfast.com\/#\/schema\/logo\/image\/","url":"https:\/\/nienumberfast.com\/wp-content\/uploads\/2020\/12\/cropped-NIE-Number-Fast-favicon-3.png","contentUrl":"https:\/\/nienumberfast.com\/wp-content\/uploads\/2020\/12\/cropped-NIE-Number-Fast-favicon-3.png","width":335,"height":238,"caption":"NIE Number Fast"},"image":{"@id":"https:\/\/nienumberfast.com\/#\/schema\/logo\/image\/"}}]}},"_links":{"self":[{"href":"https:\/\/nienumberfast.com\/de\/wp-json\/wp\/v2\/pages\/9613","targetHints":{"allow":["GET"]}}],"collection":[{"href":"https:\/\/nienumberfast.com\/de\/wp-json\/wp\/v2\/pages"}],"about":[{"href":"https:\/\/nienumberfast.com\/de\/wp-json\/wp\/v2\/types\/page"}],"author":[{"embeddable":true,"href":"https:\/\/nienumberfast.com\/de\/wp-json\/wp\/v2\/users\/28"}],"replies":[{"embeddable":true,"href":"https:\/\/nienumberfast.com\/de\/wp-json\/wp\/v2\/comments?post=9613"}],"version-history":[{"count":1,"href":"https:\/\/nienumberfast.com\/de\/wp-json\/wp\/v2\/pages\/9613\/revisions"}],"predecessor-version":[{"id":9614,"href":"https:\/\/nienumberfast.com\/de\/wp-json\/wp\/v2\/pages\/9613\/revisions\/9614"}],"wp:attachment":[{"href":"https:\/\/nienumberfast.com\/de\/wp-json\/wp\/v2\/media?parent=9613"}],"curies":[{"name":"wp","href":"https:\/\/api.w.org\/{rel}","templated":true}]}}