{"id":8821,"date":"2026-01-27T18:11:57","date_gmt":"2026-01-27T18:11:57","guid":{"rendered":"https:\/\/nienumberfast.com\/100-nicht-zufrieden-geld-zurueck-garantie\/"},"modified":"2026-01-27T18:11:57","modified_gmt":"2026-01-27T18:11:57","slug":"100-nicht-zufrieden-geld-zurueck-garantie","status":"publish","type":"page","link":"https:\/\/nienumberfast.com\/de\/100-nicht-zufrieden-geld-zurueck-garantie\/","title":{"rendered":"100 % Nicht Zufrieden Geld Zur\u00fcck Garantie"},"content":{"rendered":"\t\t<div data-elementor-type=\"wp-page\" data-elementor-id=\"8821\" class=\"elementor elementor-8821 elementor-1099\" data-elementor-post-type=\"page\">\n\t\t\t\t\t\t<section class=\"elementor-section elementor-top-section elementor-element elementor-element-61230415 elementor-section-boxed elementor-section-height-default elementor-section-height-default\" data-id=\"61230415\" data-element_type=\"section\" data-e-type=\"section\" data-settings=\"{&quot;_ob_glider_is_slider&quot;:&quot;no&quot;}\">\n\t\t\t\t\t\t\t<div class=\"elementor-background-overlay\"><\/div>\n\t\t\t\t\t\t\t<div class=\"elementor-container elementor-column-gap-default\">\n\t\t\t\t\t<div class=\"elementor-column elementor-col-100 elementor-top-column elementor-element elementor-element-81794b2\" data-id=\"81794b2\" data-element_type=\"column\" data-e-type=\"column\" data-settings=\"{&quot;_ob_column_hoveranimator&quot;:&quot;no&quot;,&quot;_ob_column_has_pseudo&quot;:&quot;no&quot;}\">\n\t\t\t<div class=\"elementor-widget-wrap elementor-element-populated\">\n\t\t\t\t\t\t<div class=\"elementor-element elementor-element-72079bc9 ob-harakiri-inherit ob-has-background-overlay elementor-widget elementor-widget-text-editor\" data-id=\"72079bc9\" data-element_type=\"widget\" data-e-type=\"widget\" data-settings=\"{&quot;_ob_use_harakiri&quot;:&quot;yes&quot;,&quot;_ob_harakiri_writing_mode&quot;:&quot;inherit&quot;,&quot;_ob_postman_use&quot;:&quot;no&quot;,&quot;_ob_widget_stalker_use&quot;:&quot;no&quot;,&quot;_ob_poopart_use&quot;:&quot;yes&quot;,&quot;_ob_shadough_use&quot;:&quot;no&quot;,&quot;_ob_allow_hoveranimator&quot;:&quot;no&quot;}\" data-widget_type=\"text-editor.default\">\n\t\t\t\t<div class=\"elementor-widget-container\">\n\t\t\t\t\t\t\t\t\t<h1>Geld-zur\u00fcck-Garantie<\/h1>\n<p>Eine spanische NIE-Nummer ist eine Vertrauenssache, und wir m\u00f6chten, dass Sie zu 100 % zufrieden sind. Deshalb bieten wir Ihnen diese Geld-zur\u00fcck-Garantie unter den folgenden Bedingungen an: <\/p>\n<p><strong>Voraussetzung: <\/strong><br \/>Sie \u00fcbermitteln uns die erforderlichen Unterlagen in der gew\u00fcnschten Form und in vollst\u00e4ndiger Form. Keine R\u00fcckerstattung: Wenn Ihr Antrag bereits in Bearbeitung ist a16&gt; und Sie den Antrag aus pers\u00f6nlichen Gr\u00fcnden stornieren m\u00f6chten. Wenn Ihr Antrag vor mehr als 4 Wochen bei uns eingereicht wurde.  <\/p>\n<p style=\"font-size: 18px; font-style: normal; font-weight: 400;\">Wenn die Beh\u00f6rde Ihre NIE-Nummer Antrag ablehnt oder neue Anforderungen stellt, handelt es sich um einen Fall h\u00f6herer Gewalt seitens NIE Number Fast SL. <span style=\"font-size: 18px;\">Wir versuchen dann gemeinsam mit Ihnen eine passende L\u00f6sung zu finden.<\/span><\/p>\n\t\t\t\t\t\t\t\t<\/div>\n\t\t\t\t<\/div>\n\t\t\t\t<div class=\"elementor-element elementor-element-cb559a7 elementor-align-left ob-has-background-overlay elementor-widget elementor-widget-global elementor-global-5526 elementor-widget-button\" data-id=\"cb559a7\" data-element_type=\"widget\" data-e-type=\"widget\" data-settings=\"{&quot;_ob_butterbutton_use_it&quot;:&quot;no&quot;,&quot;_ob_widget_stalker_use&quot;:&quot;no&quot;,&quot;_ob_poopart_use&quot;:&quot;yes&quot;,&quot;_ob_shadough_use&quot;:&quot;no&quot;,&quot;_ob_allow_hoveranimator&quot;:&quot;no&quot;}\" data-widget_type=\"button.default\">\n\t\t\t\t<div class=\"elementor-widget-container\">\n\t\t\t\t\t\t\t\t\t<div class=\"elementor-button-wrapper\">\n\t\t\t\t\t<a class=\"elementor-button elementor-button-link elementor-size-md\" href=\"https:\/\/nienumberfast.com\/nl#price\">\n\t\t\t\t\t\t<span class=\"elementor-button-content-wrapper\">\n\t\t\t\t\t\t<span class=\"elementor-button-icon\">\n\t\t\t\t<i aria-hidden=\"true\" class=\"fas fa-chevron-right\"><\/i>\t\t\t<\/span>\n\t\t\t\t\t\t\t\t\t<span class=\"elementor-button-text\">NIE-nummer aanvragen<\/span>\n\t\t\t\t\t<\/span>\n\t\t\t\t\t<\/a>\n\t\t\t\t<\/div>\n\t\t\t\t\t\t\t\t<\/div>\n\t\t\t\t<\/div>\n\t\t\t\t<div class=\"elementor-element elementor-element-31f1d6e ob-harakiri-inherit ob-has-background-overlay elementor-widget elementor-widget-global elementor-global-5529 elementor-widget-text-editor\" data-id=\"31f1d6e\" data-element_type=\"widget\" data-e-type=\"widget\" data-settings=\"{&quot;_ob_use_harakiri&quot;:&quot;yes&quot;,&quot;_ob_harakiri_writing_mode&quot;:&quot;inherit&quot;,&quot;_ob_postman_use&quot;:&quot;no&quot;,&quot;_ob_widget_stalker_use&quot;:&quot;no&quot;,&quot;_ob_poopart_use&quot;:&quot;yes&quot;,&quot;_ob_shadough_use&quot;:&quot;no&quot;,&quot;_ob_allow_hoveranimator&quot;:&quot;no&quot;}\" data-widget_type=\"text-editor.default\">\n\t\t\t\t<div class=\"elementor-widget-container\">\n\t\t\t\t\t\t\t\t\t<p>* Klaar in 3 minuten<\/p><p>\u00a0<\/p>\t\t\t\t\t\t\t\t<\/div>\n\t\t\t\t<\/div>\n\t\t\t\t<div class=\"elementor-element elementor-element-a6983bb ob-has-background-overlay elementor-widget elementor-widget-shortcode\" data-id=\"a6983bb\" data-element_type=\"widget\" data-e-type=\"widget\" data-settings=\"{&quot;_ob_widget_stalker_use&quot;:&quot;no&quot;,&quot;_ob_poopart_use&quot;:&quot;yes&quot;,&quot;_ob_shadough_use&quot;:&quot;no&quot;,&quot;_ob_allow_hoveranimator&quot;:&quot;no&quot;}\" data-widget_type=\"shortcode.default\">\n\t\t\t\t<div class=\"elementor-widget-container\">\n\t\t\t\t\t\t\t<div class=\"elementor-shortcode\"><div data-src=\"https:\/\/cdn.trustindex.io\/loader.js?57a62cb28ecc4197f85f7977fd\"><\/div><\/div>\n\t\t\t\t\t\t<\/div>\n\t\t\t\t<\/div>\n\t\t\t\t\t<\/div>\n\t\t<\/div>\n\t\t\t\t\t<\/div>\n\t\t<\/section>\n\t\t\t\t<\/div>\n\t\t","protected":false},"excerpt":{"rendered":"<p>Geld-zur\u00fcck-Garantie Eine spanische NIE-Nummer ist eine Vertrauenssache, und wir m\u00f6chten, dass Sie zu 100 % zufrieden sind. Deshalb bieten wir Ihnen diese Geld-zur\u00fcck-Garantie unter den folgenden Bedingungen an: Voraussetzung: Sie \u00fcbermitteln uns die erforderlichen Unterlagen in der gew\u00fcnschten Form und in vollst\u00e4ndiger Form. Keine R\u00fcckerstattung: Wenn Ihr Antrag bereits in Bearbeitung ist a16&gt; und Sie &hellip;<\/p>\n<p class=\"read-more\"> <a class=\"\" href=\"https:\/\/nienumberfast.com\/de\/100-nicht-zufrieden-geld-zurueck-garantie\/\"> <span class=\"screen-reader-text\">100 % Nicht Zufrieden Geld Zur\u00fcck Garantie<\/span> Read More \u00bb<\/a><\/p>\n","protected":false},"author":1,"featured_media":0,"parent":0,"menu_order":0,"comment_status":"closed","ping_status":"closed","template":"","meta":{"site-sidebar-layout":"no-sidebar","site-content-layout":"page-builder","ast-global-header-display":"","ast-main-header-display":"","ast-hfb-above-header-display":"","ast-hfb-below-header-display":"","ast-hfb-mobile-header-display":"","site-post-title":"disabled","ast-breadcrumbs-content":"","ast-featured-img":"disabled","footer-sml-layout":"","theme-transparent-header-meta":"default","adv-header-id-meta":"","stick-header-meta":"default","header-above-stick-meta":"","header-main-stick-meta":"","header-below-stick-meta":"","footnotes":""},"class_list":["post-8821","page","type-page","status-publish","hentry"],"yoast_head":"<!-- This site is optimized with the Yoast SEO Premium plugin v20.5 (Yoast SEO v27.0) - https:\/\/yoast.com\/product\/yoast-seo-premium-wordpress\/ -->\n<title>100 % Nicht Zufrieden Geld Zur\u00fcck Garantie<\/title>\n<meta name=\"description\" content=\"Eine NIE-Nummer ist eine Vertrauenssache, und wir m\u00f6chten, dass Sie zu 100 % zufrieden sind. Deshalb bieten wir Ihnen eine Geld-zur\u00fcck-Garantie.\" \/>\n<meta name=\"robots\" content=\"index, follow, max-snippet:-1, max-image-preview:large, max-video-preview:-1\" \/>\n<link rel=\"canonical\" href=\"https:\/\/nienumberfast.com\/de\/100-nicht-zufrieden-geld-zurueck-garantie\/\" \/>\n<meta property=\"og:locale\" content=\"de_DE\" \/>\n<meta property=\"og:type\" content=\"article\" \/>\n<meta property=\"og:title\" content=\"100 % Nicht Zufrieden Geld Zur\u00fcck Garantie\" \/>\n<meta property=\"og:description\" content=\"Eine NIE-Nummer ist eine Vertrauenssache, und wir m\u00f6chten, dass Sie zu 100 % zufrieden sind. Deshalb bieten wir Ihnen eine Geld-zur\u00fcck-Garantie.\" \/>\n<meta property=\"og:url\" content=\"https:\/\/nienumberfast.com\/de\/100-nicht-zufrieden-geld-zurueck-garantie\/\" \/>\n<meta property=\"og:site_name\" content=\"NIE Number Fast\" \/>\n<meta name=\"twitter:card\" content=\"summary_large_image\" \/>\n<meta name=\"twitter:label1\" content=\"Gesch\u00e4tzte Lesezeit\" \/>\n\t<meta name=\"twitter:data1\" content=\"1\u00a0Minute\" \/>\n<script type=\"application\/ld+json\" class=\"yoast-schema-graph\">{\"@context\":\"https:\/\/schema.org\",\"@graph\":[{\"@type\":\"WebPage\",\"@id\":\"https:\/\/nienumberfast.com\/de\/100-nicht-zufrieden-geld-zurueck-garantie\/\",\"url\":\"https:\/\/nienumberfast.com\/de\/100-nicht-zufrieden-geld-zurueck-garantie\/\",\"name\":\"100 % Nicht Zufrieden Geld Zur\u00fcck Garantie\",\"isPartOf\":{\"@id\":\"https:\/\/nienumberfast.com\/#website\"},\"datePublished\":\"2026-01-27T18:11:57+00:00\",\"description\":\"Eine NIE-Nummer ist eine Vertrauenssache, und wir m\u00f6chten, dass Sie zu 100 % zufrieden sind. Deshalb bieten wir Ihnen eine Geld-zur\u00fcck-Garantie.\",\"breadcrumb\":{\"@id\":\"https:\/\/nienumberfast.com\/de\/100-nicht-zufrieden-geld-zurueck-garantie\/#breadcrumb\"},\"inLanguage\":\"de\",\"potentialAction\":[{\"@type\":\"ReadAction\",\"target\":[\"https:\/\/nienumberfast.com\/de\/100-nicht-zufrieden-geld-zurueck-garantie\/\"]}]},{\"@type\":\"BreadcrumbList\",\"@id\":\"https:\/\/nienumberfast.com\/de\/100-nicht-zufrieden-geld-zurueck-garantie\/#breadcrumb\",\"itemListElement\":[{\"@type\":\"ListItem\",\"position\":1,\"name\":\"Home\",\"item\":\"https:\/\/nienumberfast.com\/de\/nie-nummer-schnell-nie-nummer-online-beantragen\/\"},{\"@type\":\"ListItem\",\"position\":2,\"name\":\"100 % Nicht Zufrieden Geld Zur\u00fcck Garantie\"}]},{\"@type\":\"WebSite\",\"@id\":\"https:\/\/nienumberfast.com\/#website\",\"url\":\"https:\/\/nienumberfast.com\/\",\"name\":\"NIE Number Fast\",\"description\":\"Online NIE Number Application Service\",\"publisher\":{\"@id\":\"https:\/\/nienumberfast.com\/#organization\"},\"potentialAction\":[{\"@type\":\"SearchAction\",\"target\":{\"@type\":\"EntryPoint\",\"urlTemplate\":\"https:\/\/nienumberfast.com\/?s={search_term_string}\"},\"query-input\":{\"@type\":\"PropertyValueSpecification\",\"valueRequired\":true,\"valueName\":\"search_term_string\"}}],\"inLanguage\":\"de\"},{\"@type\":\"Organization\",\"@id\":\"https:\/\/nienumberfast.com\/#organization\",\"name\":\"NIE Number Fast\",\"url\":\"https:\/\/nienumberfast.com\/\",\"logo\":{\"@type\":\"ImageObject\",\"inLanguage\":\"de\",\"@id\":\"https:\/\/nienumberfast.com\/#\/schema\/logo\/image\/\",\"url\":\"https:\/\/nienumberfast.com\/wp-content\/uploads\/2020\/12\/cropped-NIE-Number-Fast-favicon-3.png\",\"contentUrl\":\"https:\/\/nienumberfast.com\/wp-content\/uploads\/2020\/12\/cropped-NIE-Number-Fast-favicon-3.png\",\"width\":335,\"height\":238,\"caption\":\"NIE Number Fast\"},\"image\":{\"@id\":\"https:\/\/nienumberfast.com\/#\/schema\/logo\/image\/\"}}]}<\/script>\n<!-- \/ Yoast SEO Premium plugin. -->","yoast_head_json":{"title":"100 % Nicht Zufrieden Geld Zur\u00fcck Garantie","description":"Eine NIE-Nummer ist eine Vertrauenssache, und wir m\u00f6chten, dass Sie zu 100 % zufrieden sind. Deshalb bieten wir Ihnen eine Geld-zur\u00fcck-Garantie.","robots":{"index":"index","follow":"follow","max-snippet":"max-snippet:-1","max-image-preview":"max-image-preview:large","max-video-preview":"max-video-preview:-1"},"canonical":"https:\/\/nienumberfast.com\/de\/100-nicht-zufrieden-geld-zurueck-garantie\/","og_locale":"de_DE","og_type":"article","og_title":"100 % Nicht Zufrieden Geld Zur\u00fcck Garantie","og_description":"Eine NIE-Nummer ist eine Vertrauenssache, und wir m\u00f6chten, dass Sie zu 100 % zufrieden sind. Deshalb bieten wir Ihnen eine Geld-zur\u00fcck-Garantie.","og_url":"https:\/\/nienumberfast.com\/de\/100-nicht-zufrieden-geld-zurueck-garantie\/","og_site_name":"NIE Number Fast","twitter_card":"summary_large_image","twitter_misc":{"Gesch\u00e4tzte Lesezeit":"1\u00a0Minute"},"schema":{"@context":"https:\/\/schema.org","@graph":[{"@type":"WebPage","@id":"https:\/\/nienumberfast.com\/de\/100-nicht-zufrieden-geld-zurueck-garantie\/","url":"https:\/\/nienumberfast.com\/de\/100-nicht-zufrieden-geld-zurueck-garantie\/","name":"100 % Nicht Zufrieden Geld Zur\u00fcck Garantie","isPartOf":{"@id":"https:\/\/nienumberfast.com\/#website"},"datePublished":"2026-01-27T18:11:57+00:00","description":"Eine NIE-Nummer ist eine Vertrauenssache, und wir m\u00f6chten, dass Sie zu 100 % zufrieden sind. Deshalb bieten wir Ihnen eine Geld-zur\u00fcck-Garantie.","breadcrumb":{"@id":"https:\/\/nienumberfast.com\/de\/100-nicht-zufrieden-geld-zurueck-garantie\/#breadcrumb"},"inLanguage":"de","potentialAction":[{"@type":"ReadAction","target":["https:\/\/nienumberfast.com\/de\/100-nicht-zufrieden-geld-zurueck-garantie\/"]}]},{"@type":"BreadcrumbList","@id":"https:\/\/nienumberfast.com\/de\/100-nicht-zufrieden-geld-zurueck-garantie\/#breadcrumb","itemListElement":[{"@type":"ListItem","position":1,"name":"Home","item":"https:\/\/nienumberfast.com\/de\/nie-nummer-schnell-nie-nummer-online-beantragen\/"},{"@type":"ListItem","position":2,"name":"100 % Nicht Zufrieden Geld Zur\u00fcck Garantie"}]},{"@type":"WebSite","@id":"https:\/\/nienumberfast.com\/#website","url":"https:\/\/nienumberfast.com\/","name":"NIE Number Fast","description":"Online NIE Number Application Service","publisher":{"@id":"https:\/\/nienumberfast.com\/#organization"},"potentialAction":[{"@type":"SearchAction","target":{"@type":"EntryPoint","urlTemplate":"https:\/\/nienumberfast.com\/?s={search_term_string}"},"query-input":{"@type":"PropertyValueSpecification","valueRequired":true,"valueName":"search_term_string"}}],"inLanguage":"de"},{"@type":"Organization","@id":"https:\/\/nienumberfast.com\/#organization","name":"NIE Number Fast","url":"https:\/\/nienumberfast.com\/","logo":{"@type":"ImageObject","inLanguage":"de","@id":"https:\/\/nienumberfast.com\/#\/schema\/logo\/image\/","url":"https:\/\/nienumberfast.com\/wp-content\/uploads\/2020\/12\/cropped-NIE-Number-Fast-favicon-3.png","contentUrl":"https:\/\/nienumberfast.com\/wp-content\/uploads\/2020\/12\/cropped-NIE-Number-Fast-favicon-3.png","width":335,"height":238,"caption":"NIE Number Fast"},"image":{"@id":"https:\/\/nienumberfast.com\/#\/schema\/logo\/image\/"}}]}},"_links":{"self":[{"href":"https:\/\/nienumberfast.com\/de\/wp-json\/wp\/v2\/pages\/8821","targetHints":{"allow":["GET"]}}],"collection":[{"href":"https:\/\/nienumberfast.com\/de\/wp-json\/wp\/v2\/pages"}],"about":[{"href":"https:\/\/nienumberfast.com\/de\/wp-json\/wp\/v2\/types\/page"}],"author":[{"embeddable":true,"href":"https:\/\/nienumberfast.com\/de\/wp-json\/wp\/v2\/users\/1"}],"replies":[{"embeddable":true,"href":"https:\/\/nienumberfast.com\/de\/wp-json\/wp\/v2\/comments?post=8821"}],"version-history":[{"count":1,"href":"https:\/\/nienumberfast.com\/de\/wp-json\/wp\/v2\/pages\/8821\/revisions"}],"predecessor-version":[{"id":8822,"href":"https:\/\/nienumberfast.com\/de\/wp-json\/wp\/v2\/pages\/8821\/revisions\/8822"}],"wp:attachment":[{"href":"https:\/\/nienumberfast.com\/de\/wp-json\/wp\/v2\/media?parent=8821"}],"curies":[{"name":"wp","href":"https:\/\/api.w.org\/{rel}","templated":true}]}}